{"id":926,"date":"2013-06-12T17:39:55","date_gmt":"2013-06-12T15:39:55","guid":{"rendered":"http:\/\/www.ac-germania.com\/A_ACG\/wordpress\/?page_id=926"},"modified":"2013-06-12T17:39:55","modified_gmt":"2013-06-12T15:39:55","slug":"2000-1-mannschaft","status":"publish","type":"page","link":"https:\/\/www.ac-germania.com\/?page_id=926","title":{"rendered":"2000 | 1. Mannschaft"},"content":{"rendered":"<h2 style=\"text-align: center;\"><strong>Kader 1. Mannschaft 2000 |\u00a0Th\u00fcringenliga<\/strong><\/h2>\n<p style=\"text-align: center;\"><img loading=\"lazy\" decoding=\"async\" class=\"aligncenter size-full wp-image-762\" style=\"border: 1px solid black;\" alt=\"2000-ACG-Team-Thueringenliga\" src=\"https:\/\/www.ac-germania.com\/A_ACG\/wordpress\/wp-content\/uploads\/2013\/06\/2000-ACG-Team-Thueringenliga11.jpg\" width=\"542\" height=\"455\" \/><\/p>\n<p style=\"text-align: center;\">Obere Reihe (v.l.): Toni Heidenreich, Steffen Steinbr\u00fcck, Marcel T\u00f6pfer, Christoph Reinshaus, Mario Panitzsch, Alexander Reinshaus, Steffen Wengel, Michael Getschmann, Jean H\u00f6rig<br \/>\nUntere Reihe (v.l.): Swen Nickel, Tobias Pabst, Stephan Knopf, Heiko Kupfernagel<\/p>\n<p style=\"text-align: center;\">\n","protected":false},"excerpt":{"rendered":"<p>Kader 1. Mannschaft 2000 |\u00a0Th\u00fcringenliga Obere Reihe (v.l.): Toni Heidenreich, Steffen Steinbr\u00fcck, Marcel T\u00f6pfer, Christoph Reinshaus, Mario Panitzsch, Alexander Reinshaus, Steffen Wengel, Michael Getschmann, Jean H\u00f6rig Untere Reihe (v.l.): Swen Nickel, Tobias Pabst, Stephan Knopf, Heiko Kupfernagel<\/p>\n","protected":false},"author":1,"featured_media":0,"parent":178,"menu_order":0,"comment_status":"closed","ping_status":"closed","template":"template-onecolumn.php","meta":{"footnotes":""},"class_list":["post-926","page","type-page","status-publish","hentry"],"_links":{"self":[{"href":"https:\/\/www.ac-germania.com\/index.php?rest_route=\/wp\/v2\/pages\/926","targetHints":{"allow":["GET"]}}],"collection":[{"href":"https:\/\/www.ac-germania.com\/index.php?rest_route=\/wp\/v2\/pages"}],"about":[{"href":"https:\/\/www.ac-germania.com\/index.php?rest_route=\/wp\/v2\/types\/page"}],"author":[{"embeddable":true,"href":"https:\/\/www.ac-germania.com\/index.php?rest_route=\/wp\/v2\/users\/1"}],"replies":[{"embeddable":true,"href":"https:\/\/www.ac-germania.com\/index.php?rest_route=%2Fwp%2Fv2%2Fcomments&post=926"}],"version-history":[{"count":0,"href":"https:\/\/www.ac-germania.com\/index.php?rest_route=\/wp\/v2\/pages\/926\/revisions"}],"up":[{"embeddable":true,"href":"https:\/\/www.ac-germania.com\/index.php?rest_route=\/wp\/v2\/pages\/178"}],"wp:attachment":[{"href":"https:\/\/www.ac-germania.com\/index.php?rest_route=%2Fwp%2Fv2%2Fmedia&parent=926"}],"curies":[{"name":"wp","href":"https:\/\/api.w.org\/{rel}","templated":true}]}}