{"id":871,"date":"2013-06-12T16:54:29","date_gmt":"2013-06-12T14:54:29","guid":{"rendered":"http:\/\/www.ac-germania.com\/A_ACG\/wordpress\/?page_id=871"},"modified":"2013-06-26T14:47:30","modified_gmt":"2013-06-26T12:47:30","slug":"2003-1-mannschaft","status":"publish","type":"page","link":"https:\/\/www.ac-germania.com\/?page_id=871","title":{"rendered":"2003 | 1. Mannschaft"},"content":{"rendered":"<h2 style=\"text-align: center;\"><strong>Kader 1. Mannschaft 2003 | Regionalliga Mitteldeutschland<\/strong><\/h2>\n<p style=\"text-align: center;\"><img loading=\"lazy\" decoding=\"async\" class=\"aligncenter  wp-image-758\" style=\"border: 1px solid black;\" alt=\"2003-ACG-Team-Regionalliga-1\" src=\"https:\/\/www.ac-germania.com\/A_ACG\/wordpress\/wp-content\/uploads\/2013\/06\/2003-ACG-Team-Regionalliga-111.jpg\" width=\"1050\" height=\"496\" \/><\/p>\n<p style=\"text-align: center;\">Obere Reihe (v.l.): Steffen G\u00fcnther (Trainer), Marcel Hunger, Steffen Steinbr\u00fcck, Swen Nickel, Norman Finke, Mario Panitzsch, Heiko Kupfernagel, Christian N\u00e4ther, Alexander Reinshaus, Christoph Reinshaus, Michael Getschmann<br \/>\nUntere Reihe (v.l.): Jan Scholz, Stephan Grimm, Steve Brylla, Tobias Boeck, Stephan Knopf, Tobias Pabst, Tilo Frisch, Frank Riese<\/p>\n<p style=\"text-align: center;\"><img decoding=\"async\" class=\"aligncenter  wp-image-759\" alt=\"2003-ACG-Team-Regionalliga-2\" src=\"https:\/\/www.ac-germania.com\/A_ACG\/wordpress\/wp-content\/uploads\/2013\/06\/2003-ACG-Team-Regionalliga-2.jpg\" \/><\/p>\n<p style=\"text-align: center;\">Obere Reihe (v.l.):\u00a0Jan Scholz, Tilo Frisch, Stephan Knopf, Tobias Pabst, Steve Brylla, Frank Riese, Tobias Boeck, Norman Finke, Maik Neubauer, Mario Panitzsch, Michael Getschmann<br \/>\nUntere Reihe (v.l.): Christian N\u00e4ther, Christoph Reinshaus, Marko Eichentopf, Steffen Wengel, Swen Nickel, Steffen Steinbr\u00fcck<\/p>\n","protected":false},"excerpt":{"rendered":"<p>Kader 1. Mannschaft 2003 | Regionalliga Mitteldeutschland Obere Reihe (v.l.): Steffen G\u00fcnther (Trainer), Marcel Hunger, Steffen Steinbr\u00fcck, Swen Nickel, Norman Finke, Mario Panitzsch, Heiko Kupfernagel, Christian N\u00e4ther, Alexander Reinshaus, Christoph Reinshaus, Michael Getschmann Untere Reihe (v.l.): Jan Scholz, Stephan Grimm, Steve Brylla, Tobias Boeck, Stephan Knopf, Tobias Pabst, Tilo Frisch, \u2026 <a class=\"continue-reading-link\" href=\"https:\/\/www.ac-germania.com\/?page_id=871\">Weiterlesen <span class=\"meta-nav\">&rarr; <\/span><\/a><\/p>\n","protected":false},"author":1,"featured_media":0,"parent":178,"menu_order":0,"comment_status":"closed","ping_status":"closed","template":"template-onecolumn.php","meta":{"footnotes":""},"class_list":["post-871","page","type-page","status-publish","hentry"],"_links":{"self":[{"href":"https:\/\/www.ac-germania.com\/index.php?rest_route=\/wp\/v2\/pages\/871","targetHints":{"allow":["GET"]}}],"collection":[{"href":"https:\/\/www.ac-germania.com\/index.php?rest_route=\/wp\/v2\/pages"}],"about":[{"href":"https:\/\/www.ac-germania.com\/index.php?rest_route=\/wp\/v2\/types\/page"}],"author":[{"embeddable":true,"href":"https:\/\/www.ac-germania.com\/index.php?rest_route=\/wp\/v2\/users\/1"}],"replies":[{"embeddable":true,"href":"https:\/\/www.ac-germania.com\/index.php?rest_route=%2Fwp%2Fv2%2Fcomments&post=871"}],"version-history":[{"count":0,"href":"https:\/\/www.ac-germania.com\/index.php?rest_route=\/wp\/v2\/pages\/871\/revisions"}],"up":[{"embeddable":true,"href":"https:\/\/www.ac-germania.com\/index.php?rest_route=\/wp\/v2\/pages\/178"}],"wp:attachment":[{"href":"https:\/\/www.ac-germania.com\/index.php?rest_route=%2Fwp%2Fv2%2Fmedia&parent=871"}],"curies":[{"name":"wp","href":"https:\/\/api.w.org\/{rel}","templated":true}]}}