{"id":862,"date":"2013-06-12T16:44:26","date_gmt":"2013-06-12T14:44:26","guid":{"rendered":"http:\/\/www.ac-germania.com\/A_ACG\/wordpress\/?page_id=862"},"modified":"2013-06-12T16:44:26","modified_gmt":"2013-06-12T14:44:26","slug":"2004-1-mannschaft","status":"publish","type":"page","link":"https:\/\/www.ac-germania.com\/?page_id=862","title":{"rendered":"2004 | 1. Mannschaft"},"content":{"rendered":"<h2 style=\"text-align: center;\"><strong>Kader 1. Mannschaft 2004 | Regionalliga Mitteldeutschland<\/strong><\/h2>\n<p style=\"text-align: center;\"><img loading=\"lazy\" decoding=\"async\" class=\"aligncenter  wp-image-757\" style=\"border: 1px solid black;\" alt=\"2004-ACG-Team-Regionalliga\" src=\"https:\/\/www.ac-germania.com\/A_ACG\/wordpress\/wp-content\/uploads\/2013\/06\/2004-ACG-Team-Regionalliga11.jpg\" width=\"1050\" height=\"515\" \/><\/p>\n<p style=\"text-align: center;\">Obere Reihe (v.l.): Tobias Boeck, Tilo Frisch, Martin Mach, Heiko Kupfernagel, Mario Panitzsch, Maik Oppermann, Swen Nickel, Michael Getschmann, Robert Fuchs, Marcel Hunger, Steffen Steinbr\u00fcck<br \/>\nUntere Reihe (v.l.): Gerhardt G\u00fcnther (Trainer), Stephan Knopf, Andre G\u00fcnther, Stephan Grimm, Jan Scholz, Maik Neubauer, Steve Brylla, Tobias Pabst, Marko Eichentopf, Norman Finke, Christian Oppermann, Daniel Geist, Steffen G\u00fcnther (Trainer)<\/p>\n","protected":false},"excerpt":{"rendered":"<p>Kader 1. Mannschaft 2004 | Regionalliga Mitteldeutschland Obere Reihe (v.l.): Tobias Boeck, Tilo Frisch, Martin Mach, Heiko Kupfernagel, Mario Panitzsch, Maik Oppermann, Swen Nickel, Michael Getschmann, Robert Fuchs, Marcel Hunger, Steffen Steinbr\u00fcck Untere Reihe (v.l.): Gerhardt G\u00fcnther (Trainer), Stephan Knopf, Andre G\u00fcnther, Stephan Grimm, Jan Scholz, Maik Neubauer, Steve Brylla, \u2026 <a class=\"continue-reading-link\" href=\"https:\/\/www.ac-germania.com\/?page_id=862\">Weiterlesen <span class=\"meta-nav\">&rarr; <\/span><\/a><\/p>\n","protected":false},"author":1,"featured_media":0,"parent":178,"menu_order":0,"comment_status":"closed","ping_status":"closed","template":"template-onecolumn.php","meta":{"footnotes":""},"class_list":["post-862","page","type-page","status-publish","hentry"],"_links":{"self":[{"href":"https:\/\/www.ac-germania.com\/index.php?rest_route=\/wp\/v2\/pages\/862","targetHints":{"allow":["GET"]}}],"collection":[{"href":"https:\/\/www.ac-germania.com\/index.php?rest_route=\/wp\/v2\/pages"}],"about":[{"href":"https:\/\/www.ac-germania.com\/index.php?rest_route=\/wp\/v2\/types\/page"}],"author":[{"embeddable":true,"href":"https:\/\/www.ac-germania.com\/index.php?rest_route=\/wp\/v2\/users\/1"}],"replies":[{"embeddable":true,"href":"https:\/\/www.ac-germania.com\/index.php?rest_route=%2Fwp%2Fv2%2Fcomments&post=862"}],"version-history":[{"count":0,"href":"https:\/\/www.ac-germania.com\/index.php?rest_route=\/wp\/v2\/pages\/862\/revisions"}],"up":[{"embeddable":true,"href":"https:\/\/www.ac-germania.com\/index.php?rest_route=\/wp\/v2\/pages\/178"}],"wp:attachment":[{"href":"https:\/\/www.ac-germania.com\/index.php?rest_route=%2Fwp%2Fv2%2Fmedia&parent=862"}],"curies":[{"name":"wp","href":"https:\/\/api.w.org\/{rel}","templated":true}]}}