{"id":835,"date":"2013-06-04T17:37:38","date_gmt":"2013-06-04T15:37:38","guid":{"rendered":"http:\/\/www.ac-germania.com\/A_ACG\/wordpress\/?page_id=835"},"modified":"2013-06-04T17:37:38","modified_gmt":"2013-06-04T15:37:38","slug":"2006-2-mannschaft","status":"publish","type":"page","link":"https:\/\/www.ac-germania.com\/?page_id=835","title":{"rendered":"2006 | 2. Mannschaft"},"content":{"rendered":"<h2 style=\"text-align: center;\"><strong>Kader 2. Mannschaft 2006 | Oberliga Sachsen-Anhalt<\/strong><\/h2>\n<p style=\"text-align: center;\"><img loading=\"lazy\" decoding=\"async\" class=\"aligncenter  wp-image-754\" style=\"border: 1px solid black;\" alt=\"2006-ACG-Team-Oberliga\" src=\"https:\/\/www.ac-germania.com\/A_ACG\/wordpress\/wp-content\/uploads\/2013\/06\/2006-ACG-Team-Oberliga11.jpg\" width=\"1050\" height=\"557\" \/><\/p>\n<p style=\"text-align: center;\">Obere Reihe (v.l.): Gerhardt G\u00fcnther (Trainer), Norman Finke, Mario Panitzsch, Ken Finke, Thomas Sch\u00f6neck, Marcel M\u00fcnchhoff, Philip Mayer,<br \/>\nUntere Reihe (v.l.): Heiko Kupfernagel, Stephan Grimm, Konstantin Kersten, Tobias Pabst, Daniel Olszewski<\/p>\n","protected":false},"excerpt":{"rendered":"<p>Kader 2. Mannschaft 2006 | Oberliga Sachsen-Anhalt Obere Reihe (v.l.): Gerhardt G\u00fcnther (Trainer), Norman Finke, Mario Panitzsch, Ken Finke, Thomas Sch\u00f6neck, Marcel M\u00fcnchhoff, Philip Mayer, Untere Reihe (v.l.): Heiko Kupfernagel, Stephan Grimm, Konstantin Kersten, Tobias Pabst, Daniel Olszewski<\/p>\n","protected":false},"author":1,"featured_media":0,"parent":178,"menu_order":0,"comment_status":"closed","ping_status":"closed","template":"template-onecolumn.php","meta":{"footnotes":""},"class_list":["post-835","page","type-page","status-publish","hentry"],"_links":{"self":[{"href":"https:\/\/www.ac-germania.com\/index.php?rest_route=\/wp\/v2\/pages\/835","targetHints":{"allow":["GET"]}}],"collection":[{"href":"https:\/\/www.ac-germania.com\/index.php?rest_route=\/wp\/v2\/pages"}],"about":[{"href":"https:\/\/www.ac-germania.com\/index.php?rest_route=\/wp\/v2\/types\/page"}],"author":[{"embeddable":true,"href":"https:\/\/www.ac-germania.com\/index.php?rest_route=\/wp\/v2\/users\/1"}],"replies":[{"embeddable":true,"href":"https:\/\/www.ac-germania.com\/index.php?rest_route=%2Fwp%2Fv2%2Fcomments&post=835"}],"version-history":[{"count":0,"href":"https:\/\/www.ac-germania.com\/index.php?rest_route=\/wp\/v2\/pages\/835\/revisions"}],"up":[{"embeddable":true,"href":"https:\/\/www.ac-germania.com\/index.php?rest_route=\/wp\/v2\/pages\/178"}],"wp:attachment":[{"href":"https:\/\/www.ac-germania.com\/index.php?rest_route=%2Fwp%2Fv2%2Fmedia&parent=835"}],"curies":[{"name":"wp","href":"https:\/\/api.w.org\/{rel}","templated":true}]}}