{"id":780,"date":"2013-06-04T12:48:51","date_gmt":"2013-06-04T10:48:51","guid":{"rendered":"http:\/\/www.ac-germania.com\/A_ACG\/wordpress\/?page_id=780"},"modified":"2013-06-04T12:48:51","modified_gmt":"2013-06-04T10:48:51","slug":"2009-1-mannschaft","status":"publish","type":"page","link":"https:\/\/www.ac-germania.com\/?page_id=780","title":{"rendered":"2009 | 1. Mannschaft"},"content":{"rendered":"<h2 style=\"text-align: center;\"><strong>Kader 1. Mannschaft 2009 |\u00a0Oberliga Nord-Ost<\/strong><\/h2>\n<p style=\"text-align: center;\"><img loading=\"lazy\" decoding=\"async\" class=\"aligncenter  wp-image-743\" style=\"border: 1px solid black;\" alt=\"2009-ACG-Team-Oberliga\" src=\"https:\/\/www.ac-germania.com\/A_ACG\/wordpress\/wp-content\/uploads\/2013\/06\/2009-ACG-Team-Oberliga-105011.jpg\" width=\"2263\" height=\"1214\" \/><\/p>\n<p style=\"text-align: center;\">Obere Reihe (v.l.): Michael Getschmann (Trainer),\u00a0Marion Kersten (Mannschafts\u00e4rztin), Sebastian Paul, Lothar Finke (Betreuer), Konstantin Kersten, Philip Schr\u00f6der, Martin Mach, Philip Mayer, Marcel M\u00fcnchhoff, Mario Panitzsch, Maik Oppermann, Kevin Loose, Gerhardt G\u00fcnther (Trainer)<br \/>\nUntere Reihe (v.l.): Christian Oppermann, Dennis Paul, Stephan Grimm,\u00a0Jan Gabor Scholz, Tim Salzmann<\/p>\n","protected":false},"excerpt":{"rendered":"<p>Kader 1. Mannschaft 2009 |\u00a0Oberliga Nord-Ost Obere Reihe (v.l.): Michael Getschmann (Trainer),\u00a0Marion Kersten (Mannschafts\u00e4rztin), Sebastian Paul, Lothar Finke (Betreuer), Konstantin Kersten, Philip Schr\u00f6der, Martin Mach, Philip Mayer, Marcel M\u00fcnchhoff, Mario Panitzsch, Maik Oppermann, Kevin Loose, Gerhardt G\u00fcnther (Trainer) Untere Reihe (v.l.): Christian Oppermann, Dennis Paul, Stephan Grimm,\u00a0Jan Gabor Scholz, Tim \u2026 <a class=\"continue-reading-link\" href=\"https:\/\/www.ac-germania.com\/?page_id=780\">Weiterlesen <span class=\"meta-nav\">&rarr; <\/span><\/a><\/p>\n","protected":false},"author":1,"featured_media":0,"parent":178,"menu_order":0,"comment_status":"closed","ping_status":"closed","template":"template-onecolumn.php","meta":{"footnotes":""},"class_list":["post-780","page","type-page","status-publish","hentry"],"_links":{"self":[{"href":"https:\/\/www.ac-germania.com\/index.php?rest_route=\/wp\/v2\/pages\/780","targetHints":{"allow":["GET"]}}],"collection":[{"href":"https:\/\/www.ac-germania.com\/index.php?rest_route=\/wp\/v2\/pages"}],"about":[{"href":"https:\/\/www.ac-germania.com\/index.php?rest_route=\/wp\/v2\/types\/page"}],"author":[{"embeddable":true,"href":"https:\/\/www.ac-germania.com\/index.php?rest_route=\/wp\/v2\/users\/1"}],"replies":[{"embeddable":true,"href":"https:\/\/www.ac-germania.com\/index.php?rest_route=%2Fwp%2Fv2%2Fcomments&post=780"}],"version-history":[{"count":0,"href":"https:\/\/www.ac-germania.com\/index.php?rest_route=\/wp\/v2\/pages\/780\/revisions"}],"up":[{"embeddable":true,"href":"https:\/\/www.ac-germania.com\/index.php?rest_route=\/wp\/v2\/pages\/178"}],"wp:attachment":[{"href":"https:\/\/www.ac-germania.com\/index.php?rest_route=%2Fwp%2Fv2%2Fmedia&parent=780"}],"curies":[{"name":"wp","href":"https:\/\/api.w.org\/{rel}","templated":true}]}}