{"id":768,"date":"2013-06-04T12:38:37","date_gmt":"2013-06-04T10:38:37","guid":{"rendered":"http:\/\/www.ac-germania.com\/A_ACG\/wordpress\/?page_id=768"},"modified":"2013-09-13T11:32:40","modified_gmt":"2013-09-13T09:32:40","slug":"deutscher-mannschaftsmeister-cd-2003","status":"publish","type":"page","link":"https:\/\/www.ac-germania.com\/?page_id=768","title":{"rendered":"Deutscher Mannschaftsmeister C\/D 2003"},"content":{"rendered":"<h2><strong>Der bisher gr\u00f6\u00dfte Erfolg in der Nachwuchs-Vereinsgeschichte !<\/strong><\/h2>\n<h2>DEUTSCHER MANNSCHAFTSMEISTER 2003 &#8211; Jugend C\/D<\/h2>\n<p>&nbsp;<\/p>\n<p><img loading=\"lazy\" decoding=\"async\" class=\"size-full wp-image-1193 alignnone\" style=\"border: 1px solid black;\" alt=\"2003-05-17-001\" src=\"https:\/\/www.ac-germania.com\/A_ACG\/wordpress\/wp-content\/uploads\/2013\/06\/2003-05-17-001.jpg\" width=\"500\" height=\"375\" srcset=\"https:\/\/www.ac-germania.com\/A_ACG\/wordpress\/wp-content\/uploads\/2013\/06\/2003-05-17-001.jpg 500w, https:\/\/www.ac-germania.com\/A_ACG\/wordpress\/wp-content\/uploads\/2013\/06\/2003-05-17-001-300x225.jpg 300w, https:\/\/www.ac-germania.com\/A_ACG\/wordpress\/wp-content\/uploads\/2013\/06\/2003-05-17-001-200x150.jpg 200w\" sizes=\"auto, (max-width: 500px) 100vw, 500px\" \/><\/p>\n<p>Datum: 17.05.2003<br \/>\nOrt: Wasgauhalle Pirmasens<br \/>\nStilart: Griechisch-R\u00f6misch und Freistil<\/p>\n<p><strong>Vorrunde Pool A<\/strong><\/p>\n<p>KSV Germania Aalen &#8211; TuS Adelhausen 4,0 : 32,5<br \/>\nTuS Jena &#8211; KSV Seeheim 6,5 : 28,5<br \/>\nASV Ludwigshafen &#8211; 1. Luckenwalder SC 4,0 : 36,0<br \/>\nKSV K\u00f6llerbach &#8211; KSV Germania Aalen 24,0 : 13,5<br \/>\nTuS Adelhausen &#8211; TuS Jena 32,0 : 5,5<br \/>\nKSV Seeheim &#8211; ASV Ludwigshafen 39,0 : 0<br \/>\n1. Luckenwalder SC &#8211; KSV K\u00f6llerbach 35,5 : 4,0<br \/>\nTuS Adelhausen &#8211; KSV Seeheim 28,5 : 8,0<br \/>\n1. Luckenwalder SC &#8211; TuS Adelhausen 18,0 : 18,0<br \/>\nKSV K\u00f6llerbach &#8211; KSV Seeheim 24,5 : 10,5<br \/>\nKSV K\u00f6llerbach &#8211; TuS Adelhausen 10,0 : 20,0<\/p>\n<p><strong>Vorrunde Pool B<\/strong><\/p>\n<p><strong>AC Germania Artern &#8211; KG Torgelow\/ Greifswald 32,0 : 4,0<\/strong><br \/>\nWKG Pausa\/ Plauen &#8211; KSV Witten 07 18,0 : 20,0<br \/>\nSRC Viernheim &#8211; KG Frankfurt (O.)\/ Eisenh\u00fcttenst. 10,0 : 21,0<br \/>\n<strong>SV Johannis N\u00fcrnberg &#8211; AC Germania Artern 15,0 : 18,0<\/strong><br \/>\nKG Torgelow\/ Greifswald &#8211; WKG Pausa\/ Plauen 20,0 : 17,0<br \/>\nKSV Witten 07 &#8211; SRC Viernheim 12,0 : 25,5<br \/>\nKG Frankfurt (O.)\/ Eisenh\u00fcttenst. &#8211; SV Johannis N\u00fcrnberg 14,0 : 18,5<br \/>\n<strong>AC Germania Artern &#8211; KSV Witten 07 34,0 : 4,0<\/strong><br \/>\nKG Torgelow\/ Greifswald &#8211; SRC Viernheim 16,0 : 22,0<br \/>\n<strong>KG Frankfurt (O.)\/ Eisenh\u00fcttenst. &#8211; AC Germania Artern 8,5 : 24,5<\/strong><br \/>\nSV Johannis N\u00fcrnberg &#8211; SRC Viernheim 24,0 : 16,0<\/p>\n<p><strong>Finalrunde<\/strong><\/p>\n<p><strong>Platz 9 + 10 |<\/strong> KSV Germania Aalen &#8211; KG Torgelow\/ Greifswald 16,0 : 24,0<\/p>\n<p><strong>Platz 7 + 8 |<\/strong> KSV Seeheim &#8211; SRC Viernheim 20,5 : 16,5<\/p>\n<p><strong>Platz 5 + 6 |<\/strong> KSV K\u00f6llerbach &#8211; KG Frankfurt (O.)\/ Eisenh\u00fcttenst. 12,5 : 17,5<\/p>\n<p><strong>Platz 3 + 4<\/strong> | TuS Adelhausen &#8211; SV Johannis N\u00fcrnberg 08,0 : 26,0<\/p>\n<p><strong>Platz 1 + 2 |<\/strong> <strong>1. Luckenwalder SC &#8211; AC Germania Artern 11,0 : 20,0<\/strong><\/p>\n<p><img loading=\"lazy\" decoding=\"async\" class=\" wp-image-1197 alignnone\" style=\"border: 1px solid black;\" alt=\"2003-05-17-002\" src=\"https:\/\/www.ac-germania.com\/A_ACG\/wordpress\/wp-content\/uploads\/2013\/06\/2003-05-17-002.jpg\" width=\"1050\" height=\"495\" srcset=\"https:\/\/www.ac-germania.com\/A_ACG\/wordpress\/wp-content\/uploads\/2013\/06\/2003-05-17-002.jpg 1050w, https:\/\/www.ac-germania.com\/A_ACG\/wordpress\/wp-content\/uploads\/2013\/06\/2003-05-17-002-300x141.jpg 300w, https:\/\/www.ac-germania.com\/A_ACG\/wordpress\/wp-content\/uploads\/2013\/06\/2003-05-17-002-1024x482.jpg 1024w, https:\/\/www.ac-germania.com\/A_ACG\/wordpress\/wp-content\/uploads\/2013\/06\/2003-05-17-002-250x117.jpg 250w\" sizes=\"auto, (max-width: 1050px) 100vw, 1050px\" \/><\/p>\n<p style=\"text-align: center;\">Ober Reihe (v.l.): (Betreuerstab)\u00a0Gerhard G\u00fcnther (Trainer), J\u00f6rg Schrader, Dieter Werner, Frank Werner, Hartmut Fleischhauer, Steffen G\u00fcnther, Karl-Heinz Pillep, Lothar Finke, Norman Finke, Rolf Leutelt<br \/>\nMittlere Reihe (v.l.): Kurt Czudnochowski, Gerd Pillep (Vereinspr\u00e4sident), Andre G\u00fcnther, Stephan Grimm, Daniel Markgraf, Danny Karstadt, Martin Mach, Marcel Tropsch, Florian Rau, Daniel Geist, Sebastian Stuck, Michael G\u00fcnther<br \/>\nUntere Reihe (v.l.): Tim Salzmann, Philip Schr\u00f6der, Moris Freund, Konstantin Kersten, Florian Muchow, Markus Winter, Ken Finke<\/p>\n","protected":false},"excerpt":{"rendered":"<p>Der bisher gr\u00f6\u00dfte Erfolg in der Nachwuchs-Vereinsgeschichte ! DEUTSCHER MANNSCHAFTSMEISTER 2003 &#8211; Jugend C\/D &nbsp; Datum: 17.05.2003 Ort: Wasgauhalle Pirmasens Stilart: Griechisch-R\u00f6misch und Freistil Vorrunde Pool A KSV Germania Aalen &#8211; TuS Adelhausen 4,0 : 32,5 TuS Jena &#8211; KSV Seeheim 6,5 : 28,5 ASV Ludwigshafen &#8211; 1. Luckenwalder SC \u2026 <a class=\"continue-reading-link\" href=\"https:\/\/www.ac-germania.com\/?page_id=768\">Weiterlesen <span class=\"meta-nav\">&rarr; <\/span><\/a><\/p>\n","protected":false},"author":1,"featured_media":0,"parent":70,"menu_order":0,"comment_status":"closed","ping_status":"closed","template":"template-onecolumn.php","meta":{"footnotes":""},"class_list":["post-768","page","type-page","status-publish","hentry"],"_links":{"self":[{"href":"https:\/\/www.ac-germania.com\/index.php?rest_route=\/wp\/v2\/pages\/768","targetHints":{"allow":["GET"]}}],"collection":[{"href":"https:\/\/www.ac-germania.com\/index.php?rest_route=\/wp\/v2\/pages"}],"about":[{"href":"https:\/\/www.ac-germania.com\/index.php?rest_route=\/wp\/v2\/types\/page"}],"author":[{"embeddable":true,"href":"https:\/\/www.ac-germania.com\/index.php?rest_route=\/wp\/v2\/users\/1"}],"replies":[{"embeddable":true,"href":"https:\/\/www.ac-germania.com\/index.php?rest_route=%2Fwp%2Fv2%2Fcomments&post=768"}],"version-history":[{"count":0,"href":"https:\/\/www.ac-germania.com\/index.php?rest_route=\/wp\/v2\/pages\/768\/revisions"}],"up":[{"embeddable":true,"href":"https:\/\/www.ac-germania.com\/index.php?rest_route=\/wp\/v2\/pages\/70"}],"wp:attachment":[{"href":"https:\/\/www.ac-germania.com\/index.php?rest_route=%2Fwp%2Fv2%2Fmedia&parent=768"}],"curies":[{"name":"wp","href":"https:\/\/api.w.org\/{rel}","templated":true}]}}