{"id":708,"date":"2013-06-03T17:21:35","date_gmt":"2013-06-03T15:21:35","guid":{"rendered":"http:\/\/www.ac-germania.com\/A_ACG\/wordpress\/?page_id=708"},"modified":"2013-06-26T23:21:01","modified_gmt":"2013-06-26T21:21:01","slug":"der-neunte-fruhling","status":"publish","type":"page","link":"https:\/\/www.ac-germania.com\/?page_id=708","title":{"rendered":"Der neunte Fr\u00fchling"},"content":{"rendered":"<h2><strong>Dokumentarfilm \u00fcber Arterner Germaniaringer<\/strong><\/h2>\n<p>\u201eDer neunte Fr\u00fchling\u201c, ein\u00a0inzwischen mehrfach preisgekr\u00f6nter Dokumentarfilm, wurde am 03. Juni 1999 im\u00a0 Arterner Filmtreff im Beisein des Regisseurs Torsten Truscheit von der\u00a0 Filmakademie Baden-W\u00fcrttemberg sowie von Pers\u00f6nlichkeiten des \u00f6ffentlichen Lebens\u00a0aus dem Kyffh\u00e4userkreis uraufgef\u00fchrt.<\/p>\n<p>Inhaltlich widerspiegelt\u00a0 dieser 62 min\u00fctige Streifen die Sorgen, Hoffnungen und N\u00f6te der Menschen in unserer Unstrutregion. Der Film besch\u00e4ftigt sich schwerpunktm\u00e4\u00dfig mit den\u00a0 Belangen des Athletenclubs Germania. Im Zentrum des Geschehens stehen dabei\u00a0unsere Ringer Norman Finke und Kai Schmiedehausen sowie Trainer und Busfahrer\u00a0Lothar Finke mit dem gr\u00fcn-gelben Vereins-Ello. Der Germania-Ello ist durch die\u00a0Ausstrahlungen \u00fcber die Kan\u00e4le von ZDF, Premiere und Ph\u00f6nix zwischenzeitlich\u00a0schon mehrfach in zahlreiche Wohn- und Schlafzimmer hinein gerollt.<\/p>\n<p>\u201eDer neunte Fr\u00fchling\u201c war nach dem 1952 gezeigten \u201eDEFA-Ringerlehrfilm\u201c, in dem die Arterner Manfred\u00a0 Deinert und Alfred Rathmann mitwirkten sowie dem 1953 abgespulten\u00a0 Seelenbinder-Streifen \u201eEiner von uns\u201c, wo unser Weltergewichtler Harry Fehse als\u00a0 Mattenleiter im Bilde war, nunmehr bereits der dritte Ringerfilm, der auf\u00a0 Arterner Leinwand uraufgef\u00fchrt wurde.<\/p>\n<p>Aber auch unser heutiger Mittelgewichtler Steffen Wengel war 1985 in der Sportsendung \u201eHalbzeit\u201c auf dem\u00a0 Fernsehbildschirm pr\u00e4sent. Zur damaligen DDR-Kinder-und-Jugendspartakiade wurde der Arterner, beginnend vom Vorbereitungslager in Bad Schmiedeberg, bis hin zu seinen zwei Medaillengewinnen in Berlin (Gold im KR und Silber im FR) von\u00a0 Kamerateams begleitet und der \u00d6ffentlichkeit vorgestellt.<\/p>\n<p>Einen Fernsehauftritt hatte auch Artern Leitungsmitglied und Nachwuchstrainer Harald Michel. Als Delegationsleiter des Bezirksfachausschusses Ringen\/Halle war er zur\u00a0 DDR-Kinder-und-Jugendspartakiade 1968 in Berlin angesichts der gro\u00dfartigen\u00a0 Medaillengewinne Interviewpartner im Spartakiadestudio.<\/p>\n<p><strong>Die DVD-Version des Films &#8222;Der neunte Fr\u00fchling&#8220; ist auf Anfrage beim AC Germania erh\u00e4ltlich.<\/strong><\/p>\n<p style=\"text-align: center;\"><img loading=\"lazy\" decoding=\"async\" class=\"wp-image-718 alignleft\" style=\"border: 1px solid black;\" alt=\"2013-06-03-DVD-DNF\" src=\"https:\/\/www.ac-germania.com\/A_ACG\/wordpress\/wp-content\/uploads\/2013\/06\/2013-06-03-DVD-DNF11.jpg\" width=\"700\" height=\"525\" \/><\/p>\n","protected":false},"excerpt":{"rendered":"<p>Dokumentarfilm \u00fcber Arterner Germaniaringer \u201eDer neunte Fr\u00fchling\u201c, ein\u00a0inzwischen mehrfach preisgekr\u00f6nter Dokumentarfilm, wurde am 03. Juni 1999 im\u00a0 Arterner Filmtreff im Beisein des Regisseurs Torsten Truscheit von der\u00a0 Filmakademie Baden-W\u00fcrttemberg sowie von Pers\u00f6nlichkeiten des \u00f6ffentlichen Lebens\u00a0aus dem Kyffh\u00e4userkreis uraufgef\u00fchrt. Inhaltlich widerspiegelt\u00a0 dieser 62 min\u00fctige Streifen die Sorgen, Hoffnungen und N\u00f6te der \u2026 <a class=\"continue-reading-link\" href=\"https:\/\/www.ac-germania.com\/?page_id=708\">Weiterlesen <span class=\"meta-nav\">&rarr; <\/span><\/a><\/p>\n","protected":false},"author":1,"featured_media":0,"parent":19,"menu_order":0,"comment_status":"closed","ping_status":"closed","template":"","meta":{"footnotes":""},"class_list":["post-708","page","type-page","status-publish","hentry"],"_links":{"self":[{"href":"https:\/\/www.ac-germania.com\/index.php?rest_route=\/wp\/v2\/pages\/708","targetHints":{"allow":["GET"]}}],"collection":[{"href":"https:\/\/www.ac-germania.com\/index.php?rest_route=\/wp\/v2\/pages"}],"about":[{"href":"https:\/\/www.ac-germania.com\/index.php?rest_route=\/wp\/v2\/types\/page"}],"author":[{"embeddable":true,"href":"https:\/\/www.ac-germania.com\/index.php?rest_route=\/wp\/v2\/users\/1"}],"replies":[{"embeddable":true,"href":"https:\/\/www.ac-germania.com\/index.php?rest_route=%2Fwp%2Fv2%2Fcomments&post=708"}],"version-history":[{"count":0,"href":"https:\/\/www.ac-germania.com\/index.php?rest_route=\/wp\/v2\/pages\/708\/revisions"}],"up":[{"embeddable":true,"href":"https:\/\/www.ac-germania.com\/index.php?rest_route=\/wp\/v2\/pages\/19"}],"wp:attachment":[{"href":"https:\/\/www.ac-germania.com\/index.php?rest_route=%2Fwp%2Fv2%2Fmedia&parent=708"}],"curies":[{"name":"wp","href":"https:\/\/api.w.org\/{rel}","templated":true}]}}