{"id":681,"date":"2013-06-03T16:42:56","date_gmt":"2013-06-03T14:42:56","guid":{"rendered":"http:\/\/www.ac-germania.com\/A_ACG\/wordpress\/?page_id=681"},"modified":"2017-09-09T09:25:32","modified_gmt":"2017-09-09T08:25:32","slug":"downloads","status":"publish","type":"page","link":"https:\/\/www.ac-germania.com\/?page_id=681","title":{"rendered":"Downloads"},"content":{"rendered":"<h2><strong>Downloads<\/strong><\/h2>\n<p>Hier finden Sie einige Bilder und Logos zum Herunterladen. Die hier angebotenen Bilder d\u00fcrfen Sie ohne Quellenangabe frei verwenden. Eine Modifizierung ist nur f\u00fcr den privaten Gebrauch gestattet.<\/p>\n<hr \/>\n<p><strong>Saisonflyer Regionalliga\/Landesliga 2017 <\/strong><em>(3,46 MB \/ pdf)<\/em><\/p>\n<p><a href=\"https:\/\/www.ac-germania.com\/A_ACG\/wordpress\/wp-content\/uploads\/2017\/09\/2017-acg-saisonflyer.pdf\" target=\"_blank\" rel=\"noopener\"><img loading=\"lazy\" decoding=\"async\" class=\"alignnone wp-image-5269 size-full\" src=\"https:\/\/www.ac-germania.com\/A_ACG\/wordpress\/wp-content\/uploads\/2013\/06\/2017-acg-saisonflyer.jpg\" alt=\"\" width=\"118\" height=\"234\" srcset=\"https:\/\/www.ac-germania.com\/A_ACG\/wordpress\/wp-content\/uploads\/2013\/06\/2017-acg-saisonflyer.jpg 118w, https:\/\/www.ac-germania.com\/A_ACG\/wordpress\/wp-content\/uploads\/2013\/06\/2017-acg-saisonflyer-76x150.jpg 76w\" sizes=\"auto, (max-width: 118px) 100vw, 118px\" \/><\/a><\/p>\n<hr \/>\n<p><strong>Saisonflyer 2. Bundesliga\/Oberliga 2016 <\/strong><em>(3,36 MB \/ pdf)<\/em><\/p>\n<p><a href=\"https:\/\/www.ac-germania.com\/A_ACG\/wordpress\/wp-content\/uploads\/2016\/11\/2016-ACG-Saisonflyer.pdf\" target=\"_blank\" rel=\"noopener\"><img loading=\"lazy\" decoding=\"async\" class=\"alignnone wp-image-4685 size-full\" src=\"https:\/\/www.ac-germania.com\/A_ACG\/wordpress\/wp-content\/uploads\/2013\/06\/2016-ACG-Saisonflyer.jpg\" alt=\"2016-acg-saisonflyer\" width=\"118\" height=\"250\" srcset=\"https:\/\/www.ac-germania.com\/A_ACG\/wordpress\/wp-content\/uploads\/2013\/06\/2016-ACG-Saisonflyer.jpg 118w, https:\/\/www.ac-germania.com\/A_ACG\/wordpress\/wp-content\/uploads\/2013\/06\/2016-ACG-Saisonflyer-71x150.jpg 71w\" sizes=\"auto, (max-width: 118px) 100vw, 118px\" \/><\/a><\/p>\n<hr \/>\n<p><strong>Saisonflyer 2. Bundesliga 2015 <\/strong><em>(1,55 MB \/ pdf)<\/em><\/p>\n<p><a href=\"https:\/\/www.ac-germania.com\/A_ACG\/wordpress\/wp-content\/uploads\/2015\/08\/2015-08-29-ACG-Saisonflyer.pdf\" target=\"_blank\" rel=\"noopener\"><img loading=\"lazy\" decoding=\"async\" class=\"alignleft wp-image-3444 size-full\" src=\"https:\/\/www.ac-germania.com\/A_ACG\/wordpress\/wp-content\/uploads\/2013\/06\/2015-08-29-ACG-Saisonflyer.jpg\" alt=\"2015-08-29-ACG-Saisonflyer\" width=\"118\" height=\"250\" srcset=\"https:\/\/www.ac-germania.com\/A_ACG\/wordpress\/wp-content\/uploads\/2013\/06\/2015-08-29-ACG-Saisonflyer.jpg 118w, https:\/\/www.ac-germania.com\/A_ACG\/wordpress\/wp-content\/uploads\/2013\/06\/2015-08-29-ACG-Saisonflyer-71x150.jpg 71w\" sizes=\"auto, (max-width: 118px) 100vw, 118px\" \/><\/a><\/p>\n<hr \/>\n<p><strong>Vereinslogo<\/strong><\/p>\n<p><img loading=\"lazy\" decoding=\"async\" class=\"size-full wp-image-1087 alignnone\" style=\"border: 1px solid black;\" src=\"https:\/\/www.ac-germania.com\/A_ACG\/wordpress\/wp-content\/uploads\/2013\/06\/ACG_Logo_100x82.jpg\" alt=\"ACG_Logo\" width=\"100\" height=\"82\" \/><\/p>\n<p>Farbig<br \/>\n<a href=\"https:\/\/www.ac-germania.com\/A_ACG\/wordpress\/wp-content\/uploads\/2013\/06\/ACG_Logo_100x82.jpg\" target=\"_blank\" rel=\"noopener\">&gt;&gt;\u00a0Gr\u00f6\u00dfe: 100&#215;82 &#8211; 96dpi &#8211;\u00a0JPG (16,0 KB)<\/a><br \/>\n<a href=\"https:\/\/www.ac-germania.com\/A_ACG\/wordpress\/wp-content\/uploads\/2013\/06\/ACG_Logo_823x675.jpg\" target=\"_blank\" rel=\"noopener\">&gt;&gt; Gr\u00f6\u00dfe: 823&#215;675 &#8211; 300dpi &#8211; JPG (380,0 KB)<\/a><\/p>\n<p><img loading=\"lazy\" decoding=\"async\" class=\"size-full wp-image-1088 alignnone\" style=\"border: 1px solid black;\" src=\"https:\/\/www.ac-germania.com\/A_ACG\/wordpress\/wp-content\/uploads\/2013\/06\/ACG_Logo_100x82_sw.jpg\" alt=\"ACG_Logo\" width=\"100\" height=\"82\" \/><\/p>\n<p>SW<br \/>\n<a href=\"https:\/\/www.ac-germania.com\/A_ACG\/wordpress\/wp-content\/uploads\/2013\/06\/ACG_Logo_100x82_sw.jpg\" target=\"_blank\" rel=\"noopener\">&gt;&gt; <i>Gr\u00f6\u00dfe: 100&#215;82 &#8211; 96dpi<\/i> &#8211; <i>JPG (8,0 KB)<\/i><\/a><\/p>\n<hr \/>\n<p><strong>Wallpaper (Hintergrundbilder)<\/strong><\/p>\n<p><img loading=\"lazy\" decoding=\"async\" class=\"size-medium wp-image-1221 alignnone\" style=\"border: 1px solid black;\" src=\"https:\/\/www.ac-germania.com\/A_ACG\/wordpress\/wp-content\/uploads\/2013\/06\/acg-wallpaper-001-1920x1200-300x187.jpg\" alt=\"acg-wallpaper-001-1920x1200\" width=\"300\" height=\"187\" srcset=\"https:\/\/www.ac-germania.com\/A_ACG\/wordpress\/wp-content\/uploads\/2013\/06\/acg-wallpaper-001-1920x1200-300x187.jpg 300w, https:\/\/www.ac-germania.com\/A_ACG\/wordpress\/wp-content\/uploads\/2013\/06\/acg-wallpaper-001-1920x1200-1024x640.jpg 1024w, https:\/\/www.ac-germania.com\/A_ACG\/wordpress\/wp-content\/uploads\/2013\/06\/acg-wallpaper-001-1920x1200-240x150.jpg 240w, https:\/\/www.ac-germania.com\/A_ACG\/wordpress\/wp-content\/uploads\/2013\/06\/acg-wallpaper-001-1920x1200.jpg 1920w\" sizes=\"auto, (max-width: 300px) 100vw, 300px\" \/><\/p>\n<p><a href=\"https:\/\/www.ac-germania.com\/A_ACG\/wordpress\/wp-content\/uploads\/2013\/06\/acg-wallpaper-001-1280x800.jpg\" target=\"_blank\" rel=\"noopener\">&gt;&gt; 1280 x 800 | 16:10 | WXGA1<\/a><br \/>\n<a href=\"https:\/\/www.ac-germania.com\/A_ACG\/wordpress\/wp-content\/uploads\/2013\/06\/acg-wallpaper-001-1680x1050.jpg\" target=\"_blank\" rel=\"noopener\">&gt;&gt; 1680 x 1050 | 16:10 | WSXGA+<\/a><br \/>\n<a href=\"https:\/\/www.ac-germania.com\/A_ACG\/wordpress\/wp-content\/uploads\/2013\/06\/acg-wallpaper-001-1920x1200.jpg\" target=\"_blank\" rel=\"noopener\">&gt;&gt; 1920 x 1200 | 16:10 | WUGA<\/a><\/p>\n<p><img loading=\"lazy\" decoding=\"async\" class=\"size-medium wp-image-1227 alignnone\" style=\"border: 1px solid black;\" src=\"https:\/\/www.ac-germania.com\/A_ACG\/wordpress\/wp-content\/uploads\/2013\/06\/acg-wallpaper-002-1280x800-300x187.jpg\" alt=\"acg-wallpaper-002-1280x800\" width=\"300\" height=\"187\" srcset=\"https:\/\/www.ac-germania.com\/A_ACG\/wordpress\/wp-content\/uploads\/2013\/06\/acg-wallpaper-002-1280x800-300x187.jpg 300w, https:\/\/www.ac-germania.com\/A_ACG\/wordpress\/wp-content\/uploads\/2013\/06\/acg-wallpaper-002-1280x800-1024x640.jpg 1024w, https:\/\/www.ac-germania.com\/A_ACG\/wordpress\/wp-content\/uploads\/2013\/06\/acg-wallpaper-002-1280x800-240x150.jpg 240w, https:\/\/www.ac-germania.com\/A_ACG\/wordpress\/wp-content\/uploads\/2013\/06\/acg-wallpaper-002-1280x800.jpg 1280w\" sizes=\"auto, (max-width: 300px) 100vw, 300px\" \/><\/p>\n<p><a href=\"https:\/\/www.ac-germania.com\/A_ACG\/wordpress\/wp-content\/uploads\/2013\/06\/acg-wallpaper-002-1280x800.jpg\" target=\"_blank\" rel=\"noopener\">&gt;&gt; 1280 x 800 | 16:10 | WXGA1<\/a><br \/>\n<a href=\"https:\/\/www.ac-germania.com\/A_ACG\/wordpress\/wp-content\/uploads\/2013\/06\/acg-wallpaper-002-1680x1050.jpg\" target=\"_blank\" rel=\"noopener\">&gt;&gt; 1680 x 1050 | 16:10 | WSXGA+<\/a><br \/>\n<a href=\"https:\/\/www.ac-germania.com\/A_ACG\/wordpress\/wp-content\/uploads\/2013\/06\/acg-wallpaper-002-1920x1200.jpg\" target=\"_blank\" rel=\"noopener\">&gt;&gt; 1920 x 1200 | 16:10 | WUGA<\/a><\/p>\n<p><img loading=\"lazy\" decoding=\"async\" class=\"size-medium wp-image-1231 alignnone\" style=\"border: 1px solid black;\" src=\"https:\/\/www.ac-germania.com\/A_ACG\/wordpress\/wp-content\/uploads\/2013\/06\/acg-wallpaper-003-1280x800-300x187.jpg\" alt=\"acg-wallpaper-003-1280x800\" width=\"300\" height=\"187\" srcset=\"https:\/\/www.ac-germania.com\/A_ACG\/wordpress\/wp-content\/uploads\/2013\/06\/acg-wallpaper-003-1280x800-300x187.jpg 300w, https:\/\/www.ac-germania.com\/A_ACG\/wordpress\/wp-content\/uploads\/2013\/06\/acg-wallpaper-003-1280x800-1024x640.jpg 1024w, https:\/\/www.ac-germania.com\/A_ACG\/wordpress\/wp-content\/uploads\/2013\/06\/acg-wallpaper-003-1280x800-240x150.jpg 240w, https:\/\/www.ac-germania.com\/A_ACG\/wordpress\/wp-content\/uploads\/2013\/06\/acg-wallpaper-003-1280x800.jpg 1280w\" sizes=\"auto, (max-width: 300px) 100vw, 300px\" \/><\/p>\n<p><a href=\"https:\/\/www.ac-germania.com\/A_ACG\/wordpress\/wp-content\/uploads\/2013\/06\/acg-wallpaper-003-1280x800.jpg\" target=\"_blank\" rel=\"noopener\">&gt;&gt; 1280 x 800 | 16:10 | WXGA1<\/a><br \/>\n<a href=\"https:\/\/www.ac-germania.com\/A_ACG\/wordpress\/wp-content\/uploads\/2013\/06\/acg-wallpaper-003-1680x1050.jpg\" target=\"_blank\" rel=\"noopener\">&gt;&gt; 1680 x 1050 | 16:10 | WSXGA+<\/a><br \/>\n<a href=\"https:\/\/www.ac-germania.com\/A_ACG\/wordpress\/wp-content\/uploads\/2013\/06\/acg-wallpaper-003-1920x1200.jpg\" target=\"_blank\" rel=\"noopener\">&gt;&gt; 1920 x 1200 | 16:10 | WUGA<\/a><\/p>\n<p><img loading=\"lazy\" decoding=\"async\" class=\"size-medium wp-image-1235 alignnone\" style=\"border: 1px solid black;\" src=\"https:\/\/www.ac-germania.com\/A_ACG\/wordpress\/wp-content\/uploads\/2013\/06\/acg-wallpaper-004-1280x800-300x187.jpg\" alt=\"acg-wallpaper-004-1280x800\" width=\"300\" height=\"187\" srcset=\"https:\/\/www.ac-germania.com\/A_ACG\/wordpress\/wp-content\/uploads\/2013\/06\/acg-wallpaper-004-1280x800-300x187.jpg 300w, https:\/\/www.ac-germania.com\/A_ACG\/wordpress\/wp-content\/uploads\/2013\/06\/acg-wallpaper-004-1280x800-1024x640.jpg 1024w, https:\/\/www.ac-germania.com\/A_ACG\/wordpress\/wp-content\/uploads\/2013\/06\/acg-wallpaper-004-1280x800-240x150.jpg 240w, https:\/\/www.ac-germania.com\/A_ACG\/wordpress\/wp-content\/uploads\/2013\/06\/acg-wallpaper-004-1280x800.jpg 1280w\" sizes=\"auto, (max-width: 300px) 100vw, 300px\" \/><\/p>\n<p><a href=\"https:\/\/www.ac-germania.com\/A_ACG\/wordpress\/wp-content\/uploads\/2013\/06\/acg-wallpaper-004-1280x800.jpg\" target=\"_blank\" rel=\"noopener\">&gt;&gt; 1280 x 800 | 16:10 | WXGA1<\/a><br \/>\n<a href=\"https:\/\/www.ac-germania.com\/A_ACG\/wordpress\/wp-content\/uploads\/2013\/06\/acg-wallpaper-004-1680x1050.jpg\" target=\"_blank\" rel=\"noopener\">&gt;&gt; 1680 x 1050 | 16:10 | WSXGA+<\/a><br \/>\n<a href=\"https:\/\/www.ac-germania.com\/A_ACG\/wordpress\/wp-content\/uploads\/2013\/06\/acg-wallpaper-004-1920x1200.jpg\" target=\"_blank\" rel=\"noopener\">&gt;&gt; 1920 x 1200 | 16:10 | WUGA<\/a><\/p>\n<p>Auf <a href=\"mailto:\/\/webmaster@ac-germania.com\" target=\"_blank\" rel=\"noopener\">Anfrage<\/a> k\u00f6nnen die angebotenen Wallpaper auch in einer anderen Gr\u00f6\u00dfe zur Verf\u00fcgung gestellt werden.<\/p>\n","protected":false},"excerpt":{"rendered":"<p>Downloads Hier finden Sie einige Bilder und Logos zum Herunterladen. Die hier angebotenen Bilder d\u00fcrfen Sie ohne Quellenangabe frei verwenden. Eine Modifizierung ist nur f\u00fcr den privaten Gebrauch gestattet. Saisonflyer Regionalliga\/Landesliga 2017 (3,46 MB \/ pdf) Saisonflyer 2. Bundesliga\/Oberliga 2016 (3,36 MB \/ pdf) Saisonflyer 2. Bundesliga 2015 (1,55 MB \u2026 <a class=\"continue-reading-link\" href=\"https:\/\/www.ac-germania.com\/?page_id=681\">Weiterlesen <span class=\"meta-nav\">&rarr; <\/span><\/a><\/p>\n","protected":false},"author":1,"featured_media":0,"parent":678,"menu_order":0,"comment_status":"closed","ping_status":"closed","template":"","meta":{"footnotes":""},"class_list":["post-681","page","type-page","status-publish","hentry"],"_links":{"self":[{"href":"https:\/\/www.ac-germania.com\/index.php?rest_route=\/wp\/v2\/pages\/681","targetHints":{"allow":["GET"]}}],"collection":[{"href":"https:\/\/www.ac-germania.com\/index.php?rest_route=\/wp\/v2\/pages"}],"about":[{"href":"https:\/\/www.ac-germania.com\/index.php?rest_route=\/wp\/v2\/types\/page"}],"author":[{"embeddable":true,"href":"https:\/\/www.ac-germania.com\/index.php?rest_route=\/wp\/v2\/users\/1"}],"replies":[{"embeddable":true,"href":"https:\/\/www.ac-germania.com\/index.php?rest_route=%2Fwp%2Fv2%2Fcomments&post=681"}],"version-history":[{"count":0,"href":"https:\/\/www.ac-germania.com\/index.php?rest_route=\/wp\/v2\/pages\/681\/revisions"}],"up":[{"embeddable":true,"href":"https:\/\/www.ac-germania.com\/index.php?rest_route=\/wp\/v2\/pages\/678"}],"wp:attachment":[{"href":"https:\/\/www.ac-germania.com\/index.php?rest_route=%2Fwp%2Fv2%2Fmedia&parent=681"}],"curies":[{"name":"wp","href":"https:\/\/api.w.org\/{rel}","templated":true}]}}