{"id":65,"date":"2013-04-16T16:20:23","date_gmt":"2013-04-16T15:20:23","guid":{"rendered":"http:\/\/www.ac-germania.com\/A_ACG\/wordpress\/?page_id=65"},"modified":"2015-01-03T10:44:57","modified_gmt":"2015-01-03T09:44:57","slug":"team","status":"publish","type":"page","link":"https:\/\/www.ac-germania.com\/?page_id=65","title":{"rendered":"Team \/\/ 2013"},"content":{"rendered":"<h2><strong>Regionalliga-Team 2013<\/strong><\/h2>\n<p>&nbsp;<\/p>\n<table width=\"100%\" border=\"1\">\n<tbody>\n<tr>\n<td align=\"center\" valign=\"top\" width=\"22%\">\n<p style=\"text-align: center;\" align=\"center\"><img loading=\"lazy\" decoding=\"async\" class=\"size-full wp-image-1537 aligncenter\" style=\"border: 1px solid black;\" alt=\"2013-Team-Jan-Scholz\" src=\"https:\/\/www.ac-germania.com\/A_ACG\/wordpress\/wp-content\/uploads\/2013\/04\/2013-Team-Jan-Scholz.jpg\" width=\"250\" height=\"300\" \/><\/p>\n<\/td>\n<td style=\"text-align: left;\" valign=\"top\" width=\"77%\"><strong>Jan Gabor Scholz<\/strong><\/p>\n<p><strong>Geburtstag:<\/strong> 18.02.1985<\/p>\n<p><strong>Bisherige Vereine:<br \/>\n<\/strong> AC Germania Artern<\/p>\n<p><strong>Erfolge:<\/strong><br \/>\nmehrfacher Landesmeister<br \/>\nmehrfacher Mitteldeutscher Meister<br \/>\n6. Deutscher Meister<\/p>\n<p style=\"text-align: justify;\"><strong>&#8222;<\/strong>Mucki&#8220; ist ein Dauerbrenner im Team und im Limit bis 55kg nicht wegzudenken. Als Freistilspezialist kann er aber auch im Griechisch-R\u00f6mischen Stil eingesetzt werden.<\/p>\n<\/td>\n<\/tr>\n<\/tbody>\n<tbody>\n<tr>\n<td align=\"center\" valign=\"top\" width=\"22%\"><img loading=\"lazy\" decoding=\"async\" class=\"alignnone size-full wp-image-1585\" alt=\"2013-Team-Anulak-Manekul\" src=\"https:\/\/www.ac-germania.com\/A_ACG\/wordpress\/wp-content\/uploads\/2013\/04\/2013-Team-Anulak-Manekul.jpg\" width=\"250\" height=\"300\" \/><\/td>\n<td style=\"text-align: left;\" valign=\"top\" width=\"77%\"><strong>Anulak Maneekul<\/strong><\/p>\n<p><strong>Geburtstag:<\/strong> 04.12.1998<\/p>\n<p><strong>Bisherige Vereine:<br \/>\n<\/strong> AC Germania Artern<\/p>\n<p><strong>Erfolge:<\/strong><br \/>\nmehrfacher Landesmeister<br \/>\nmehrfacher Mitteldeutscher Meister<br \/>\n2x 2. Platz Intern. Brandenburg-Cup<\/p>\n<p style=\"text-align: justify;\">Der j\u00fcngste im Bunde kommt aus der Talentschmiede von ACG-Nachwuchscoach Gerhardt G\u00fcnther und soll diese Saison an die Ligak\u00e4mpfe herangef\u00fchrt werden und Erfahrungen sammeln.<\/p>\n<\/td>\n<\/tr>\n<\/tbody>\n<tbody>\n<tr>\n<td align=\"center\" valign=\"top\" width=\"22%\">\n<p style=\"text-align: center;\" align=\"center\"><img loading=\"lazy\" decoding=\"async\" class=\"aligncenter size-full wp-image-1546\" style=\"border: 1px solid black;\" alt=\"2013-Team-Tim-Salzmann\" src=\"https:\/\/www.ac-germania.com\/A_ACG\/wordpress\/wp-content\/uploads\/2013\/04\/2013-Team-Tim-Salzmann.jpg\" width=\"250\" height=\"300\" \/><\/p>\n<\/td>\n<td style=\"text-align: left;\" valign=\"top\" width=\"77%\"><strong>Tim Salzmann<\/strong><\/p>\n<p><strong>G<\/strong><strong>eburtstag: <\/strong>20.01.1993<strong><\/strong><\/p>\n<p><strong>Bisherige Vereine:<br \/>\n<\/strong> AC Germania Artern<\/p>\n<p><strong>Erfolge:<\/strong><br \/>\nmehrfacher Landesmeister<br \/>\nmehrfacher Mitteldeutscher Meister<br \/>\nDeutscher Mannschaftsmeister Jgd. C\/D 2003<\/p>\n<p style=\"text-align: justify;\">Tim steht nach seiner Verletzung aus der letzten Saison wieder voll zur Verf\u00fcgung und wird als Griechisch-R\u00f6misch-Spezialist die Gewichtsklasse bis 60kg abdecken.<\/p>\n<\/td>\n<\/tr>\n<\/tbody>\n<tbody>\n<tr>\n<td align=\"center\" valign=\"top\" width=\"22%\">\n<p style=\"text-align: center;\" align=\"center\"><img loading=\"lazy\" decoding=\"async\" class=\"aligncenter size-full wp-image-1549\" style=\"border: 1px solid black;\" alt=\"2013-Team-Stephan-Knopf\" src=\"https:\/\/www.ac-germania.com\/A_ACG\/wordpress\/wp-content\/uploads\/2013\/08\/2013-Team-Stephan-Knopf.jpg\" width=\"250\" height=\"300\" \/><\/p>\n<\/td>\n<td style=\"text-align: left;\" valign=\"top\" width=\"77%\"><strong>Stephan Knopf<\/strong><\/p>\n<p><strong><\/strong><strong>Geburtstag:<\/strong> 09.02.1983<\/p>\n<p><strong>Bisherige Vereine:<br \/>\n<\/strong> AC 1897 Werdau<br \/>\nAC Germania Artern<\/p>\n<p><strong>Erfolge:<\/strong><br \/>\nmehrfacher Landesmeister<br \/>\n2x 2. Mitteldeutscher Meister<br \/>\n1x 3. Mitteldeutscher Meister<br \/>\nKader 2. Bundesliga AC Werdau<\/p>\n<p style=\"text-align: justify;\">&#8222;Kn\u00f6pfchen&#8220; geht in seine 14. Mannschaftssaison und z\u00e4hlt damit zu den erfahrenen Athleten im Team. Er kann in beiden Stilarten eingesetzt werden und ist f\u00fcr seine nicht spektakul\u00e4re aber effektive Kampfweise bekannt.<\/p>\n<\/td>\n<\/tr>\n<\/tbody>\n<tbody>\n<tr>\n<td align=\"center\" valign=\"top\" width=\"22%\"><img loading=\"lazy\" decoding=\"async\" class=\"aligncenter size-full wp-image-1561\" style=\"border: 1px solid black;\" alt=\"2013-Team-Patrick-Ortmann\" src=\"https:\/\/www.ac-germania.com\/A_ACG\/wordpress\/wp-content\/uploads\/2013\/08\/2013-Team-Patrick-Ortmann.jpg\" width=\"250\" height=\"300\" \/><\/td>\n<td style=\"text-align: left;\" valign=\"top\" width=\"77%\"><strong>Patrick Ortmann<\/strong><\/p>\n<p><strong><\/strong><strong>Geburtstag: <\/strong>28.07.1984<\/p>\n<p><strong>Bisherige Vereine:<br \/>\n<\/strong> SV S\u00f6mmerda<\/p>\n<p><strong>Erfolge:<\/strong><br \/>\nmehrfacher Landesmeister<br \/>\nmehrfacher Mitteldeutscher Meister<br \/>\nKader 2. Bundesliga SV S\u00f6mmerda<\/p>\n<p style=\"text-align: justify;\">Patrick hat sich gut im Team integriert und wird im Limit bis 66kg die Griechisch-R\u00f6misch K\u00e4mpfe abdecken.<\/p>\n<\/td>\n<\/tr>\n<\/tbody>\n<tbody>\n<tr>\n<td align=\"center\" valign=\"top\" width=\"22%\">\n<p style=\"text-align: center;\" align=\"center\"><img loading=\"lazy\" decoding=\"async\" class=\"aligncenter size-full wp-image-1562\" alt=\"2013-Team-Tim-Walther\" src=\"https:\/\/www.ac-germania.com\/A_ACG\/wordpress\/wp-content\/uploads\/2013\/08\/2013-Team-Tim-Walther.jpg\" width=\"250\" height=\"300\" \/><\/p>\n<\/td>\n<td style=\"text-align: left;\" valign=\"top\" width=\"77%\"><strong>Tim Walther<\/strong><\/p>\n<p><strong><\/strong><strong>Geburtstag: <\/strong>30.01.1996<\/p>\n<p><strong>Bisherige Vereine:<br \/>\n<\/strong> AC Germania Artern<\/p>\n<p><strong>Erfolge:<\/strong><br \/>\nmehrfacher Landesmeister<br \/>\nmehrfacher Mitteldeutscher Meister<br \/>\n5. Deutscher Meister<br \/>\n2. Deutscher Meister<\/p>\n<p style=\"text-align: justify;\">&#8222;Waldi&#8220; ist amtierender Deutscher-Vizemeister der A-Jugend und d\u00fcrfte somit mit einer geh\u00f6rigen Portion Selbstvertrauen in die Saison starten. Im Limit bis 66kg Freistil ist er gesetzt.<\/p>\n<\/td>\n<\/tr>\n<\/tbody>\n<tbody>\n<tr>\n<td align=\"center\" valign=\"top\" width=\"22%\">\n<p style=\"text-align: center;\" align=\"center\"><img loading=\"lazy\" decoding=\"async\" class=\"aligncenter size-full wp-image-1560\" alt=\"2013-Team-Pascal-G\u00f6bel\" src=\"https:\/\/www.ac-germania.com\/A_ACG\/wordpress\/wp-content\/uploads\/2013\/08\/2013-Team-Pascal-G\u00f6bel.jpg\" width=\"250\" height=\"300\" \/><\/p>\n<\/td>\n<td style=\"text-align: left;\" valign=\"top\" width=\"77%\"><strong>Pascal G\u00f6bel<\/strong><\/p>\n<p><strong>Geburtstag: <\/strong>03.07.1997<\/p>\n<p><strong>Bisherige Vereine:<br \/>\n<\/strong> AC Germania Artern<\/p>\n<p><strong>Erfolge:<\/strong><br \/>\nmehrfacher Landesmeister<br \/>\nmehrfacher Mitteldeutscher Meister<\/p>\n<p style=\"text-align: justify;\">&#8222;Kalle&#8220; ist eine Gewichtsklasse aufger\u00fcckt und wird im Limit bis 66kg in beiden Stilarten zum Einsatz kommen. Mit seiner physischen St\u00e4rke wird er es einigen Gegnern sehr schwer machen.<\/p>\n<\/td>\n<\/tr>\n<\/tbody>\n<tbody>\n<tr>\n<td align=\"center\" valign=\"top\" width=\"22%\">\n<p style=\"text-align: center;\" align=\"center\"><img loading=\"lazy\" decoding=\"async\" class=\"aligncenter size-full wp-image-1555\" alt=\"2013-Team-Konstantin-Kerste\" src=\"https:\/\/www.ac-germania.com\/A_ACG\/wordpress\/wp-content\/uploads\/2013\/08\/2013-Team-Konstantin-Kerste.jpg\" width=\"250\" height=\"300\" \/><\/p>\n<\/td>\n<td style=\"text-align: left;\" valign=\"top\" width=\"77%\"><strong>Konstantin Kersten<\/strong><\/p>\n<p><strong>Geburtstag: <\/strong>13.12.1989<\/p>\n<p><strong>Bisherige Vereine:<br \/>\n<\/strong> AC Germania Artern<br \/>\nKSV Galaxy Magdeburg<br \/>\nPSV Magdeburg<\/p>\n<p><strong>Erfolge:<\/strong><br \/>\nmehrfacher Landesmeister<br \/>\nmehrfacher Mitteldeutscher Meister<br \/>\n2. Deutscher Meister<\/p>\n<p style=\"text-align: justify;\">&#8222;Konsti&#8220; z\u00e4hlt bereits seit einigen Jahren zum Kader und ist nicht mehr wegzudenken. Mit seiner aktiven Kampff\u00fchrung begeistert er die Fans.<\/p>\n<\/td>\n<\/tr>\n<\/tbody>\n<tbody>\n<tr>\n<td align=\"center\" valign=\"top\" width=\"22%\"><img loading=\"lazy\" decoding=\"async\" class=\"aligncenter size-full wp-image-1554\" alt=\"2013-Team-Juan-Nquyen\" src=\"https:\/\/www.ac-germania.com\/A_ACG\/wordpress\/wp-content\/uploads\/2013\/08\/2013-Team-Juan-Nquyen.jpg\" width=\"250\" height=\"300\" \/><\/td>\n<td style=\"text-align: left;\" valign=\"top\" width=\"77%\"><strong>Juan Nguyen<\/strong><\/p>\n<p><strong>Geburtstag: <\/strong>26.03.1988<strong><br \/>\n<\/strong><\/p>\n<p><strong>Bisherige Vereine:<br \/>\n<\/strong> AC Germania Artern<br \/>\nTUS Jena<\/p>\n<p><strong>Erfolge:<\/strong><br \/>\nmehrfacher Landesmeister<br \/>\nmehrfacher Mitteldeutscher Meister<br \/>\n3. Deutscher Meister<br \/>\nKader 2. Bundesliga TUS Jena<\/p>\n<p style=\"text-align: justify;\">Unser Freistilspezialist z\u00e4hlt zu den besten Technikern im Team und l\u00e4sst den &#8222;Hexenkessel-Unstruthalle&#8220; regelm\u00e4\u00dfig \u00fcberkochen. Juan d\u00fcrfte im Limit bis 74kg nur schwer zu besiegen sein.<\/p>\n<\/td>\n<\/tr>\n<\/tbody>\n<tbody>\n<tr>\n<td align=\"center\" valign=\"top\" width=\"22%\"><img loading=\"lazy\" decoding=\"async\" class=\"aligncenter size-full wp-image-1551\" alt=\"2013-Team-Christian-Kleint\" src=\"https:\/\/www.ac-germania.com\/A_ACG\/wordpress\/wp-content\/uploads\/2013\/08\/2013-Team-Christian-Kleint.jpg\" width=\"250\" height=\"300\" \/><\/td>\n<td style=\"text-align: left;\" valign=\"top\" width=\"77%\"><strong>Christian &#8222;Oppi&#8220; Kleint<\/strong><\/p>\n<p><strong>Geburtstag: <\/strong>31.01.1983<strong><br \/>\n<\/strong><\/p>\n<p><strong>Bisherige Vereine:<br \/>\n<\/strong> KSV Galaxy Magdeburg<br \/>\nPSV Magdeburg<\/p>\n<p><strong>Erfolge:<\/strong><br \/>\nmehrfacher Landesmeister<br \/>\nmehrfacher Mitteldeutscher Meister<br \/>\n3. Deutscher Meister<br \/>\n4. Deutscher Meister<br \/>\n5. Deutscher Meister<\/p>\n<p style=\"text-align: justify;\">Auf &#8222;Oppi&#8220; ist immer Verlass, der Dauerbrenner im Team ist sich f\u00fcr nichts zu schade und r\u00fcckt bei Bedarf auch mal eine Gewichtsklasse auf.<\/p>\n<\/td>\n<\/tr>\n<\/tbody>\n<tbody>\n<tr>\n<td align=\"center\" valign=\"top\" width=\"22%\"><img loading=\"lazy\" decoding=\"async\" class=\"aligncenter size-full wp-image-1559\" alt=\"2013-Team-Nick-Ratayckzak-H\" src=\"https:\/\/www.ac-germania.com\/A_ACG\/wordpress\/wp-content\/uploads\/2013\/08\/2013-Team-Nick-Ratayckzak-H.jpg\" width=\"250\" height=\"300\" \/><\/td>\n<td style=\"text-align: left;\" valign=\"top\" width=\"77%\"><strong>Nick Ratayczak<\/strong><\/p>\n<p><strong>Geburtstag: <\/strong>09.07.1996<strong><br \/>\n<\/strong><\/p>\n<p><strong>Bisherige Vereine:<br \/>\n<\/strong> AC Germania Artern<\/p>\n<p><strong>Erfolge:<\/strong><br \/>\n2. Landesmeister<\/p>\n<p style=\"text-align: justify;\">Nick z\u00e4hlt als einer der flei\u00dfigsten im Training und hat vor allem k\u00f6rperlich einen gro\u00dfen Schritt gemacht. Diese Saison wird er \u00f6fter eingesetzt und kann so Erfahrung im Ligaalltag sammeln.<\/p>\n<\/td>\n<\/tr>\n<\/tbody>\n<tbody>\n<tr>\n<td align=\"center\" valign=\"top\" width=\"22%\"><img loading=\"lazy\" decoding=\"async\" class=\"alignnone size-full wp-image-1579\" alt=\"2013-Team-Swen-Nickel\" src=\"https:\/\/www.ac-germania.com\/A_ACG\/wordpress\/wp-content\/uploads\/2013\/04\/2013-Team-Swen-Nickel.jpg\" width=\"250\" height=\"300\" \/><\/td>\n<td style=\"text-align: left;\" valign=\"top\" width=\"77%\"><strong>Swen Nickel<\/strong><\/p>\n<p><strong>Geburtstag: <\/strong>05.07.1969<strong><br \/>\n<\/strong><\/p>\n<p><strong>Bisherige Vereine:<br \/>\n<\/strong> WKG Dessau\/Bitterfeld<br \/>\nAC Germania Artern<\/p>\n<p><strong>Erfolge:<\/strong><br \/>\nmehrfacher Landesmeister<br \/>\nDDR-Meister<br \/>\n2. DDR-Spartakiade<\/p>\n<p style=\"text-align: justify;\">Das Arterner Urgestein ist auch diese Saison wieder mit an Board und wird den ein oder anderen Einsatz im Limit bis 74kg GR erhalten. Seine Routine und beherzte Kampfweise wird vielen Gegnern zu schaffen machen.<\/p>\n<\/td>\n<\/tr>\n<\/tbody>\n<tbody>\n<tr>\n<td align=\"center\" valign=\"top\" width=\"22%\"><a href=\"https:\/\/www.ac-germania.com\/A_ACG\/wordpress\/wp-content\/uploads\/2013\/08\/2013-Team-Maximilian-Heft.jpg\"><img loading=\"lazy\" decoding=\"async\" class=\"alignnone size-full wp-image-1557\" alt=\"2013-Team-Maximilian-Heft\" src=\"https:\/\/www.ac-germania.com\/A_ACG\/wordpress\/wp-content\/uploads\/2013\/08\/2013-Team-Maximilian-Heft.jpg\" width=\"250\" height=\"300\" \/><\/a><\/td>\n<td style=\"text-align: left;\" valign=\"top\" width=\"77%\"><strong>Maximilian Heft<\/strong><\/p>\n<p><strong><\/strong><strong>Geburtstag: <\/strong>25.06.1990<strong><br \/>\n<\/strong><\/p>\n<p><strong>Bisherige Vereine:<br \/>\n<\/strong> AC Germania Artern<br \/>\nWKG Dessau\/Bitterfeld<br \/>\nRSV Nebra<\/p>\n<p><strong>Erfolge:<\/strong><br \/>\nmehrfacher Landesmeister<br \/>\nmehrfacher Mitteldeutscher Meister<\/p>\n<p style=\"text-align: justify;\">&#8222;Hefti&#8220; hat sich letzte Saison durch seine Risikobereitschaft und enormen Siegeswillen zum Publikumsliebling gemausert und gilt im Limit bis 84kg FR als gesetzt.<\/p>\n<\/td>\n<\/tr>\n<\/tbody>\n<tbody>\n<tr>\n<td align=\"center\" valign=\"top\" width=\"22%\"><img loading=\"lazy\" decoding=\"async\" class=\"alignnone size-full wp-image-1578\" alt=\"2013-Team-Oldrich-Varga\" src=\"https:\/\/www.ac-germania.com\/A_ACG\/wordpress\/wp-content\/uploads\/2013\/04\/2013-Team-Oldrich-Varga.jpg\" width=\"250\" height=\"300\" \/><\/td>\n<td style=\"text-align: left;\" valign=\"top\" width=\"77%\"><strong>Oldrich Varga<\/strong><\/p>\n<p><strong>Geburtstag: <\/strong>01.12.1993<strong><br \/>\n<\/strong><\/p>\n<p><strong>Bisherige Vereine:<br \/>\n<\/strong> TJ Jiskra Havlickuv Brod (CZ)<\/p>\n<p><strong>Erfolge:<\/strong><br \/>\nmehrfacher Tschechischer Meister Jgd.<br \/>\n2. Tschechischer Meister Senioren<br \/>\n9. Platz Europameisterschaft Jgd.<br \/>\nNationalkader Tschechien<\/p>\n<p style=\"text-align: justify;\">Der sympathische Tscheche konnte auch diese Saison gehalten werden, damit d\u00fcrfen sich die Fans erneut auf &#8222;Olda&#8220; freuen. Mit seinem jungen Alter geh\u00f6rt er bereits der Tschechischen Nationalmannschaft an.<\/p>\n<\/td>\n<\/tr>\n<\/tbody>\n<tbody>\n<tr>\n<td align=\"center\" valign=\"top\" width=\"22%\"><img loading=\"lazy\" decoding=\"async\" class=\"alignnone size-full wp-image-1639\" alt=\"2013-Team-Andreas-Bering\" src=\"https:\/\/www.ac-germania.com\/A_ACG\/wordpress\/wp-content\/uploads\/2013\/04\/2013-Team-Andreas-Bering1.jpg\" width=\"250\" height=\"300\" srcset=\"https:\/\/www.ac-germania.com\/A_ACG\/wordpress\/wp-content\/uploads\/2013\/04\/2013-Team-Andreas-Bering1.jpg 250w, https:\/\/www.ac-germania.com\/A_ACG\/wordpress\/wp-content\/uploads\/2013\/04\/2013-Team-Andreas-Bering1-125x150.jpg 125w\" sizes=\"auto, (max-width: 250px) 100vw, 250px\" \/><\/td>\n<td style=\"text-align: left;\" valign=\"top\" width=\"77%\"><strong>Andreas Bering<\/strong><\/p>\n<p><strong>Geburtstag: <\/strong>17.08.1984<strong><br \/>\n<\/strong><\/p>\n<p><strong>Bisherige Vereine:<br \/>\n<\/strong> KAV Mansfelder Land<br \/>\nKSV Pausa<br \/>\nAC Germania Artern<br \/>\nSAV Leipzig<\/p>\n<p><strong>Erfolge:<\/strong><br \/>\nmehrfacher Landesmeister<br \/>\nmehrfacher Mitteldeutscher Meister<br \/>\n4. Deutscher Meister<br \/>\nKader 2. Bundesliga KSV Pausa \/ KAV ML<\/p>\n<p style=\"text-align: justify;\">Er ist wieder da! Bereits von 2008 bis 2009 k\u00e4mpfte &#8222;Andy&#8220; im Germanentrikot und \u00fcberzeugte durch seine spektakul\u00e4re Kampfweise. Das Kraftpaket wird im Limit bis 84kg und 96kg zum Einsatz kommen.<\/p>\n<\/td>\n<\/tr>\n<\/tbody>\n<tbody>\n<tr>\n<td align=\"center\" valign=\"top\" width=\"22%\"><img loading=\"lazy\" decoding=\"async\" class=\"alignnone size-full wp-image-1553\" alt=\"2013-Team-Jan-Friedl\" src=\"https:\/\/www.ac-germania.com\/A_ACG\/wordpress\/wp-content\/uploads\/2013\/08\/2013-Team-Jan-Friedl.jpg\" width=\"250\" height=\"300\" \/><\/td>\n<td style=\"text-align: left;\" valign=\"top\" width=\"77%\"><strong>Jan Friedl<\/strong><\/p>\n<p><strong>Geburtstag: <\/strong>09.09.1987<\/p>\n<p><strong><\/strong><strong>Bisherige Vereine:<br \/>\n<\/strong> KG Rostock<br \/>\nSV Warnem\u00fcnde<\/p>\n<p><strong>Erfolge:<\/strong><br \/>\nmehrfacher Landesmeister<br \/>\n4. Deutscher Meister<br \/>\n2x 6. Deutscher Meister<br \/>\nDeutscher Mannschaftsmeister Jgd. C\/D<br \/>\nKader 1.\/2. Bundesliga KG Rostock<\/p>\n<p style=\"text-align: justify;\">Auch Jan wird wieder f\u00fcr die Germanen auflaufen und vor allem im freien Stil bis 96kg f\u00fcr Furore sorgen. Jan ist der einzige im Team der bereits in der 1. Bundesliga gek\u00e4mpft hat.<\/p>\n<\/td>\n<\/tr>\n<\/tbody>\n<tbody>\n<tr>\n<td align=\"center\" valign=\"top\" width=\"22%\"><img loading=\"lazy\" decoding=\"async\" class=\"alignnone size-full wp-image-1552\" alt=\"2013-Team-Daniel-Geist\" src=\"https:\/\/www.ac-germania.com\/A_ACG\/wordpress\/wp-content\/uploads\/2013\/08\/2013-Team-Daniel-Geist.jpg\" width=\"250\" height=\"300\" \/><\/td>\n<td style=\"text-align: left;\" valign=\"top\" width=\"77%\"><strong>Daniel Geist<\/strong><\/p>\n<p><strong>Geburtstag: <\/strong>15.06.1989<strong><br \/>\n<\/strong><\/p>\n<p><strong>Bisherige Vereine:<br \/>\n<\/strong> KAV Mansfelder Land<br \/>\nAC Germania Artern<br \/>\nWerniger\u00f6der SV<\/p>\n<p><strong>Erfolge:<\/strong><br \/>\nmehrfacher Landesmeister<br \/>\nmehrfacher Mitteldeutscher Meister<br \/>\nDeutscher Meister<br \/>\n2x 2. Deutscher Meister<br \/>\n2x 4. Deutscher Meister<br \/>\n2. Platz FILA-Turnier Luckenwalde<br \/>\nDeutscher Mannschaftsmeister Jgd. C\/D<br \/>\nKader 2. Bundesliga KAV Mansfelder Land<\/p>\n<p style=\"text-align: justify;\">&#8222;Geisti&#8220; deckt erneut das oberste Limit ab und gilt f\u00fcr viele seiner Gegner wegen seiner aggressiven Kampfweise als &#8222;Angstgegner&#8220;.<\/p>\n<\/td>\n<\/tr>\n<\/tbody>\n<tbody>\n<tr>\n<td align=\"center\" valign=\"top\" width=\"22%\">\n<h4><strong>Trainer-\/Betreuerstab<\/strong><\/h4>\n<\/td>\n<td style=\"text-align: left;\" valign=\"top\" width=\"77%\"><\/td>\n<\/tr>\n<\/tbody>\n<tbody>\n<tr>\n<td align=\"center\" valign=\"top\" width=\"22%\"><a href=\"https:\/\/www.ac-germania.com\/A_ACG\/wordpress\/wp-content\/uploads\/2013\/08\/2013-Team-Michael-Getschman.jpg\"><img loading=\"lazy\" decoding=\"async\" class=\"alignnone size-full wp-image-1558\" alt=\"2013-Team-Michael-Getschman\" src=\"https:\/\/www.ac-germania.com\/A_ACG\/wordpress\/wp-content\/uploads\/2013\/08\/2013-Team-Michael-Getschman.jpg\" width=\"250\" height=\"300\" \/><\/a><\/td>\n<td style=\"text-align: left;\" valign=\"top\" width=\"77%\"><strong>Michael Getschmann<\/strong><\/p>\n<p style=\"text-align: justify;\">Der Coach wird die Mannschaft Woche f\u00fcr Woche aufs Neue einstellen und versuchen das Maximum herauszuholen. Seine Zielstellung in dieser Saison: Platz 1-3!<\/p>\n<\/td>\n<\/tr>\n<\/tbody>\n<tbody>\n<tr>\n<td align=\"center\" valign=\"top\" width=\"22%\"><img loading=\"lazy\" decoding=\"async\" class=\"alignnone size-full wp-image-1576\" alt=\"2013-Team-Lothar-Finke\" src=\"https:\/\/www.ac-germania.com\/A_ACG\/wordpress\/wp-content\/uploads\/2013\/04\/2013-Team-Lothar-Finke.jpg\" width=\"250\" height=\"300\" \/><\/td>\n<td style=\"text-align: left;\" valign=\"top\" width=\"77%\"><strong>Lothar Finke<\/strong><\/p>\n<p>Lothar ist f\u00fcr viele organisatorische Dinge innerhalb der Mannschaft zust\u00e4ndig und wird dem Trainer einiges an Arbeit abnehmen.<\/td>\n<\/tr>\n<\/tbody>\n<tbody>\n<tr>\n<td align=\"center\" valign=\"top\" width=\"22%\"><img loading=\"lazy\" decoding=\"async\" class=\"alignnone size-full wp-image-1577\" alt=\"2013-Team-Mario-Panitzsch\" src=\"https:\/\/www.ac-germania.com\/A_ACG\/wordpress\/wp-content\/uploads\/2013\/04\/2013-Team-Mario-Panitzsch.jpg\" width=\"250\" height=\"300\" \/><\/td>\n<td style=\"text-align: left;\" valign=\"top\" width=\"77%\"><strong>Mario Panitzsch<br \/>\n<\/strong><\/p>\n<p style=\"text-align: justify;\">Mario gilt als &#8222;Bindeglied&#8220; zwischen den Sportlern und der Mannschaftsleitung. Coach Michael Getschmann kann au\u00dferdem auf ihn als Co-Trainer zur\u00fcckgreifen.<\/p>\n<\/td>\n<\/tr>\n<\/tbody>\n<tbody>\n<tr>\n<td align=\"center\" valign=\"top\" width=\"22%\"><img loading=\"lazy\" decoding=\"async\" class=\"alignnone size-full wp-image-1575\" alt=\"2013-Team-Gerhardt-G\u00fcnther\" src=\"https:\/\/www.ac-germania.com\/A_ACG\/wordpress\/wp-content\/uploads\/2013\/04\/2013-Team-Gerhardt-G\u00fcnther.jpg\" width=\"250\" height=\"300\" \/><\/td>\n<td style=\"text-align: left;\" valign=\"top\" width=\"77%\"><strong>Gerhardt G\u00fcnther<\/strong><\/p>\n<p>Gerhardt ist als ACG-Nachwuchstrainer der erste Anlaufpunkt f\u00fcr die &#8222;Junge-Garde&#8220; im Team.<\/td>\n<\/tr>\n<\/tbody>\n<tbody>\n<tr>\n<td align=\"center\" valign=\"top\" width=\"22%\"><img loading=\"lazy\" decoding=\"async\" class=\"alignnone size-full wp-image-1580\" alt=\"2013-Team-Marion-Kersten\" src=\"https:\/\/www.ac-germania.com\/A_ACG\/wordpress\/wp-content\/uploads\/2013\/04\/2013-Team-Marion-Kersten.jpg\" width=\"250\" height=\"300\" \/><\/td>\n<td style=\"text-align: left;\" valign=\"top\" width=\"77%\"><strong>DM Marion Kersten<\/strong><\/p>\n<p>Marion unterst\u00fctzt das Team in allen medizinischen Angelegenheiten und \u00fcbernimmt auch zu den K\u00e4mpfen die medizinische Betreuung.<\/td>\n<\/tr>\n<\/tbody>\n<\/table>\n","protected":false},"excerpt":{"rendered":"<p>Regionalliga-Team 2013 &nbsp; Jan Gabor Scholz Geburtstag: 18.02.1985 Bisherige Vereine: AC Germania Artern Erfolge: mehrfacher Landesmeister mehrfacher Mitteldeutscher Meister 6. Deutscher Meister &#8222;Mucki&#8220; ist ein Dauerbrenner im Team und im Limit bis 55kg nicht wegzudenken. Als Freistilspezialist kann er aber auch im Griechisch-R\u00f6mischen Stil eingesetzt werden. Anulak Maneekul Geburtstag: 04.12.1998 \u2026 <a class=\"continue-reading-link\" href=\"https:\/\/www.ac-germania.com\/?page_id=65\">Weiterlesen <span class=\"meta-nav\">&rarr; <\/span><\/a><\/p>\n","protected":false},"author":1,"featured_media":0,"parent":0,"menu_order":0,"comment_status":"closed","ping_status":"closed","template":"","meta":{"footnotes":""},"class_list":["post-65","page","type-page","status-publish","hentry"],"_links":{"self":[{"href":"https:\/\/www.ac-germania.com\/index.php?rest_route=\/wp\/v2\/pages\/65","targetHints":{"allow":["GET"]}}],"collection":[{"href":"https:\/\/www.ac-germania.com\/index.php?rest_route=\/wp\/v2\/pages"}],"about":[{"href":"https:\/\/www.ac-germania.com\/index.php?rest_route=\/wp\/v2\/types\/page"}],"author":[{"embeddable":true,"href":"https:\/\/www.ac-germania.com\/index.php?rest_route=\/wp\/v2\/users\/1"}],"replies":[{"embeddable":true,"href":"https:\/\/www.ac-germania.com\/index.php?rest_route=%2Fwp%2Fv2%2Fcomments&post=65"}],"version-history":[{"count":0,"href":"https:\/\/www.ac-germania.com\/index.php?rest_route=\/wp\/v2\/pages\/65\/revisions"}],"wp:attachment":[{"href":"https:\/\/www.ac-germania.com\/index.php?rest_route=%2Fwp%2Fv2%2Fmedia&parent=65"}],"curies":[{"name":"wp","href":"https:\/\/api.w.org\/{rel}","templated":true}]}}