{"id":6163,"date":"2018-08-09T17:08:49","date_gmt":"2018-08-09T16:08:49","guid":{"rendered":"https:\/\/www.ac-germania.com\/?page_id=6163"},"modified":"2018-08-09T17:08:49","modified_gmt":"2018-08-09T16:08:49","slug":"landesliga-sah-2018","status":"publish","type":"page","link":"https:\/\/www.ac-germania.com\/?page_id=6163","title":{"rendered":"Landesliga SAH 2018"},"content":{"rendered":"<h2><strong><img loading=\"lazy\" decoding=\"async\" class=\"alignnone size-full wp-image-5088\" src=\"https:\/\/www.ac-germania.com\/A_ACG\/wordpress\/wp-content\/uploads\/2018\/08\/2018_Web-HL-Terminplan_2018.png\" alt=\"\" width=\"1050\" height=\"207\" \/><\/strong><\/h2>\n<hr \/>\n<p><strong>Termine direkt aufs Handy oder Tablet<\/strong><\/p>\n<p><a href=\"webcal:\/\/p06-calendarws.icloud.com\/ca\/subscribe\/1\/VlzkLSGv_ZeUmHrGD2uiq6tk-SZtxzULGNLkRpnTUjNMnNXNFuflJ4TSen5RCm_0RdHcLpZlu4mNBjJXb7Lx2hnEIcVs_iHJ8uajVrzk2RA\" target=\"_blank\" rel=\"noopener\"><img loading=\"lazy\" decoding=\"async\" class=\"alignnone size-full wp-image-5199\" src=\"https:\/\/www.ac-germania.com\/A_ACG\/wordpress\/wp-content\/uploads\/2017\/05\/2017-06-01-ACG-Web-iOS.jpg\" alt=\"\" width=\"1050\" height=\"100\" srcset=\"https:\/\/www.ac-germania.com\/A_ACG\/wordpress\/wp-content\/uploads\/2017\/05\/2017-06-01-ACG-Web-iOS.jpg 1050w, https:\/\/www.ac-germania.com\/A_ACG\/wordpress\/wp-content\/uploads\/2017\/05\/2017-06-01-ACG-Web-iOS-300x29.jpg 300w, https:\/\/www.ac-germania.com\/A_ACG\/wordpress\/wp-content\/uploads\/2017\/05\/2017-06-01-ACG-Web-iOS-768x73.jpg 768w, https:\/\/www.ac-germania.com\/A_ACG\/wordpress\/wp-content\/uploads\/2017\/05\/2017-06-01-ACG-Web-iOS-1024x98.jpg 1024w, https:\/\/www.ac-germania.com\/A_ACG\/wordpress\/wp-content\/uploads\/2017\/05\/2017-06-01-ACG-Web-iOS-150x14.jpg 150w\" sizes=\"auto, (max-width: 1050px) 100vw, 1050px\" \/><\/a><\/p>\n<p><a href=\"https:\/\/calendar.google.com\/calendar\/ical\/stknopf%40freenet.de\/public\/basic.ics\" target=\"_blank\" rel=\"noopener\"><img loading=\"lazy\" decoding=\"async\" class=\"alignnone size-full wp-image-5202\" src=\"https:\/\/www.ac-germania.com\/A_ACG\/wordpress\/wp-content\/uploads\/2017\/05\/2017-06-01-ACG-Web-Android.jpg\" alt=\"\" width=\"1050\" height=\"100\" srcset=\"https:\/\/www.ac-germania.com\/A_ACG\/wordpress\/wp-content\/uploads\/2017\/05\/2017-06-01-ACG-Web-Android.jpg 1050w, https:\/\/www.ac-germania.com\/A_ACG\/wordpress\/wp-content\/uploads\/2017\/05\/2017-06-01-ACG-Web-Android-300x29.jpg 300w, https:\/\/www.ac-germania.com\/A_ACG\/wordpress\/wp-content\/uploads\/2017\/05\/2017-06-01-ACG-Web-Android-768x73.jpg 768w, https:\/\/www.ac-germania.com\/A_ACG\/wordpress\/wp-content\/uploads\/2017\/05\/2017-06-01-ACG-Web-Android-1024x98.jpg 1024w, https:\/\/www.ac-germania.com\/A_ACG\/wordpress\/wp-content\/uploads\/2017\/05\/2017-06-01-ACG-Web-Android-150x14.jpg 150w\" sizes=\"auto, (max-width: 1050px) 100vw, 1050px\" \/><\/a><\/p>\n<hr \/>\n<p><strong>Teilnehmende Mannschaften<\/strong><\/p>\n<p><b>Landesliga Sachsen-Anhalt Staffel Nord (N)<br \/>\n<\/b><a href=\"http:\/\/www.afg-ringerverein-hannover.de\/\" target=\"_blank\" rel=\"noopener noreferrer\">1. Afganischer RV Hannover<\/a>, <a href=\"https:\/\/1hrv.de\/\/\" target=\"_blank\" rel=\"noopener noreferrer\">1. Henningsdorfer RV<\/a>, <a href=\"http:\/\/www.ksv-salzgitter.de\/ringen\/\/\" target=\"_blank\" rel=\"noopener noreferrer\">KG Salzgitter<\/a>, <a href=\"https:\/\/www.1lsc.de\/home.php\" target=\"_blank\" rel=\"noopener noreferrer\">1. Luckenwalder SC II.<\/a>, <a href=\"https:\/\/www.facebook.com\/T%C3%BCrkischer-Ringerverein-Berlin-1981-eV-TRV--431298440264014\/\" target=\"_blank\" rel=\"noopener noreferrer\">T\u00fcrkischer RV Berlin 1981<\/a><\/p>\n<p><b>Landesliga Sachsen-Anhalt Staffel S\u00fcd (S)<br \/>\n<\/b><a href=\"http:\/\/www.ringen-msv90.de\/\" target=\"_blank\" rel=\"noopener noreferrer\">Magdeburger SV 90<\/a>, <a href=\"https:\/\/kav-ringen.de\/\" target=\"_blank\" rel=\"noopener noreferrer\">KAV Mansfelder Land II<\/a>, <a href=\"https:\/\/www.rsv-merseburg.de\/\" target=\"_blank\" rel=\"noopener noreferrer\">KG Mattenf\u00fcchse Saalekreis\/Sangerhausen<\/a>, <strong>ACG Artern<\/strong>, <a href=\"http:\/\/www.kscapolda.wg.vu\/\" target=\"_blank\" rel=\"noopener noreferrer\">WKG Apolda\/S\u00f6mmerda<\/a><\/p>\n<hr \/>\n<p><strong>Vorrunde<\/strong><\/p>\n<p>01.09.18 | N | 19.00 Uhr\u00a0| Afganischer RV Hannover vs 1. Henningsdorfer RV<br \/>\n01.09.18 | N | 17.30 Uhr\u00a0| 1. Luckenwalder SC II vs KG Salzgitter<br \/>\n01.09.18 | S | 19.30 Uhr\u00a0|\u00a0<strong>AC Germania Artern<\/strong> vs WKG Apolda\/S\u00f6mmerda<br \/>\n01.09.18 | S | 19.00 Uhr\u00a0| KG Mattenf\u00fcchse Saalekreis\/Sangerh. vs KAV Mansfelder Land II<\/p>\n<p>08.09.18 | N | 19.00 Uhr\u00a0| T\u00fcrkischer RV Berlin 1981 vs Afganischer RV Hannover<br \/>\n08.09.18 | S | 19.00 Uhr\u00a0| Magdeburger SV 90 vs KG Mattenf\u00fcchse Saalekreis\/Sangerhausen<\/p>\n<p>15.09.18 | N | 19.30 Uhr\u00a0| 1. Henningsdorfer RV vs KG Salzgitter<br \/>\n15.09.18 | N | 17.30 Uhr\u00a0| 1. Luckenwalder SC II vs T\u00fcrkischer RV Berlin 1981<br \/>\n15.09.18 | S | 15.00 Uhr\u00a0| WKG Apolda\/S\u00f6mmerda vs Magdeburger SV 90<br \/>\n15.09.18 | S | 19.30 Uhr\u00a0|\u00a0<strong>AC Germania Artern<\/strong> vs KG Mattenf\u00fcchse Saalekreis\/Sangerhausen<\/p>\n<p>22.09.18 | N | 19.30 Uhr\u00a0| 1. Henningsdorfer RV vs 1. Luckenwalder SC II<br \/>\n22.09.18 | S | 17.00 Uhr\u00a0| KAV Mansfelder Land II vs WKG Apolda\/S\u00f6mmerda<br \/>\n22.09.18 | S | 19.00 Uhr\u00a0| Magdeburger SV 90 vs <strong>AC Germania Artern<\/strong><\/p>\n<p>29.09.18 | N | 19.00 Uhr\u00a0| Afganischer RV Hannover vs 1. Luckenwalder SC II<br \/>\n29.09.18 | N | 19.30 Uhr\u00a0| KG Salzgitter vs T\u00fcrkischer RV Berlin 1981<br \/>\n29.09.18 | S | 17.00 Uhr\u00a0| KAV Mansfelder Land II vs <strong>AC Germania Artern<\/strong><\/p>\n<p>03.10.18 | S | 15.00 Uhr\u00a0| KG Mattenf\u00fcchse Saalekreis\/Sangerh. vs WKG Apolda\/S\u00f6mmerda<\/p>\n<p>06.10.18 | N | 19.00 Uhr\u00a0| Afganischer RV Hannover vs KG Salzgitter<br \/>\n06.10.18 | N | 19.00 Uhr\u00a0| T\u00fcrkischer RV Berlin 1981 vs 1. Henningsdorfer RV<\/p>\n<hr \/>\n<p><strong>R\u00fcckrunde<br \/>\n<\/strong><\/p>\n<p>06.10.18 | S | 17.00 Uhr\u00a0| KAV Mansfelder Land II vs KG Mattenf\u00fcchse Saalekreis\/Sangerh.<\/p>\n<p>13.10.18 | N | 19.00 Uhr\u00a0| Afganischer RV Hannover vs T\u00fcrkischer RV Berlin 1981<br \/>\n13.10.18 | N | 17.30 Uhr\u00a0| 1. Luckenwalder SC II vs 1. Henningsdorfer RV<br \/>\n13.10.18 | S | 17.00 Uhr\u00a0| WKG Apolda\/S\u00f6mmerda vs <strong>AC Germania Artern<\/strong><br \/>\n13.10.18 | S | 18.30 Uhr\u00a0| WKG Apolda\/S\u00f6mmerda vs KG Mattenf\u00fcchse Saalekreis\/Sangerh.<br \/>\n13.10.18 | S | 19.00 Uhr\u00a0| Magdeburger SV 90 vs KAV Mansfelder Land II<\/p>\n<p>27.10.18 | N | 19.30 Uhr\u00a0| KG Salzgitter vs Afganischer RV Hannover<br \/>\n27.10.18 | N | 19.30 Uhr\u00a0| 1. Henningsdorfer RV vs T\u00fcrkischer RV Berlin 1981<\/p>\n<p>03.11.18 | N | 17.30 Uhr\u00a0| 1. Luckenwalder SC II vs Afganischer RV Hannover<br \/>\n03.11.18 | N | 19.00 Uhr\u00a0| T\u00fcrkischer RV Berlin 1981 vs KG Salzgitter<br \/>\n03.11.18 | S | 17.00 Uhr\u00a0| KAV Mansfelder Land II vs Magdeburger SV 90<\/p>\n<p>10.11.18 | S | 18.00 Uhr\u00a0| WKG Apolda\/S\u00f6mmerda vs KAV Mansfelder Land II<br \/>\n10.11.18 | S | 18.00 Uhr\u00a0| KG Mattenf\u00fcchse Saalekreis\/Sangerhausen vs Magdeburger SV 90<\/p>\n<p>17.11.18 | N | 19.30 Uhr\u00a0| KG Salzgitter vs 1. Luckenwalder SC II<br \/>\n17.11.18 | N | 19.30 Uhr\u00a0| 1. Henningsdorfer RV vs Afganischer RV Hannover<br \/>\n17.11.18 | S | 19.00 Uhr\u00a0| Magdeburger SV 90 vs WKG Apolda\/S\u00f6mmerda<br \/>\n17.11.18 | S | 19.30 Uhr\u00a0|\u00a0<strong>AC Germania Artern<\/strong> vs KAV Mansfelder Land II<\/p>\n<p>24.11.18 | N | 19.00 Uhr\u00a0| T\u00fcrkischer RV Berlin 1981 vs 1. Luckenwalder SC II<br \/>\n24.11.18 | S | 19.00 Uhr\u00a0| KG Mattenf\u00fcchse Saalekreis\/Sangerh. vs <strong>AC Germania Artern<\/strong><\/p>\n<p>01.12.18 | N | 19.30 Uhr\u00a0| KG Salzgitter vs 1. Henningsdorfer RV<br \/>\n01.12.18 | S | 19.30 Uhr\u00a0|\u00a0<strong>AC Germania Artern<\/strong> vs Magdeburger SV 90<\/p>\n<hr \/>\n<p><strong>Finalk\u00e4mpfe (Vork\u00e4mpfe)<br \/>\n<\/strong><\/p>\n<p>08.12.18 | Platz 9\/10 | N 5 vs S 5<br \/>\n08.12.18 | Platz 7\/8 | N 4 vs S 4<br \/>\n08.12.18 | Platz 5\/6 | N 3 vs S 3<br \/>\n08.12.18 | Platz 3\/4 | N 2 vs S 2<br \/>\n08.12.18 | Platz 1\/2 | N 1 vs S 1<\/p>\n<hr \/>\n<p><strong>Finalk\u00e4mpfe (R\u00fcckk\u00e4mpfe)<br \/>\n<\/strong><\/p>\n<p>15.12.18 | Platz 9\/10 | S 5 vs N 5<br \/>\n15.12.18 | Platz 7\/8 | S 4 vs N 4<br \/>\n15.12.18 | Platz 5\/6 | S 3 vs N 3<br \/>\n15.12.18 | Platz 3\/4 | S 2 vs N 2<br \/>\n15.12.18 | Platz 1\/2 | S 1 vs N 1<\/p>\n<hr \/>\n<p><strong>Aufstiegsk\u00e4mpfe zur Reginalliga<br \/>\n<\/strong><\/p>\n<p>05.01.19 | Vertreter LL SAS vs Vertreter LL SAH<br \/>\n05.01.19 | Vertreter LL SAH vs Vertreter LL SAS<\/p>\n","protected":false},"excerpt":{"rendered":"<p>Termine direkt aufs Handy oder Tablet Teilnehmende Mannschaften Landesliga Sachsen-Anhalt Staffel Nord (N) 1. Afganischer RV Hannover, 1. Henningsdorfer RV, KG Salzgitter, 1. Luckenwalder SC II., T\u00fcrkischer RV Berlin 1981 Landesliga Sachsen-Anhalt Staffel S\u00fcd (S) Magdeburger SV 90, KAV Mansfelder Land II, KG Mattenf\u00fcchse Saalekreis\/Sangerhausen, ACG Artern, WKG Apolda\/S\u00f6mmerda Vorrunde \u2026 <a class=\"continue-reading-link\" href=\"https:\/\/www.ac-germania.com\/?page_id=6163\">Weiterlesen <span class=\"meta-nav\">&rarr; <\/span><\/a><\/p>\n","protected":false},"author":97,"featured_media":0,"parent":1343,"menu_order":0,"comment_status":"closed","ping_status":"closed","template":"","meta":{"footnotes":""},"class_list":["post-6163","page","type-page","status-publish","hentry"],"_links":{"self":[{"href":"https:\/\/www.ac-germania.com\/index.php?rest_route=\/wp\/v2\/pages\/6163","targetHints":{"allow":["GET"]}}],"collection":[{"href":"https:\/\/www.ac-germania.com\/index.php?rest_route=\/wp\/v2\/pages"}],"about":[{"href":"https:\/\/www.ac-germania.com\/index.php?rest_route=\/wp\/v2\/types\/page"}],"author":[{"embeddable":true,"href":"https:\/\/www.ac-germania.com\/index.php?rest_route=\/wp\/v2\/users\/97"}],"replies":[{"embeddable":true,"href":"https:\/\/www.ac-germania.com\/index.php?rest_route=%2Fwp%2Fv2%2Fcomments&post=6163"}],"version-history":[{"count":0,"href":"https:\/\/www.ac-germania.com\/index.php?rest_route=\/wp\/v2\/pages\/6163\/revisions"}],"up":[{"embeddable":true,"href":"https:\/\/www.ac-germania.com\/index.php?rest_route=\/wp\/v2\/pages\/1343"}],"wp:attachment":[{"href":"https:\/\/www.ac-germania.com\/index.php?rest_route=%2Fwp%2Fv2%2Fmedia&parent=6163"}],"curies":[{"name":"wp","href":"https:\/\/api.w.org\/{rel}","templated":true}]}}