{"id":5965,"date":"2018-05-16T17:36:27","date_gmt":"2018-05-16T16:36:27","guid":{"rendered":"http:\/\/www.ac-germania.com\/?page_id=5965"},"modified":"2025-08-25T11:36:58","modified_gmt":"2025-08-25T09:36:58","slug":"ansprechpartner","status":"publish","type":"page","link":"https:\/\/www.ac-germania.com\/?page_id=5965","title":{"rendered":"Ansprechpartner"},"content":{"rendered":"<table border=\"1\" width=\"100%\">\n<tbody>\n<tr>\n<td colspan=\"2\" width=\"99%\"><strong>Sportst\u00e4ttenmanagement<\/strong><\/td>\n<\/tr>\n<tr>\n<td width=\"22%\"><img loading=\"lazy\" decoding=\"async\" class=\" aligncenter\" src=\"https:\/\/www.ac-germania.com\/A_ACG\/wordpress\/wp-content\/uploads\/2013\/05\/acg_vorstand_kein_bild1.jpg\" alt=\"acg_vorstand_kein_bild\" width=\"150\" height=\"200\" \/><\/td>\n<td width=\"77%\"><b>Steffen Knoll<br \/>\n<\/b><br \/>\nMobil: +49 (0) 174 951 29 02<br \/>\n.<br \/>\nE-Mail: <a href=\"mailto:gut1-artern@web.de\">gut1-artern@web.de<\/a><\/td>\n<\/tr>\n<tr>\n<td colspan=\"2\" width=\"99%\"><strong>\u00d6ffentlichkeitsarbeit \/ Archiv<\/strong><\/td>\n<\/tr>\n<tr>\n<td width=\"22%\"><img loading=\"lazy\" decoding=\"async\" class=\"alignnone size-full wp-image-3191 aligncenter\" src=\"https:\/\/www.ac-germania.com\/A_ACG\/wordpress\/wp-content\/uploads\/2013\/04\/acg_vorstand_manja_braunsdorf.jpg\" alt=\"acg_vorstand_manja_braunsdorf\" width=\"150\" height=\"200\" srcset=\"https:\/\/www.ac-germania.com\/A_ACG\/wordpress\/wp-content\/uploads\/2013\/04\/acg_vorstand_manja_braunsdorf.jpg 150w, https:\/\/www.ac-germania.com\/A_ACG\/wordpress\/wp-content\/uploads\/2013\/04\/acg_vorstand_manja_braunsdorf-113x150.jpg 113w\" sizes=\"auto, (max-width: 150px) 100vw, 150px\" \/><\/td>\n<td width=\"77%\"><b>Manja Braunsdorf<br \/>\n<\/b><br \/>\nMobil: +49 (0) 173 787 71 76<br \/>\n.<br \/>\nE-Mail: <a href=\"mailto:mbsternchen@web.de\">mbsternchen@web.de<\/a><\/td>\n<\/tr>\n<tr>\n<td colspan=\"2\" width=\"99%\">\u00a0<b>Mitgliederverwaltung<\/b><\/td>\n<\/tr>\n<tr>\n<td width=\"22%\">\u00a0<img loading=\"lazy\" decoding=\"async\" class=\"alignnone wp-image-2697 size-full aligncenter\" src=\"https:\/\/www.ac-germania.com\/A_ACG\/wordpress\/wp-content\/uploads\/2013\/04\/acg_vorstand_steffen_guenther.jpg\" alt=\"Steffen G\u00fcnther\" width=\"150\" height=\"200\" srcset=\"https:\/\/www.ac-germania.com\/A_ACG\/wordpress\/wp-content\/uploads\/2013\/04\/acg_vorstand_steffen_guenther.jpg 150w, https:\/\/www.ac-germania.com\/A_ACG\/wordpress\/wp-content\/uploads\/2013\/04\/acg_vorstand_steffen_guenther-112x150.jpg 112w\" sizes=\"auto, (max-width: 150px) 100vw, 150px\" \/><\/td>\n<td width=\"77%\">\u00a0<b>Steffen G\u00fcnther<br \/>\n<\/b><br \/>\nMobil: +49 (0) 162 853 25 68<br \/>\nE-Mail: <a href=\"mailto:guenther_steffen@t-online.de\" target=\"_blank\" rel=\"noopener noreferrer\">guenther_steffen@t-online.de<\/a><\/td>\n<\/tr>\n<tr>\n<td colspan=\"2\" width=\"99%\"><b>Kassenpr\u00fcfer 1<br \/>\n<\/b><\/td>\n<\/tr>\n<tr>\n<td width=\"22%\"><img loading=\"lazy\" decoding=\"async\" class=\" aligncenter\" src=\"https:\/\/www.ac-germania.com\/A_ACG\/wordpress\/wp-content\/uploads\/2013\/05\/acg_vorstand_kein_bild1.jpg\" alt=\"acg_vorstand_kein_bild\" width=\"150\" height=\"200\" \/><\/td>\n<td width=\"77%\"><b>Dirk Michel<br \/>\n<\/b><\/td>\n<\/tr>\n<tr>\n<td colspan=\"2\" width=\"99%\"><b>Kassenpr\u00fcfer 2<br \/>\n<\/b><\/td>\n<\/tr>\n<tr>\n<td width=\"22%\"><img loading=\"lazy\" decoding=\"async\" class=\" aligncenter\" src=\"https:\/\/www.ac-germania.com\/A_ACG\/wordpress\/wp-content\/uploads\/2013\/05\/acg_vorstand_kein_bild1.jpg\" alt=\"acg_vorstand_kein_bild\" width=\"150\" height=\"200\" \/><\/td>\n<td width=\"77%\"><b>Torsten Grosche<br \/>\n<\/b><\/td>\n<\/tr>\n<\/tbody>\n<\/table>\n","protected":false},"excerpt":{"rendered":"<p>Sportst\u00e4ttenmanagement Steffen Knoll Mobil: +49 (0) 174 951 29 02 . E-Mail: gut1-artern@web.de \u00d6ffentlichkeitsarbeit \/ Archiv Manja Braunsdorf Mobil: +49 (0) 173 787 71 76 . E-Mail: mbsternchen@web.de \u00a0Mitgliederverwaltung \u00a0 \u00a0Steffen G\u00fcnther Mobil: +49 (0) 162 853 25 68 E-Mail: guenther_steffen@t-online.de Kassenpr\u00fcfer 1 Dirk Michel Kassenpr\u00fcfer 2 Torsten Grosche<\/p>\n","protected":false},"author":2,"featured_media":0,"parent":19,"menu_order":0,"comment_status":"closed","ping_status":"closed","template":"","meta":{"footnotes":""},"class_list":["post-5965","page","type-page","status-publish","hentry"],"_links":{"self":[{"href":"https:\/\/www.ac-germania.com\/index.php?rest_route=\/wp\/v2\/pages\/5965","targetHints":{"allow":["GET"]}}],"collection":[{"href":"https:\/\/www.ac-germania.com\/index.php?rest_route=\/wp\/v2\/pages"}],"about":[{"href":"https:\/\/www.ac-germania.com\/index.php?rest_route=\/wp\/v2\/types\/page"}],"author":[{"embeddable":true,"href":"https:\/\/www.ac-germania.com\/index.php?rest_route=\/wp\/v2\/users\/2"}],"replies":[{"embeddable":true,"href":"https:\/\/www.ac-germania.com\/index.php?rest_route=%2Fwp%2Fv2%2Fcomments&post=5965"}],"version-history":[{"count":6,"href":"https:\/\/www.ac-germania.com\/index.php?rest_route=\/wp\/v2\/pages\/5965\/revisions"}],"predecessor-version":[{"id":12346,"href":"https:\/\/www.ac-germania.com\/index.php?rest_route=\/wp\/v2\/pages\/5965\/revisions\/12346"}],"up":[{"embeddable":true,"href":"https:\/\/www.ac-germania.com\/index.php?rest_route=\/wp\/v2\/pages\/19"}],"wp:attachment":[{"href":"https:\/\/www.ac-germania.com\/index.php?rest_route=%2Fwp%2Fv2%2Fmedia&parent=5965"}],"curies":[{"name":"wp","href":"https:\/\/api.w.org\/{rel}","templated":true}]}}