{"id":5076,"date":"2017-05-30T18:41:34","date_gmt":"2017-05-30T17:41:34","guid":{"rendered":"http:\/\/www.ac-germania.com\/?page_id=5076"},"modified":"2017-12-05T23:20:57","modified_gmt":"2017-12-05T22:20:57","slug":"regionalliga-2017","status":"publish","type":"page","link":"https:\/\/www.ac-germania.com\/?page_id=5076","title":{"rendered":"Regionalliga 2017"},"content":{"rendered":"<h2><strong><img loading=\"lazy\" decoding=\"async\" class=\"alignnone size-full wp-image-5088\" src=\"https:\/\/www.ac-germania.com\/A_ACG\/wordpress\/wp-content\/uploads\/2017\/05\/2017-05-30-ACG-Web-Reli-Tea.jpg\" alt=\"\" width=\"1050\" height=\"207\" srcset=\"https:\/\/www.ac-germania.com\/A_ACG\/wordpress\/wp-content\/uploads\/2017\/05\/2017-05-30-ACG-Web-Reli-Tea.jpg 1050w, https:\/\/www.ac-germania.com\/A_ACG\/wordpress\/wp-content\/uploads\/2017\/05\/2017-05-30-ACG-Web-Reli-Tea-300x59.jpg 300w, https:\/\/www.ac-germania.com\/A_ACG\/wordpress\/wp-content\/uploads\/2017\/05\/2017-05-30-ACG-Web-Reli-Tea-768x151.jpg 768w, https:\/\/www.ac-germania.com\/A_ACG\/wordpress\/wp-content\/uploads\/2017\/05\/2017-05-30-ACG-Web-Reli-Tea-1024x202.jpg 1024w, https:\/\/www.ac-germania.com\/A_ACG\/wordpress\/wp-content\/uploads\/2017\/05\/2017-05-30-ACG-Web-Reli-Tea-150x30.jpg 150w\" sizes=\"auto, (max-width: 1050px) 100vw, 1050px\" \/><\/strong><\/h2>\n<hr \/>\n<p><strong>Termine direkt aufs Handy oder Tablet<\/strong><\/p>\n<p><a href=\"webcal:\/\/p06-calendarws.icloud.com\/ca\/subscribe\/1\/VlzkLSGv_ZeUmHrGD2uiq6tk-SZtxzULGNLkRpnTUjNMnNXNFuflJ4TSen5RCm_0RdHcLpZlu4mNBjJXb7Lx2hnEIcVs_iHJ8uajVrzk2RA\" target=\"_blank\" rel=\"noopener\"><img loading=\"lazy\" decoding=\"async\" class=\"alignnone size-full wp-image-5199\" src=\"https:\/\/www.ac-germania.com\/A_ACG\/wordpress\/wp-content\/uploads\/2017\/05\/2017-06-01-ACG-Web-iOS.jpg\" alt=\"\" width=\"1050\" height=\"100\" srcset=\"https:\/\/www.ac-germania.com\/A_ACG\/wordpress\/wp-content\/uploads\/2017\/05\/2017-06-01-ACG-Web-iOS.jpg 1050w, https:\/\/www.ac-germania.com\/A_ACG\/wordpress\/wp-content\/uploads\/2017\/05\/2017-06-01-ACG-Web-iOS-300x29.jpg 300w, https:\/\/www.ac-germania.com\/A_ACG\/wordpress\/wp-content\/uploads\/2017\/05\/2017-06-01-ACG-Web-iOS-768x73.jpg 768w, https:\/\/www.ac-germania.com\/A_ACG\/wordpress\/wp-content\/uploads\/2017\/05\/2017-06-01-ACG-Web-iOS-1024x98.jpg 1024w, https:\/\/www.ac-germania.com\/A_ACG\/wordpress\/wp-content\/uploads\/2017\/05\/2017-06-01-ACG-Web-iOS-150x14.jpg 150w\" sizes=\"auto, (max-width: 1050px) 100vw, 1050px\" \/><\/a><\/p>\n<p><a href=\"https:\/\/calendar.google.com\/calendar\/ical\/stknopf%40freenet.de\/public\/basic.ics\" target=\"_blank\" rel=\"noopener\"><img loading=\"lazy\" decoding=\"async\" class=\"alignnone size-full wp-image-5202\" src=\"https:\/\/www.ac-germania.com\/A_ACG\/wordpress\/wp-content\/uploads\/2017\/05\/2017-06-01-ACG-Web-Android.jpg\" alt=\"\" width=\"1050\" height=\"100\" srcset=\"https:\/\/www.ac-germania.com\/A_ACG\/wordpress\/wp-content\/uploads\/2017\/05\/2017-06-01-ACG-Web-Android.jpg 1050w, https:\/\/www.ac-germania.com\/A_ACG\/wordpress\/wp-content\/uploads\/2017\/05\/2017-06-01-ACG-Web-Android-300x29.jpg 300w, https:\/\/www.ac-germania.com\/A_ACG\/wordpress\/wp-content\/uploads\/2017\/05\/2017-06-01-ACG-Web-Android-768x73.jpg 768w, https:\/\/www.ac-germania.com\/A_ACG\/wordpress\/wp-content\/uploads\/2017\/05\/2017-06-01-ACG-Web-Android-1024x98.jpg 1024w, https:\/\/www.ac-germania.com\/A_ACG\/wordpress\/wp-content\/uploads\/2017\/05\/2017-06-01-ACG-Web-Android-150x14.jpg 150w\" sizes=\"auto, (max-width: 1050px) 100vw, 1050px\" \/><\/a><\/p>\n<hr \/>\n<p><strong>Teilnehmende Mannschaften<\/strong><\/p>\n<p><b>Regionalliga Gruppe A<br \/>\n<\/b><a href=\"http:\/\/www.rsk-gelenau.de\/\" target=\"_blank\" rel=\"noopener noreferrer\">RSK Gelenau<\/a>, <a href=\"http:\/\/www.jena-ringt.de\/\" target=\"_blank\" rel=\"noopener noreferrer\">KSC Motor Jena<\/a>, <a href=\"http:\/\/www.eichenkranz1908.de\/\" target=\"_blank\" rel=\"noopener noreferrer\">RVE Lugau<\/a>, <a href=\"http:\/\/www.ksv-pausa.de\/\" target=\"_blank\" rel=\"noopener noreferrer\">WKG Pausa\/Plauen II<\/a>, <a href=\"http:\/\/www.ringen-thalheim.de\/rvt\/\" target=\"_blank\" rel=\"noopener noreferrer\">RV Thalheim<\/a>, <a href=\"http:\/\/rsv-rotation-greiz.de\/\" target=\"_blank\" rel=\"noopener noreferrer\">RSV Rotation Greiz<\/a>, <a href=\"http:\/\/www.av-germania.com\/\" target=\"_blank\" rel=\"noopener noreferrer\">AV Germania Markneukirchen<\/a><\/p>\n<p><b>Regionalliga Gruppe B<br \/>\n<\/b><a href=\"http:\/\/luftfahrt-ringen.de\/\" target=\"_blank\" rel=\"noopener noreferrer\">SV Luftfahrt Berlin<\/a>, <a href=\"http:\/\/www.rsvhansa.de\/\" target=\"_blank\" rel=\"noopener noreferrer\">RSV Hansa Frankfurt\/Oder<\/a>, <a href=\"http:\/\/www.rcg-potsdam.de\/\" target=\"_blank\" rel=\"noopener noreferrer\">RCG Potsdam<\/a>, <strong>ACG Artern<\/strong>, <a href=\"http:\/\/www.kfc-leipzig.de\/\" target=\"_blank\" rel=\"noopener noreferrer\">KFC Leipzig<\/a>, <a href=\"http:\/\/www.gruen-weiss-wsw.de\/index.php\/mringen\" target=\"_blank\" rel=\"noopener noreferrer\">SV GW Wei\u00dfwasser<\/a><strong><br \/>\n<\/strong><\/p>\n<hr \/>\n<p><strong>Finalrunde<\/strong><\/p>\n<p><strong>Finale Platz 1\/2 &amp; Platz 3\/4 Hink\u00e4mpfe<br \/>\n<\/strong><\/p>\n<p>09.12.17 | Finale 1\/2 | 19:30 Uhr | <strong>RSV Rotation Greiz<\/strong> vs\u00a0<strong>AV Germania Markneukirchen<\/strong> | :<br \/>\n09.12.17 | Finale 3\/4 | 19:30 Uhr | <strong>KG Frankfurt\/Oder<\/strong> vs <strong>KFC Leipzig<\/strong> | :<\/p>\n<p><strong>Finale Platz 1\/2 &amp; Platz 3\/4 R\u00fcckk\u00e4mpfe<br \/>\n<\/strong><\/p>\n<p>16.12.17 | Finale 1\/2 | 19:30 Uhr | <strong>AV Germania Markneukirchen<\/strong> vs <strong>RSV Rotation Greiz<\/strong> | :<br \/>\n16.12.17 | Finale 3\/4 | 19:30 Uhr | <strong>KFC Leipzig<\/strong> vs\u00a0<strong>KG Frankfurt\/Oder<\/strong> | :<\/p>\n<p><strong>Halbfinale Hink\u00e4mpfe<br \/>\n<\/strong><\/p>\n<p>25.11.17 | HF1 | 19:30 Uhr | <strong>RSV Rotation Greiz<\/strong> vs <strong>KG Frankfurt\/Oder<\/strong> | 20:11<br \/>\n25.11.17 | HF2 | 19:30 Uhr | <strong>AV Germania Markneukirchen<\/strong> vs <strong>KFC Leipzig<\/strong> | 28:4<\/p>\n<p><strong>Halbfinale R\u00fcckk\u00e4mpfe<br \/>\n<\/strong><\/p>\n<p>02.12.17 | HF1 | 19:30 Uhr | <strong>KG Frankfurt\/Oder<\/strong> vs <strong>RSV Rotation Greiz<\/strong> | 11:20<br \/>\n02.12.17 | HF2 | 19:30 Uhr | <strong>KFC Leipzig<\/strong> vs <strong>AV Germania Markneukrichen<\/strong> | 10:25<\/p>\n<hr \/>\n<p><strong>Platzierungsk\u00e4mpfe Hink\u00e4mpfe<br \/>\n<\/strong><\/p>\n<p>25.11.17 | Finale 5\/6 | 19:30 Uhr | <strong>RV Thalheim<\/strong> vs <strong>SV Luftfahrt Berlin <\/strong>| 32:4<strong><br \/>\n<\/strong>25.11.17 | Finale 7\/8 | 19:30 Uhr | <a href=\"https:\/\/www.ac-germania.com\/?p=5539\"><strong>RSK Gelenau<\/strong> vs <strong>AC Germania Artern <\/strong>| 20:9<\/a><strong><br \/>\n<\/strong>25.11.17 | Finale 9\/10 | 19:30 Uhr | <strong>KSC Motor Jena<\/strong> vs <strong>RC Germania Potsdam <\/strong>| 24:8<br \/>\n25.11.17 | Finale 11\/12 | 19:30 Uhr | <strong>RVE Lugau<\/strong> vs <strong>SV GW Wei\u00dfwasser <\/strong>| 27:8<\/p>\n<p><strong>Platzierungsk\u00e4mpfe R\u00fcckk\u00e4mpfe<br \/>\n<\/strong><\/p>\n<p>02.12.17 | Finale 5\/6 | 19:30 Uhr | <strong>SV Luftfahrt Berlin<\/strong> vs <strong>RV Thalheim<\/strong> | 18:16<br \/>\n02.12.17 | Finale 7\/8 | 19:30 Uhr | <a href=\"https:\/\/www.ac-germania.com\/?p=5576\"><strong>AC Germania Artern<\/strong> vs <strong>RSK Gelenau<\/strong> | 16:17<\/a><br \/>\n02.12.17 | Finale 9\/10 | 19:30 Uhr | <strong>RC Germania Potsdam<\/strong> vs <strong>KSC Motor Jena <\/strong>| 19:16<br \/>\n02.12.17 | Finale 11\/12 | 19:30 Uhr | <strong>SV GW Wei\u00dfwasser<\/strong> vs <strong>RVE Lugau<\/strong> | 7:28<\/p>\n<hr \/>\n<p><strong>Tabelle &#8211; Regionalliga Saison 2017 Gruppe B<\/strong><\/p>\n<p>[standings league_id=13 template=extend logo=true]<\/p>\n<hr \/>\n<p><strong>Ansetzungen &#8211; Regionalliga Saison 2017 Gruppe B<\/strong><\/p>\n<p>[matches league_id=13 mode=]<\/p>\n","protected":false},"excerpt":{"rendered":"<p>Termine direkt aufs Handy oder Tablet Teilnehmende Mannschaften Regionalliga Gruppe A RSK Gelenau, KSC Motor Jena, RVE Lugau, WKG Pausa\/Plauen II, RV Thalheim, RSV Rotation Greiz, AV Germania Markneukirchen Regionalliga Gruppe B SV Luftfahrt Berlin, RSV Hansa Frankfurt\/Oder, RCG Potsdam, ACG Artern, KFC Leipzig, SV GW Wei\u00dfwasser Finalrunde Finale Platz \u2026 <a class=\"continue-reading-link\" href=\"https:\/\/www.ac-germania.com\/?page_id=5076\">Weiterlesen <span class=\"meta-nav\">&rarr; <\/span><\/a><\/p>\n","protected":false},"author":1,"featured_media":0,"parent":1343,"menu_order":0,"comment_status":"closed","ping_status":"closed","template":"template-onecolumn.php","meta":{"footnotes":""},"class_list":["post-5076","page","type-page","status-publish","hentry"],"_links":{"self":[{"href":"https:\/\/www.ac-germania.com\/index.php?rest_route=\/wp\/v2\/pages\/5076","targetHints":{"allow":["GET"]}}],"collection":[{"href":"https:\/\/www.ac-germania.com\/index.php?rest_route=\/wp\/v2\/pages"}],"about":[{"href":"https:\/\/www.ac-germania.com\/index.php?rest_route=\/wp\/v2\/types\/page"}],"author":[{"embeddable":true,"href":"https:\/\/www.ac-germania.com\/index.php?rest_route=\/wp\/v2\/users\/1"}],"replies":[{"embeddable":true,"href":"https:\/\/www.ac-germania.com\/index.php?rest_route=%2Fwp%2Fv2%2Fcomments&post=5076"}],"version-history":[{"count":0,"href":"https:\/\/www.ac-germania.com\/index.php?rest_route=\/wp\/v2\/pages\/5076\/revisions"}],"up":[{"embeddable":true,"href":"https:\/\/www.ac-germania.com\/index.php?rest_route=\/wp\/v2\/pages\/1343"}],"wp:attachment":[{"href":"https:\/\/www.ac-germania.com\/index.php?rest_route=%2Fwp%2Fv2%2Fmedia&parent=5076"}],"curies":[{"name":"wp","href":"https:\/\/api.w.org\/{rel}","templated":true}]}}