{"id":4958,"date":"2017-02-08T11:48:50","date_gmt":"2017-02-08T10:48:50","guid":{"rendered":"http:\/\/www.ac-germania.com\/?page_id=4958"},"modified":"2018-08-18T15:00:52","modified_gmt":"2018-08-18T14:00:52","slug":"datenschutz","status":"publish","type":"page","link":"https:\/\/www.ac-germania.com\/?page_id=4958","title":{"rendered":"Datenschutzerkl\u00e4rung"},"content":{"rendered":"<p style=\"text-align: justify;\"><strong>Datenschutzerkl\u00e4rung<\/strong><\/p>\n<p>Die Nutzung unserer Webseite ist in der Regel ohne Angabe personenbezogener Daten m\u00f6glich.<br \/>\nWir weisen sie aber darauf hin, dass sie mit der Nutzung unserer Webseite, z.B. per Kontaktformular, E-Mail, Telefon oder via sozialer Medien ihr Einverst\u00e4ndnis f\u00fcr die Erhebung, Verarbeitung und Nutzung ihrer personenbezogenen Daten im Rahmen der Zweckbestimmungen des AC Germania Artern e.V. erkl\u00e4ren.<br \/>\nWeiterhin weisen wir sie darauf hin, dass die Daten\u00fcbertragung im Internet (z.B. bei der Kommunikation per E-Mail) Sicherheitsl\u00fccken aufweisen kann. Ein l\u00fcckenloser Schutz der Daten vor dem Zugriff durch Dritte ist nicht m\u00f6glich.<\/p>\n<hr \/>\n<p style=\"text-align: justify;\"><strong>Wer sind wir<\/strong><\/p>\n<p>AC Germania Artern e.V.<br \/>\nUnstrutstra\u00dfe 1b<br \/>\nHaus der Ringer<br \/>\n06556 Artern<\/p>\n<p>Vorsitzender: Mirko Reinhardt<br \/>\nMobil: 0174 \/ 25 10 104<br \/>\nMail: vorstand@ac-germania.com<br \/>\nWebsite: https:\/\/www.ac-germania.com.<\/p>\n<hr \/>\n<p style=\"text-align: justify;\"><strong>Rechtliche Grundlage und Zweck der Erhebung und Nutzung personenbezogener Daten<\/strong><\/p>\n<p>Personenbezogene Daten sind Einzelangaben \u00fcber pers\u00f6nliche oder sachliche Verh\u00e4ltnisse einer bestimmten oder bestimmbaren nat\u00fcrlichen Person, die geeignet sind, diese zu identifizieren.<\/p>\n<p>Rechtliche Grundlage f\u00fcr unseren Umgang mit personenbezogenen Daten ist die Datenschutzgrundverordnung (DSGVO, ab 25.05.2018) sowie das Bundesdatenschutzgesetz (BDSG). Demgem\u00e4\u00df nehmen wir die Erhebung, Verarbeitung und Nutzung personenbezogener Daten ausschlie\u00dflich f\u00fcr eigene Zwecke vor und erheben Daten nur f\u00fcr den Zweck, f\u00fcr den sie auch genutzt werden. Wir verpflichten uns, die erhobenen Daten nur als Mittel zur Erf\u00fcllung eigener Gesch\u00e4ftszwecke und satzungsgem\u00e4\u00dfer Aufgaben zu verwenden.<\/p>\n<hr \/>\n<p style=\"text-align: justify;\"><strong>Welche personenbezogenen Daten wir sammeln und warum wir sie sammeln<\/strong><\/p>\n<p style=\"text-align: justify;\"><strong>Kommentare<\/strong><\/p>\n<p>Wenn Besucher Kommentare auf unserer Website schreiben, sammeln wir die Daten, die im Kommentar-Formular angezeigt werden, au\u00dferdem die IP-Adresse des Besuchers und den User-Agent-String (damit wird der Browser identifiziert), um die Erkennung von Spam zu unterst\u00fctzen.<br \/>\nAus ihrer E-Mail-Adresse kann eine anonymisierte Zeichenfolge erstellt (auch Hash genannt) und dem Gravatar-Dienst \u00fcbergeben werden, um zu pr\u00fcfen, ob sie diesen benutzen. Die Datenschutzerkl\u00e4rung des Gravatar-Dienstes finden sie hier: <a href=\"https:\/\/automattic.com\/privacy\/\">https:\/\/automattic.com\/privacy\/<\/a>. Nachdem ihr Kommentar freigegeben wurde, ist ihr Profilbild \u00f6ffentlich im Kontext ihres Kommentars sichtbar.<br \/>\nMedien<br \/>\nWenn sie ein registrierter Benutzer sind und Fotos auf unsere Website laden, sollten sie vermeiden, Fotos mit einem EXIF-GPS-Standort hochzuladen. Besucher unserer Website k\u00f6nnten Fotos, die auf dieser Website gespeichert sind, herunterladen und deren Standort-Informationen extrahieren.<\/p>\n<p style=\"text-align: justify;\"><strong>Kontaktaufnahme<\/strong><\/p>\n<p>Bei der Kontaktaufnahme mit uns (z.B. per Kontaktformular, E-Mail, Telefon oder via sozialer Medien) werden die Angaben des Nutzers zur Bearbeitung der Kontaktanfrage und deren Abwicklung gem. Art. 6 Abs. 1 lit. b) DSGVO verarbeitet. Die Angaben der Nutzer k\u00f6nnen in einem Customer-Relationship-Management System (\u201cCRM System\u201d) oder vergleichbarer Anfragenorganisation gespeichert werden.<br \/>\nWir l\u00f6schen die Anfragen, sofern diese nicht mehr erforderlich sind. Wir \u00fcberpr\u00fcfen die Erforderlichkeit alle zwei Jahre; Ferner gelten die gesetzlichen Archivierungspflichten.<\/p>\n<p style=\"text-align: justify;\"><strong>Hosting und E-Mail-Versand<\/strong><\/p>\n<p>Die von uns in Anspruch genommenen Hosting-Leistungen dienen der Zurverf\u00fcgungstellung der folgenden Leistungen: Infrastruktur- und Plattformdienstleistungen, Rechenkapazit\u00e4t, Speicherplatz und Datenbankdienste, E-Mail-Versand, Sicherheitsleistungen sowie technische Wartungsleistungen, die wir zum Zwecke des Betriebs dieses Onlineangebotes einsetzen.<\/p>\n<p>Hierbei verarbeiten wir, bzw. unser Hostinganbieter Bestandsdaten, Kontaktdaten, Inhaltsdaten, Vertragsdaten, Nutzungsdaten, Meta- und Kommunikationsdaten von Kunden, Interessenten und Besuchern dieses Onlineangebotes auf Grundlage unserer berechtigten Interessen an einer effizienten und sicheren Zurverf\u00fcgungstellung dieses Onlineangebotes gem. Art. 6 Abs. 1 lit. f DSGVO i.V.m. Art. 28 DSGVO (Abschluss Auftragsverarbeitungsvertrag).<\/p>\n<p style=\"text-align: justify;\"><strong>Erhebung von Zugriffsdaten und Logfiles<\/strong><\/p>\n<p>Wir, bzw. unser Hostinganbieter, erhebt auf Grundlage unserer berechtigten Interessen im Sinne des Art. 6 Abs. 1 lit. f. DSGVO Daten \u00fcber jeden Zugriff auf den Server, auf dem sich dieser Dienst befindet (sogenannte Serverlogfiles). Zu den Zugriffsdaten geh\u00f6ren Name der abgerufenen Webseite, Datei, Datum und Uhrzeit des Abrufs, \u00fcbertragene Datenmenge, Meldung \u00fcber erfolgreichen Abruf, Browsertyp nebst Version, das Betriebssystem des Nutzers, Referrer URL (die zuvor besuchte Seite), IP-Adresse und der anfragende Provider.<\/p>\n<p>Logfile-Informationen werden aus Sicherheitsgr\u00fcnden (z.B. zur Aufkl\u00e4rung von Missbrauchs- oder Betrugshandlungen) f\u00fcr die Dauer von maximal 7 Tagen gespeichert und danach gel\u00f6scht. Daten, deren weitere Aufbewahrung zu Beweiszwecken erforderlich ist, sind bis zur endg\u00fcltigen Kl\u00e4rung des jeweiligen Vorfalls von der L\u00f6schung ausgenommen.<\/p>\n<p style=\"text-align: justify;\"><strong>Cookies<\/strong><\/p>\n<p>Wenn sie einen Kommentar auf unserer Website schreiben, kann das eine Einwilligung sein, ihren Namen, E-Mail-Adresse und Website in Cookies zu speichern. Dies ist eine Komfortfunktion, damit sie nicht, wenn sie einen weiteren Kommentar schreiben, all diese Daten erneut eingeben m\u00fcssen. Diese Cookies werden ein Jahr lang gespeichert.<\/p>\n<p>Falls sie ein Konto haben und sie sich auf unserer Website anmelden, werden wir ein tempor\u00e4res Cookie setzen, um festzustellen, ob ihr Browser Cookies akzeptiert. Dieses Cookie enth\u00e4lt keine personenbezogenen Daten und wird verworfen, wenn sie ihren Browser schlie\u00dfen.<\/p>\n<p>Wenn sie sich anmelden, werden wir einige Cookies einrichten, um ihre Anmelde-informationen und Anzeigeoptionen zu speichern. Anmelde-Cookies verfallen nach zwei Tagen und Cookies f\u00fcr die Anzeigeoptionen nach einem Jahr. Falls sie bei der Anmeldung \u201eAngemeldet bleiben\u201c ausw\u00e4hlen, wird ihre Anmeldung zwei Wochen lang aufrechterhalten. Mit der Abmeldung aus ihrem Konto werden die Anmelde-Cookies gel\u00f6scht.<\/p>\n<p style=\"text-align: justify;\"><strong>Eingebettete Inhalte von anderen Websites<\/strong><\/p>\n<p>Beitr\u00e4ge auf unserer Website k\u00f6nnen eingebettete Inhalte beinhalten (z.B. Videos, Bilder, Beitr\u00e4ge etc.). Eingebettete Inhalte von anderen Websites verhalten sich exakt so, als ob der Besucher die andere Website besucht h\u00e4tte.<\/p>\n<p>Diese Websites k\u00f6nnen Daten \u00fcber sie sammeln, Cookies benutzen, zus\u00e4tzliche Tracking-Dienste von Dritten einbetten und ihre Interaktion mit diesem eingebetteten Inhalt aufzeichnen, inklusive ihrer Interaktion mit dem eingebetteten Inhalt, falls sie ein Konto haben und auf dieser Website angemeldet sind.<\/p>\n<p style=\"text-align: justify;\"><strong>Emojis und Smilies<\/strong><\/p>\n<p>Innerhalb unseres WordPress-Blogs werden grafische Emojis (bzw. Smilies), d.h. kleine grafische Dateien, die Gef\u00fchle ausdr\u00fccken, eingesetzt, die von externen Servern bezogen werden. Hierbei erheben die Anbieter der Server, die IP-Adressen der Nutzer. Dies ist notwendig, damit die Emojie-Dateien an die Browser der Nutzer \u00fcbermittelt werden k\u00f6nnen. Der Emojie-Service wird von der Automattic Inc., 60 29th Street #343, San Francisco, CA 94110, USA, angeboten. Die verwendeten Server-Domains sind s.w.org und twemoji.maxcdn.com, wobei es sich unseres Wissens nach um sog. Content-Delivery-Networks handelt, also Server, die lediglich einer schnellen und sicheren \u00dcbermittlung der Dateien dienen und die personenbezogenen Daten der Nutzer nach der \u00dcbermittlung gel\u00f6scht werden.<br \/>\nDie Nutzung der Emojis erfolgt auf Grundlage unserer berechtigten Interessen, d.h. Interesse an einer attraktiven Gestaltung unseres Onlineangebotes gem. Art. 6 Abs. 1 lit. f. DSGVO.<br \/>\nWeitere Informationen zum Umgang von Nutzerdaten finden sie in der Datenschutzerkl\u00e4rung von Automattic: <a href=\"https:\/\/automattic.com\/privacy\/\">https:\/\/automattic.com\/privacy\/<\/a>.<\/p>\n<hr \/>\n<p style=\"text-align: justify;\"><strong>Nutzung von Facebook-Plugins (Like-Button)<\/strong><\/p>\n<p>Auf unseren Seiten sind Plugins des sozialen Netzwerks Facebook, Anbieter Facebook Inc., 1 Kacker Way, Menlo Park, California 94025, USA, integriert. Die Facebook-Plugins erkennen sie an dem Facebook-Logo und dem &#8222;Like-Button&#8220; (&#8222;Gef\u00e4llt mir&#8220;) auf unserer Webseite. Eine \u00dcbersicht \u00fcber die Facebook-Plugins finden sie hier: <a href=\"http:\/\/developers.facebook.com\/docs\/plugins\/\">http:\/\/developers.facebook.com\/docs\/plugins\/<\/a>.<br \/>\nWenn sie unsere Seiten besuchen, wird \u00fcber das Plugin eine direkte Verbindung zwischen ihrem Browser und dem Facebook-Server hergestellt. Facebook erh\u00e4lt dadurch die Information, dass sie mit ihrer IP-Adresse unsere Webseite besucht haben. Wenn sie den Facebook &#8222;Like-Button&#8220; anklicken w\u00e4hrend Sie in ihrem Facebook-Account eingeloggt sind, k\u00f6nnen sie die Inhalte unserer Seiten auf ihrem Facebook-Profil verlinken. Dadurch kann Facebook den Besuch unserer Seiten ihrem Benutzerkonto zuordnen. Wir weisen darauf hin, dass wir als Anbieter der Seiten keine Kenntnis vom Inhalt der \u00fcbermittelten Daten sowie deren Nutzung durch Facebook erhalten. Weiter Informationen hierzu finden sie in der Datenschutzerkl\u00e4rung von Facebook unter: <a href=\"http:\/\/de-de.facebook.com\/policy.php\">http:\/\/de-de.facebook.com\/policy.php<\/a>.<\/p>\n<hr \/>\n<p style=\"text-align: justify;\"><strong>Nutzung von YouTube<\/strong><\/p>\n<p>Unsere Webseite nutz Plugins der von Google betriebenen Seite YouTube. Betreiber der Seiten ist die YouTube, LLC, 901 Cherry Ave., San Bruno, CA 94066, USA. Wenn sie eine unserer mit einem YouTube-Plugin ausgestatteten Seiten besuchen, wird eine Verbindung zu den Servern von YouTube hergestellt. Dabei wird dem YouTube-Server mitgeteilt, welche unserer Seiten sie besucht haben.<br \/>\nWenn Sie in ihrem YouTube-Account eingeloggt sind erm\u00f6glichen sie YouTube, ihr Surfverhalten direkt ihrem pers\u00f6nlichen Profil zuzuordnen. Dies k\u00f6nnen sie verhindern, indem sie sich aus dem YouTube-Account ausloggen. Weitere Informationen zum Umgang von Nutzerdaten finden sie in der Datenschutzerkl\u00e4rung von YouTube unter: <a href=\"https:\/\/www.google\/intl\/de\/policies\/privacy\">https:\/\/www.google\/intl\/de\/policies\/privacy<\/a>.<\/p>\n<hr \/>\n<p style=\"text-align: justify;\"><strong>Google Maps<\/strong><\/p>\n<p>Wir binden auf unserer Webseite die Landkarten des Dienstes \u201cGoogle Maps\u201d des Anbieters Google LLC, 1600 Amphitheatre Parkway, Mountain View, CA 94043, USA, ein. Zu den verarbeiteten Daten k\u00f6nnen insbesondere IP-Adressen und Standortdaten der Nutzer geh\u00f6ren, die jedoch nicht ohne deren Einwilligung (im Regelfall im Rahmen der Einstellungen ihrer Mobilger\u00e4te vollzogen), erhoben werden. Die Daten k\u00f6nnen in den USA verarbeitet werden. Weitere Informationen zum Umgang von Nutzerdaten finden sie in der Datenschutzerkl\u00e4rung von &#8222;Google Maps&#8220; unter: <a href=\"https:\/\/policies.google.com\/privacy\">https:\/\/policies.google.com\/privacy<\/a>.<\/p>\n<hr \/>\n<p style=\"text-align: justify;\"><strong>Mit wem wir ihre Daten teilen<\/strong><\/p>\n<p>Sofern wir im Rahmen unserer Verarbeitung Daten gegen\u00fcber anderen Personen und Unternehmen (Auftragsverarbeitern oder Dritten) offenbaren, sie an diese \u00fcbermitteln oder ihnen sonst Zugriff auf die Daten gew\u00e4hren, erfolgt dies nur auf Grundlage einer gesetzlichen Erlaubnis (z.B. wenn eine \u00dcbermittlung der Daten an Dritte, wie an Zahlungsdienstleister, gem. Art. 6 Abs. 1 lit. b DSGVO zur Vertragserf\u00fcllung erforderlich ist), Sie eingewilligt haben, eine rechtliche Verpflichtung dies vorsieht oder auf Grundlage unserer berechtigten Interessen (z.B. beim Einsatz von Beauftragten, Webhostern, etc.).<\/p>\n<p>Sofern wir Dritte mit der Verarbeitung von Daten auf Grundlage eines sog. \u201eAuftragsverarbeitungsvertrages\u201c beauftragen, geschieht dies auf Grundlage des Art. 28 DSGVO.<\/p>\n<p>Sofern wir Daten in einem Drittland (d.h. au\u00dferhalb der Europ\u00e4ischen Union (EU) oder des Europ\u00e4ischen Wirtschaftsraums (EWR)) verarbeiten oder dies im Rahmen der Inanspruchnahme von Diensten Dritter oder Offenlegung, bzw. \u00dcbermittlung von Daten an Dritte geschieht, erfolgt dies nur, wenn es zur Erf\u00fcllung unserer (vor)vertraglichen Pflichten, auf Grundlage Ihrer Einwilligung, aufgrund einer rechtlichen Verpflichtung oder auf Grundlage unserer berechtigten Interessen geschieht. Vorbehaltlich gesetzlicher oder vertraglicher Erlaubnisse, verarbeiten oder lassen wir die Daten in einem Drittland nur beim Vorliegen der besonderen Voraussetzungen der Art. 44 ff. DSGVO verarbeiten. D.h. die Verarbeitung erfolgt z.B. auf Grundlage besonderer Garantien, wie der offiziell anerkannten Feststellung eines der EU entsprechenden Datenschutzniveaus (z.B. f\u00fcr die USA durch das \u201ePrivacy Shield\u201c) oder Beachtung offiziell anerkannter spezieller vertraglicher Verpflichtungen (so genannte \u201eStandardvertragsklauseln\u201c).<\/p>\n<hr \/>\n<p style=\"text-align: justify;\"><strong>Wie lange wir ihre Daten speichern<\/strong><\/p>\n<p>Wenn sie einen Kommentar schreiben, wird dieser inklusive Metadaten zeitlich unbegrenzt gespeichert. Auf diese Art k\u00f6nnen wir Folgekommentare automatisch erkennen und freigeben, anstelle sie in einer Moderations-Warteschlange festzuhalten.<\/p>\n<p>F\u00fcr Benutzer, die sich auf unserer Website registrieren, speichern wir zus\u00e4tzlich die pers\u00f6nlichen Informationen, die sie in ihren Benutzerprofilen angeben. Alle Benutzer k\u00f6nnen jederzeit ihre pers\u00f6nlichen Informationen einsehen, ver\u00e4ndern oder l\u00f6schen (der Benutzername kann nicht ver\u00e4ndert werden). Administratoren der Website k\u00f6nnen diese Informationen ebenfalls einsehen und ver\u00e4ndern.<\/p>\n<hr \/>\n<p style=\"text-align: justify;\"><strong>Welche Rechte sie an ihren Daten haben<\/strong><\/p>\n<p>Sie haben das Recht, erteilte Einwilligungen gem. Art. 7 Abs. 3 DSGVO mit Wirkung f\u00fcr die Zukunft zu widerrufen.<\/p>\n<p>Sie k\u00f6nnen der k\u00fcnftigen Verarbeitung der sie betreffenden Daten nach Ma\u00dfgabe des Art. 21 DSGVO jederzeit widersprechen. Der Widerspruch kann insbesondere gegen die Verar-beitung f\u00fcr Zwecke der Direktwerbung erfolgen.<\/p>\n<p>Wenn sie ein Konto auf unserer Website besitzen oder Kommentare geschrieben haben, k\u00f6nnen sie einen Export ihrer personenbezogenen Daten bei uns anfordern, inklusive aller Daten, die sie uns mitgeteilt haben. Dar\u00fcber hinaus k\u00f6nnen sie die L\u00f6schung aller personenbezogenen Daten, die wir von ihnen gespeichert haben, anfordern. Dies umfasst nicht die Daten, die wir aufgrund administrativer, rechtlicher oder sicherheitsrelevanter Notwendigkeiten aufbewahren m\u00fcssen.<\/p>\n<hr \/>\n<p style=\"text-align: justify;\"><strong>Wohin wir ihre Daten senden<\/strong><\/p>\n<p>Besucher-Kommentare k\u00f6nnten von einem automatisierten Dienst zur Spam-Erkennung untersucht werden.<\/p>\n<hr \/>\n<p style=\"text-align: justify;\"><strong>Wie wir ihre Daten sch\u00fctzen<\/strong><\/p>\n<p>Wir treffen nach Ma\u00dfgabe des Art. 32 DSGVO unter Ber\u00fccksichtigung des Stands der Technik, der Implementierungskosten und der Art, des Umfangs, der Umst\u00e4nde und der Zwecke der Verarbeitung sowie der unterschiedlichen Eintrittswahrscheinlichkeit und Schwere des Risikos f\u00fcr die Rechte und Freiheiten nat\u00fcrlicher Personen, geeignete technische und organisatorische Ma\u00dfnahmen, um ein dem Risiko angemessenes Schutzniveau zu gew\u00e4hrleisten.<\/p>\n<p>Zu den Ma\u00dfnahmen geh\u00f6ren insbesondere die Sicherung der Vertraulichkeit, Integrit\u00e4t und Verf\u00fcgbarkeit von Daten durch Kontrolle des physischen Zugangs zu den Daten, als auch des sie betreffenden Zugriffs, der Eingabe, Weitergabe, der Sicherung der Verf\u00fcgbarkeit und ihrer Trennung. Des Weiteren haben wir Verfahren eingerichtet, die eine Wahrnehmung von Betroffenenrechten, L\u00f6schung von Daten und Reaktion auf Gef\u00e4hrdung der Daten gew\u00e4hrleisten. Ferner ber\u00fccksichtigen wir den Schutz personenbezogener Daten bereits bei der Entwicklung, bzw. Auswahl von Hardware, Software sowie Verfahren, entsprechend dem Prinzip des Datenschutzes durch Technikgestaltung und durch datenschutzfreundliche Voreinstellungen (Art. 25 DSGVO).<\/p>\n","protected":false},"excerpt":{"rendered":"<p>Datenschutzerkl\u00e4rung Die Nutzung unserer Webseite ist in der Regel ohne Angabe personenbezogener Daten m\u00f6glich. Wir weisen sie aber darauf hin, dass sie mit der Nutzung unserer Webseite, z.B. per Kontaktformular, E-Mail, Telefon oder via sozialer Medien ihr Einverst\u00e4ndnis f\u00fcr die Erhebung, Verarbeitung und Nutzung ihrer personenbezogenen Daten im Rahmen der \u2026 <a class=\"continue-reading-link\" href=\"https:\/\/www.ac-germania.com\/?page_id=4958\">Weiterlesen <span class=\"meta-nav\">&rarr; <\/span><\/a><\/p>\n","protected":false},"author":1,"featured_media":0,"parent":0,"menu_order":0,"comment_status":"closed","ping_status":"closed","template":"","meta":{"footnotes":""},"class_list":["post-4958","page","type-page","status-publish","hentry"],"_links":{"self":[{"href":"https:\/\/www.ac-germania.com\/index.php?rest_route=\/wp\/v2\/pages\/4958","targetHints":{"allow":["GET"]}}],"collection":[{"href":"https:\/\/www.ac-germania.com\/index.php?rest_route=\/wp\/v2\/pages"}],"about":[{"href":"https:\/\/www.ac-germania.com\/index.php?rest_route=\/wp\/v2\/types\/page"}],"author":[{"embeddable":true,"href":"https:\/\/www.ac-germania.com\/index.php?rest_route=\/wp\/v2\/users\/1"}],"replies":[{"embeddable":true,"href":"https:\/\/www.ac-germania.com\/index.php?rest_route=%2Fwp%2Fv2%2Fcomments&post=4958"}],"version-history":[{"count":0,"href":"https:\/\/www.ac-germania.com\/index.php?rest_route=\/wp\/v2\/pages\/4958\/revisions"}],"wp:attachment":[{"href":"https:\/\/www.ac-germania.com\/index.php?rest_route=%2Fwp%2Fv2%2Fmedia&parent=4958"}],"curies":[{"name":"wp","href":"https:\/\/api.w.org\/{rel}","templated":true}]}}