{"id":47,"date":"2013-04-16T15:36:03","date_gmt":"2013-04-16T13:36:03","guid":{"rendered":"http:\/\/www.ac-germania.com\/A_ACG\/wordpress\/?page_id=47"},"modified":"2022-01-12T14:01:21","modified_gmt":"2022-01-12T13:01:21","slug":"mitglied-werden","status":"publish","type":"page","link":"https:\/\/www.ac-germania.com\/?page_id=47","title":{"rendered":"Mitglied werden"},"content":{"rendered":"<h3><strong>Werde\u00a0jetzt Mitglied beim AC Germania Artern e.V. !\u00a0<\/strong><\/h3>\n<h3><\/h3>\n<p>Mitgliedsantr\u00e4ge sind \u00fcber die jeweiligen Trainer bzw. \u00fcber Steffen G\u00fcnther und Manja Braunsdorf erh\u00e4ltlich.<br \/>\nDen\u00a0vollst\u00e4ndig ausgef\u00fcllten Antrag geben Sie bitte in der Gesch\u00e4ftsstelle &#8222;Haus der Ringer&#8220; ab oder senden ihn per Post an folgende Adresse:<\/p>\n<p><strong>AC Germania Artern e.V.<\/strong><br \/>\n<strong>Mitgliederverwaltung<\/strong><br \/>\n<strong>c\/o Steffen G\u00fcnther \/ Manja Braunsdorf<\/strong><br \/>\n<strong>Gebr\u00fcder Engelhardt Stra\u00dfe 36<\/strong><br \/>\n<strong>06556 Artern<\/strong><\/p>\n<p><strong>Bankverbindung:\u00a0\u00a0\u00a0\u00a0 <\/strong><strong>IBAN:<\/strong> DE80820550003400005192\u00a0\u00a0\u00a0\u00a0\u00a0\u00a0 <strong>BIC:<\/strong> HELADEF1KYF<\/p>\n<p><a href=\"https:\/\/www.ac-germania.com\/A_ACG\/wordpress\/wp-content\/uploads\/2022\/01\/2C6092C2-5D33-42E4-A0EB-83DEFEA1EAB2.jpeg\"><img loading=\"lazy\" decoding=\"async\" class=\"aligncenter wp-image-8051 size-full\" src=\"https:\/\/www.ac-germania.com\/A_ACG\/wordpress\/wp-content\/uploads\/2022\/01\/2C6092C2-5D33-42E4-A0EB-83DEFEA1EAB2.jpeg\" alt=\"\" width=\"1172\" height=\"1675\" srcset=\"https:\/\/www.ac-germania.com\/A_ACG\/wordpress\/wp-content\/uploads\/2022\/01\/2C6092C2-5D33-42E4-A0EB-83DEFEA1EAB2.jpeg 1172w, https:\/\/www.ac-germania.com\/A_ACG\/wordpress\/wp-content\/uploads\/2022\/01\/2C6092C2-5D33-42E4-A0EB-83DEFEA1EAB2-210x300.jpeg 210w, https:\/\/www.ac-germania.com\/A_ACG\/wordpress\/wp-content\/uploads\/2022\/01\/2C6092C2-5D33-42E4-A0EB-83DEFEA1EAB2-716x1024.jpeg 716w, https:\/\/www.ac-germania.com\/A_ACG\/wordpress\/wp-content\/uploads\/2022\/01\/2C6092C2-5D33-42E4-A0EB-83DEFEA1EAB2-768x1098.jpeg 768w, https:\/\/www.ac-germania.com\/A_ACG\/wordpress\/wp-content\/uploads\/2022\/01\/2C6092C2-5D33-42E4-A0EB-83DEFEA1EAB2-1075x1536.jpeg 1075w, https:\/\/www.ac-germania.com\/A_ACG\/wordpress\/wp-content\/uploads\/2022\/01\/2C6092C2-5D33-42E4-A0EB-83DEFEA1EAB2-105x150.jpeg 105w\" sizes=\"auto, (max-width: 1172px) 100vw, 1172px\" \/><\/a><\/p>\n<p>&nbsp;<\/p>\n","protected":false},"excerpt":{"rendered":"<p>Werde\u00a0jetzt Mitglied beim AC Germania Artern e.V. !\u00a0 Mitgliedsantr\u00e4ge sind \u00fcber die jeweiligen Trainer bzw. \u00fcber Steffen G\u00fcnther und Manja Braunsdorf erh\u00e4ltlich. Den\u00a0vollst\u00e4ndig ausgef\u00fcllten Antrag geben Sie bitte in der Gesch\u00e4ftsstelle &#8222;Haus der Ringer&#8220; ab oder senden ihn per Post an folgende Adresse: AC Germania Artern e.V. Mitgliederverwaltung c\/o Steffen \u2026 <a class=\"continue-reading-link\" href=\"https:\/\/www.ac-germania.com\/?page_id=47\">Weiterlesen <span class=\"meta-nav\">&rarr; <\/span><\/a><\/p>\n","protected":false},"author":1,"featured_media":0,"parent":19,"menu_order":0,"comment_status":"closed","ping_status":"closed","template":"","meta":{"footnotes":""},"class_list":["post-47","page","type-page","status-publish","hentry"],"_links":{"self":[{"href":"https:\/\/www.ac-germania.com\/index.php?rest_route=\/wp\/v2\/pages\/47","targetHints":{"allow":["GET"]}}],"collection":[{"href":"https:\/\/www.ac-germania.com\/index.php?rest_route=\/wp\/v2\/pages"}],"about":[{"href":"https:\/\/www.ac-germania.com\/index.php?rest_route=\/wp\/v2\/types\/page"}],"author":[{"embeddable":true,"href":"https:\/\/www.ac-germania.com\/index.php?rest_route=\/wp\/v2\/users\/1"}],"replies":[{"embeddable":true,"href":"https:\/\/www.ac-germania.com\/index.php?rest_route=%2Fwp%2Fv2%2Fcomments&post=47"}],"version-history":[{"count":6,"href":"https:\/\/www.ac-germania.com\/index.php?rest_route=\/wp\/v2\/pages\/47\/revisions"}],"predecessor-version":[{"id":8050,"href":"https:\/\/www.ac-germania.com\/index.php?rest_route=\/wp\/v2\/pages\/47\/revisions\/8050"}],"up":[{"embeddable":true,"href":"https:\/\/www.ac-germania.com\/index.php?rest_route=\/wp\/v2\/pages\/19"}],"wp:attachment":[{"href":"https:\/\/www.ac-germania.com\/index.php?rest_route=%2Fwp%2Fv2%2Fmedia&parent=47"}],"curies":[{"name":"wp","href":"https:\/\/api.w.org\/{rel}","templated":true}]}}