{"id":231,"date":"2013-04-18T10:38:19","date_gmt":"2013-04-18T08:38:19","guid":{"rendered":"http:\/\/www.ac-germania.com\/A_ACG\/wordpress\/?page_id=231"},"modified":"2013-06-26T16:58:10","modified_gmt":"2013-06-26T14:58:10","slug":"die-jahre-ab-1990","status":"publish","type":"page","link":"https:\/\/www.ac-germania.com\/?page_id=231","title":{"rendered":"Die Jahre von 1990 bis 2000"},"content":{"rendered":"<h2><strong>Die Jahre von 1990 bis 2000<\/strong><\/h2>\n<p>Zum Zeitpunkt der Wendephase in unserem Lande mussten unsere Mitglieder und Anh\u00e4nger neben den vielf\u00e4ltigen Orientierungsfragen somit letztlich auch diese, zun\u00e4chst nicht von allen Seiten akzeptierte Entscheidung des R\u00fcckzuges der M\u00e4nnermannschaft mit tragen. Doch aufbauend auf die solide Nachwuchsarbeit und die \u00fcber Jahre durchweg im Wettkampfbetrieb stehende II. M\u00e4nnermannschaft hatte unser Ringerlager eine gute Basis f\u00fcr den Neuanfang. Mit der am 16.06.1990 im Arterner \u201eHaus der Ringer\u201c erfolgten Wiedergr\u00fcndung unter dem fr\u00fcheren Namen \u201eAthletenclub Germania Artern 1900 e. V.\u201c, wurde der offizielle Start im Deutschen Ringer-Bund des Deutschen Sportbundes vollzogen.<\/p>\n<p>Neben der Abteilung Ringen geh\u00f6rt dem Verein noch die Abteilung Freizeitsport an. W\u00e4hrend der Club eingetragenes Mitglied im Landessportbund Th\u00fcringen ist, geh\u00f6rt die Abteilung Ringen fachverbandsm\u00e4\u00dfig dem Landes Ringer-Verband Sachsen-Anhalt an.<\/p>\n<p>In der nunmehr bereits zehnj\u00e4hrigen Zugeh\u00f6rigkeit zum Deutschen Ringer-Bund haben sich die Gr\u00fcn-Gelben in der Region Artern zu einem der anerkannt erfolgreichsten Sportvereine profiliert. Mit einem durchg\u00e4ngigen \u00dcbungs-, Trainings- und Wettkampfbetrieb, ab dem 1. Schuljahr bis hin zur M\u00e4nnerstaffel der Th\u00fcringenliga und der Alte-Herren-Trainingsgruppe, geht es auf den Mattenquadraten im Haus der Ringer t\u00e4glich zur Sache. Diese kontinuierliche Breitenarbeit ist auch Grundlage daf\u00fcr, dass es weiterhin eindrucksvolle Bilanzen von den Unstrutst\u00e4dtern zu vermelden gibt.<\/p>\n<p>Neben zahlreichen Medaillengewinnen bei Landeswettk\u00e4mpfen sowie \u00fcberregionalen- und internationalen Turnieren waren zweifellos drei bei Deutschen Jugendmeisterschaften errungene Vizemeistertitel die hervorragensten Ergebnisse im Nachwuchsbereich. Dabei holten Alexander Reinshaus und Marko Ziegner, die Sch\u00fctzlinge des langj\u00e4hrig erfolgreichen Kindertrainers Wolfgang Eckardt, bei den griechisch-r\u00f6mischen C-Jugendtitelk\u00e4mpfen 1992 in Witten-Annen zu einem Doppelschlag aus und landeten beide als Vizemeister auf dem Treppchen. Das dritte Arterner Meisterschaftssilber erk\u00e4mpfte der von Guido Meltzer trainierte Youngster Steffen Beckert 1996 beim Freistilchampionat in M\u00fcnster.<\/p>\n<p>Ein gutes St\u00fcck Vereinsleben und Ringkampfsport verk\u00f6rperte in den letzten Jahren einmal mehr die M\u00e4nnermannschaft, das Aush\u00e4ngeschild des Athletenclubs. Die Gr\u00fcn-Gelben starteten von 1990 bis zur Saison 1994\/95 in der Oberliga-Nord\/Ost von Sachsen-Anhalt und geh\u00f6rten dort mit mehreren Medaillengewinnen durchweg zu den Spitzenmannschaften.<\/p>\n<p>Im Jahr 1995 wechselte die Germania-Crew in die Th\u00fcringenliga und erreichte dort gleich beim Erstauftritt auf Anhieb den II. Platz. Damit gab es das Novum, dass unser M\u00e4nnerteam mit Meisterschaftsbronze in der Oberliga-Nord\/Ost und dem Vizemeistertitel in der Th\u00fcringenliga in einem Kalenderjahr zwei Meisterschaftsmedaillen in unterschiedlichen Ligen erk\u00e4mpfte.<\/p>\n<p>Die in der Unstrutsporthalle und in der Ausstellungshalle desArterner Opel-Autohaus Barbarossa stattfindenden Punktk\u00e4mpfe, wo wir durchschnittlich zwischen 600 bis 700 Anh\u00e4nger und Fans begr\u00fc\u00dfen konnten, waren durchweg mit Begeisterung aufgenommene allseitig niveauvolle Veranstaltungen. Die Mannschaftsleitung um Thomas Grosche und Gerhard G\u00fcnther sowie das Trainerduo Steffen G\u00fcnther und Uwe P\u00f6tzschke und Mannschaftskapit\u00e4n Heiko Kupfernagel haben unsere Germania-Staffel durchg\u00e4ngig zu anerkannt beeindruckenden Saisonerfolgen gef\u00fchrt.<\/p>\n<p>Wir belassen es zur M\u00e4nnerriege bei diesen Darlegungen und verweisen auf das Sprichwort, dass der Erfolg bekanntlich immer viele V\u00e4ter hat, und solche gibt es in unserem Athletenclub derzeit in uneigenn\u00fctziger Art und Weise recht zahlreich. Viele Aktive und Mitstreiter unseres erfolgreichen Nachwuchs- und M\u00e4nnerbereiches sind auf den Fotos unserer gegenw\u00e4rtigen Trainingsgruppe integriert. Die in der Festschrift abgebildete Fotoserie unserer Trainingsgruppen des Jubil\u00e4umsjahres 2000, von den Erstkl\u00e4sslern bis hin zum M\u00e4nnerbereich, belegt recht eindrucksvoll, auf welcher Breitenbasis unsere Trainer, Kampfrichter, Funktion\u00e4re und Sportler angetreten sind, um die kommenden Aufgaben anzugehen.<\/p>\n<p>Neben den sportlichen Aktivit\u00e4ten pr\u00e4gen sehr viele andere Aufgaben und Ereignisse das Vereinsgeschehen. So sind die allj\u00e4hrlichen Weihnachtsfeiern und Faschingsveranstaltungen inzwischen zu einer guten Tradition geworden. Verschiedentlich gestaltete man Sylvesterpartys, die immer guten Anklang bei der Mitgliedschaft fanden.<\/p>\n<p>Der Verein ist seit 1975 in der gl\u00fccklichen Lage, mit dem Haus der Ringer ein eigenes Vereinsheim zu besitzen. Hier ist der Dreh- und Angelpunkt unseres gesamten Vereinslebens. Besonderen Anklang findet die durch Vereinsaktivit\u00e4ten erbaute und durchg\u00e4ngig sanierte bzw. erweiterte Begegnungsst\u00e4tte sowohl bei den Aktiven, als auch bei den zahlreichen Mitgliedern, die hier nach dem Training und den Rundenk\u00e4mpfen, speziell den Heimk\u00e4mpfen, Platz finden, um sich heimisch f\u00fchlen zu k\u00f6nnen. Au\u00dferdem verf\u00fcgt der Verein neben dem u. a. auch durch den Dokumentarfilm \u201eDer neunte Fr\u00fchling\u201c in Deutschland weit bekannten \u201eEllo-Bus\u201c \u00fcber einen von der Arterner Opel-Autohaus Barbarossa GmbH gesponserten Kleinbus als zweites eigenes Fahrzeug.<\/p>\n<p>Wenn man die gesellschaftliche sowie sportliche Vergangenheit und Gegenwart des Athletenclubs Germania Artern 1900 e. V. aus allseitiger Sicht beleuchten darf, dann sollte erw\u00e4hnt werden, dass sich die in den bisherigen 100 Vereinsjahren Verantwortlichen sehr viel M\u00fche gegeben haben, um die vielf\u00e4ltigen Vereinsprobleme zu l\u00f6sen.<\/p>\n","protected":false},"excerpt":{"rendered":"<p>Die Jahre von 1990 bis 2000 Zum Zeitpunkt der Wendephase in unserem Lande mussten unsere Mitglieder und Anh\u00e4nger neben den vielf\u00e4ltigen Orientierungsfragen somit letztlich auch diese, zun\u00e4chst nicht von allen Seiten akzeptierte Entscheidung des R\u00fcckzuges der M\u00e4nnermannschaft mit tragen. Doch aufbauend auf die solide Nachwuchsarbeit und die \u00fcber Jahre durchweg \u2026 <a class=\"continue-reading-link\" href=\"https:\/\/www.ac-germania.com\/?page_id=231\">Weiterlesen <span class=\"meta-nav\">&rarr; <\/span><\/a><\/p>\n","protected":false},"author":1,"featured_media":0,"parent":175,"menu_order":0,"comment_status":"closed","ping_status":"closed","template":"","meta":{"footnotes":""},"class_list":["post-231","page","type-page","status-publish","hentry"],"_links":{"self":[{"href":"https:\/\/www.ac-germania.com\/index.php?rest_route=\/wp\/v2\/pages\/231","targetHints":{"allow":["GET"]}}],"collection":[{"href":"https:\/\/www.ac-germania.com\/index.php?rest_route=\/wp\/v2\/pages"}],"about":[{"href":"https:\/\/www.ac-germania.com\/index.php?rest_route=\/wp\/v2\/types\/page"}],"author":[{"embeddable":true,"href":"https:\/\/www.ac-germania.com\/index.php?rest_route=\/wp\/v2\/users\/1"}],"replies":[{"embeddable":true,"href":"https:\/\/www.ac-germania.com\/index.php?rest_route=%2Fwp%2Fv2%2Fcomments&post=231"}],"version-history":[{"count":0,"href":"https:\/\/www.ac-germania.com\/index.php?rest_route=\/wp\/v2\/pages\/231\/revisions"}],"up":[{"embeddable":true,"href":"https:\/\/www.ac-germania.com\/index.php?rest_route=\/wp\/v2\/pages\/175"}],"wp:attachment":[{"href":"https:\/\/www.ac-germania.com\/index.php?rest_route=%2Fwp%2Fv2%2Fmedia&parent=231"}],"curies":[{"name":"wp","href":"https:\/\/api.w.org\/{rel}","templated":true}]}}