{"id":154,"date":"2013-04-17T22:57:04","date_gmt":"2013-04-17T20:57:04","guid":{"rendered":"http:\/\/www.ac-germania.com\/A_ACG\/wordpress\/?page_id=154"},"modified":"2025-08-25T11:32:30","modified_gmt":"2025-08-25T09:32:30","slug":"sauna","status":"publish","type":"page","link":"https:\/\/www.ac-germania.com\/?page_id=154","title":{"rendered":"Sauna"},"content":{"rendered":"<h2><strong>Sauna<\/strong><\/h2>\n<p>Saunazeit:<br \/>\nDonnerstag 18.00 &#8211; 21.00 Uhr<\/p>\n<p>F\u00fcr die Saunabenutzung fallen pro Saunatag 2,00 \u20ac f\u00fcr Mitglieder an.<\/p>\n<p>Unsere Sauna bietet Platz f\u00fcr 8-10 Personen, au\u00dferdem steht den Mitgliedern ein Ruheraum zum Entspannen zur Verf\u00fcgung.<\/p>\n<p style=\"text-align: center;\"><img loading=\"lazy\" decoding=\"async\" class=\"aligncenter wp-image-12341 size-full\" style=\"border: 1px solid black;\" src=\"https:\/\/www.ac-germania.com\/A_ACG\/wordpress\/wp-content\/uploads\/2025\/08\/a12954d4-ed77-4642-9f79-7a259de6de47.jpeg\" alt=\"\" width=\"1200\" height=\"1600\" srcset=\"https:\/\/www.ac-germania.com\/A_ACG\/wordpress\/wp-content\/uploads\/2025\/08\/a12954d4-ed77-4642-9f79-7a259de6de47.jpeg 1200w, https:\/\/www.ac-germania.com\/A_ACG\/wordpress\/wp-content\/uploads\/2025\/08\/a12954d4-ed77-4642-9f79-7a259de6de47-225x300.jpeg 225w, https:\/\/www.ac-germania.com\/A_ACG\/wordpress\/wp-content\/uploads\/2025\/08\/a12954d4-ed77-4642-9f79-7a259de6de47-768x1024.jpeg 768w, https:\/\/www.ac-germania.com\/A_ACG\/wordpress\/wp-content\/uploads\/2025\/08\/a12954d4-ed77-4642-9f79-7a259de6de47-1152x1536.jpeg 1152w, https:\/\/www.ac-germania.com\/A_ACG\/wordpress\/wp-content\/uploads\/2025\/08\/a12954d4-ed77-4642-9f79-7a259de6de47-113x150.jpeg 113w\" sizes=\"auto, (max-width: 1200px) 100vw, 1200px\" \/><\/p>\n<p style=\"text-align: center;\"><img loading=\"lazy\" decoding=\"async\" class=\"aligncenter wp-image-2003\" style=\"border: 1px solid black;\" src=\"https:\/\/www.ac-germania.com\/A_ACG\/wordpress\/wp-content\/uploads\/2013\/12\/acg_freizeitsport_sauna_003.jpg\" alt=\"acg_freizeitsport_sauna_003\" width=\"800\" height=\"555\" srcset=\"https:\/\/www.ac-germania.com\/A_ACG\/wordpress\/wp-content\/uploads\/2013\/12\/acg_freizeitsport_sauna_003.jpg 800w, https:\/\/www.ac-germania.com\/A_ACG\/wordpress\/wp-content\/uploads\/2013\/12\/acg_freizeitsport_sauna_003-300x208.jpg 300w, https:\/\/www.ac-germania.com\/A_ACG\/wordpress\/wp-content\/uploads\/2013\/12\/acg_freizeitsport_sauna_003-150x104.jpg 150w\" sizes=\"auto, (max-width: 800px) 100vw, 800px\" \/><\/p>\n<p style=\"text-align: center;\"><a href=\"https:\/\/www.ac-germania.com\/A_ACG\/wordpress\/wp-content\/uploads\/2013\/12\/acg_freizeitsport_sauna_004.jpg\"><img loading=\"lazy\" decoding=\"async\" class=\"aligncenter wp-image-2004\" style=\"border: 1px solid black;\" src=\"https:\/\/www.ac-germania.com\/A_ACG\/wordpress\/wp-content\/uploads\/2013\/12\/acg_freizeitsport_sauna_004.jpg\" alt=\"acg_freizeitsport_sauna_004\" width=\"800\" height=\"600\" srcset=\"https:\/\/www.ac-germania.com\/A_ACG\/wordpress\/wp-content\/uploads\/2013\/12\/acg_freizeitsport_sauna_004.jpg 800w, https:\/\/www.ac-germania.com\/A_ACG\/wordpress\/wp-content\/uploads\/2013\/12\/acg_freizeitsport_sauna_004-300x225.jpg 300w, https:\/\/www.ac-germania.com\/A_ACG\/wordpress\/wp-content\/uploads\/2013\/12\/acg_freizeitsport_sauna_004-150x112.jpg 150w\" sizes=\"auto, (max-width: 800px) 100vw, 800px\" \/><\/a><\/p>\n","protected":false},"excerpt":{"rendered":"<p>Sauna Saunazeit: Donnerstag 18.00 &#8211; 21.00 Uhr F\u00fcr die Saunabenutzung fallen pro Saunatag 2,00 \u20ac f\u00fcr Mitglieder an. Unsere Sauna bietet Platz f\u00fcr 8-10 Personen, au\u00dferdem steht den Mitgliedern ein Ruheraum zum Entspannen zur Verf\u00fcgung.<\/p>\n","protected":false},"author":2,"featured_media":0,"parent":139,"menu_order":0,"comment_status":"closed","ping_status":"closed","template":"","meta":{"footnotes":""},"class_list":["post-154","page","type-page","status-publish","hentry"],"_links":{"self":[{"href":"https:\/\/www.ac-germania.com\/index.php?rest_route=\/wp\/v2\/pages\/154","targetHints":{"allow":["GET"]}}],"collection":[{"href":"https:\/\/www.ac-germania.com\/index.php?rest_route=\/wp\/v2\/pages"}],"about":[{"href":"https:\/\/www.ac-germania.com\/index.php?rest_route=\/wp\/v2\/types\/page"}],"author":[{"embeddable":true,"href":"https:\/\/www.ac-germania.com\/index.php?rest_route=\/wp\/v2\/users\/2"}],"replies":[{"embeddable":true,"href":"https:\/\/www.ac-germania.com\/index.php?rest_route=%2Fwp%2Fv2%2Fcomments&post=154"}],"version-history":[{"count":4,"href":"https:\/\/www.ac-germania.com\/index.php?rest_route=\/wp\/v2\/pages\/154\/revisions"}],"predecessor-version":[{"id":12343,"href":"https:\/\/www.ac-germania.com\/index.php?rest_route=\/wp\/v2\/pages\/154\/revisions\/12343"}],"up":[{"embeddable":true,"href":"https:\/\/www.ac-germania.com\/index.php?rest_route=\/wp\/v2\/pages\/139"}],"wp:attachment":[{"href":"https:\/\/www.ac-germania.com\/index.php?rest_route=%2Fwp%2Fv2%2Fmedia&parent=154"}],"curies":[{"name":"wp","href":"https:\/\/api.w.org\/{rel}","templated":true}]}}