{"id":1410,"date":"2013-06-26T14:39:22","date_gmt":"2013-06-26T12:39:22","guid":{"rendered":"http:\/\/www.ac-germania.com\/A_ACG\/wordpress\/?page_id=1410"},"modified":"2013-06-26T14:41:56","modified_gmt":"2013-06-26T12:41:56","slug":"ringer-bei-sportstatten-baumasnahmen-aktiv-im-einsatz","status":"publish","type":"page","link":"https:\/\/www.ac-germania.com\/?page_id=1410","title":{"rendered":"Ringer bei Sportst\u00e4tten-Bauma\u00dfnahmen aktiv im Einsatz"},"content":{"rendered":"<h2><strong>Ringer bei Sportst\u00e4tten-Bauma\u00dfnahmen aktiv im Einsatz<\/strong><\/h2>\n<p>Das Sportlerlager der Ringer und Gewichtheber nimmt mit seinen Aktivit\u00e4ten bei der eigenst\u00e4ndigen Schaffung vielseitiger Bedingungen zur Erm\u00f6glichung eines allseitig sportlich kulturellen Lebens einen anerkannt festen Platz in der Stadt Artern ein.<\/p>\n<p>Schwerpunkte dabei waren solche Bet\u00e4tigungsfelder wie&#8230;<\/p>\n<h2><strong>1919<\/strong><\/h2>\n<p>Der Ausbau von Kellerr\u00e4umen beim Gastwirt Alfred Weise in der Reinsdorfer Stra\u00dfe f\u00fcr den Vereins- Sportbetrieb. Eigenleistungen der Mitglieder:\u00a0 ca. 480 Arbeitsstunden<\/p>\n<h2><strong>1928 bis 1929<\/strong><\/h2>\n<p>Zweimalige Herrichtung des Innenraums der Veitskirche f\u00fcr den Vereins- und weiteren Sportbetrieb in Artern.<\/p>\n<h2><strong>1939\u00a0\u00a0\u00a0\u00a0\u00a0\u00a0\u00a0\u00a0\u00a0\u00a0\u00a0<\/strong><\/h2>\n<p>Eigenleistungen der Mitglieder:\u00a0 ca. 900 Arbeitsstunden<\/p>\n<h2><strong>1931 und 1932<\/strong><\/h2>\n<p>Umbau der Ziegelei in der Unstrutstra\u00dfe zur Athletensporthalle f\u00fcr den Vereinssportbetrieb. In dieser Sportst\u00e4tte wurde auch dem<\/p>\n<h2><strong>1932\u00a0<\/strong><\/h2>\n<p>Arterner Turnverein der \u00dcbungsbetrieb erm\u00f6glicht.<\/p>\n<p>Eigenleistungen der Mitglieder: ca. 4.200 Arbeitsstunden und 3.900,00 Deutsche Reichsmark Geldspenden \u00fcber sogenannte \u201eBaustein-Zertifikate\u201c.<\/p>\n<h2>\u00a0<strong>1952 und 1953<\/strong><\/h2>\n<p>Abholzen, Abtragen und Planieren eines Hanggebietes im Salinepark f\u00fcr den Bau der Werner- Seelenbinder-Freilichtb\u00fchne zur Nutzung f\u00fcr sportliche und kulturelle Veranstaltungen. Eigenleistungen der Mitglieder: 7.600 Arbeitsstunden<\/p>\n<h2><strong>1957 und 1958<\/strong><\/h2>\n<p>Umbau bzw. Erweiterung des Turnhallentraktes Unstrutstra\u00dfe f\u00fcr den Vereins- und weiteren Sport- betrieb in Artern. Eigenleistungen der Mitglieder: 2.100 Arbeitsstunden<\/p>\n<h2><strong>1975 bis 1988<\/strong><\/h2>\n<p>Schrittweiser Um-, Aus- und Neubau in der Unstrutstra\u00dfe zum Haus der Ringer f\u00fcr den Vereinssport- betrieb. Eigenleistungen der Mitglieder: 65.400 Arbeitsstunden und 380.000,00 DM Vereins- f\u00f6rdermittel einschlie\u00dflich Vereinsmittel.<\/p>\n<h2><strong>1996 bis 1997<\/strong><\/h2>\n<p>Bau der neuen Ringerhalle in der Unstrutstra\u00dfe einschlie\u00dflich Sanit\u00e4rtrakt zur Nutzung f\u00fcr den Vereins- und weiteren Sportbetrieb in Artern sowie Sanierungsma\u00dfnahmen im Haus der Ringer von 1997 bis 1999. Eigenleistungen der Mitglieder: 7.800 Arbeitsstunden und 410.000,00 DM Vereinsf\u00f6rder- mittel einschlie\u00dflich Vereinsmittel.<\/p>\n<p>Und so handelten unsere Schwerathleten \u00fcber die Jahrzehnte nach der Devise:<\/p>\n<p><strong>\u201eWir warten nicht nur darauf, dass jemand etwas f\u00fcr uns tut, sondern wir packen\u2019s selber an\u201c<\/strong><\/p>\n","protected":false},"excerpt":{"rendered":"<p>Ringer bei Sportst\u00e4tten-Bauma\u00dfnahmen aktiv im Einsatz Das Sportlerlager der Ringer und Gewichtheber nimmt mit seinen Aktivit\u00e4ten bei der eigenst\u00e4ndigen Schaffung vielseitiger Bedingungen zur Erm\u00f6glichung eines allseitig sportlich kulturellen Lebens einen anerkannt festen Platz in der Stadt Artern ein. Schwerpunkte dabei waren solche Bet\u00e4tigungsfelder wie&#8230; 1919 Der Ausbau von Kellerr\u00e4umen beim \u2026 <a class=\"continue-reading-link\" href=\"https:\/\/www.ac-germania.com\/?page_id=1410\">Weiterlesen <span class=\"meta-nav\">&rarr; <\/span><\/a><\/p>\n","protected":false},"author":1,"featured_media":0,"parent":175,"menu_order":0,"comment_status":"closed","ping_status":"closed","template":"","meta":{"footnotes":""},"class_list":["post-1410","page","type-page","status-publish","hentry"],"_links":{"self":[{"href":"https:\/\/www.ac-germania.com\/index.php?rest_route=\/wp\/v2\/pages\/1410","targetHints":{"allow":["GET"]}}],"collection":[{"href":"https:\/\/www.ac-germania.com\/index.php?rest_route=\/wp\/v2\/pages"}],"about":[{"href":"https:\/\/www.ac-germania.com\/index.php?rest_route=\/wp\/v2\/types\/page"}],"author":[{"embeddable":true,"href":"https:\/\/www.ac-germania.com\/index.php?rest_route=\/wp\/v2\/users\/1"}],"replies":[{"embeddable":true,"href":"https:\/\/www.ac-germania.com\/index.php?rest_route=%2Fwp%2Fv2%2Fcomments&post=1410"}],"version-history":[{"count":0,"href":"https:\/\/www.ac-germania.com\/index.php?rest_route=\/wp\/v2\/pages\/1410\/revisions"}],"up":[{"embeddable":true,"href":"https:\/\/www.ac-germania.com\/index.php?rest_route=\/wp\/v2\/pages\/175"}],"wp:attachment":[{"href":"https:\/\/www.ac-germania.com\/index.php?rest_route=%2Fwp%2Fv2%2Fmedia&parent=1410"}],"curies":[{"name":"wp","href":"https:\/\/api.w.org\/{rel}","templated":true}]}}