{"id":139,"date":"2013-04-17T22:45:27","date_gmt":"2013-04-17T20:45:27","guid":{"rendered":"http:\/\/www.ac-germania.com\/A_ACG\/wordpress\/?page_id=139"},"modified":"2022-01-12T14:26:05","modified_gmt":"2022-01-12T13:26:05","slug":"freizeitsport","status":"publish","type":"page","link":"https:\/\/www.ac-germania.com\/?page_id=139","title":{"rendered":"Freizeitsport"},"content":{"rendered":"<h2><strong>Unser Freizeitsportprogramm<\/strong><\/h2>\n<p>Beim AC Germania wird nicht nur gerungen,\u00a0es gibt auch ein gro\u00dfes Angebot an Freizeitsportm\u00f6glichkeiten. Hier kann\u00a0 selbstverst\u00e4ndlich jeder mitmachen und trainieren wer Lust am Sport hat. Voraussetzung ist nat\u00fcrlich die Mitgliedschaft beim AC Germania.<\/p>\n<p>Folgende Freizeitsportm\u00f6glichkeiten gibt es beim AC Germania:<\/p>\n<ul>\n<li><a title=\"Kraftsport\" href=\"https:\/\/www.ac-germania.com\/A_ACG\/wordpress\/?page_id=145\">Gewichtheben \/ Kraftsport<\/a><\/li>\n<li><a href=\"https:\/\/www.ac-germania.com\/?page_id=142\">Freizeitfu\u00dfball<\/a><\/li>\n<li><a href=\"https:\/\/www.ac-germania.com\/?page_id=8059\">Freizeitvolleyball<\/a><\/li>\n<li><a href=\"https:\/\/www.ac-germania.com\/A_ACG\/wordpress\/?page_id=151\">Prellball<\/a><\/li>\n<li><a href=\"https:\/\/www.ac-germania.com\/A_ACG\/wordpress\/?page_id=154\">Sauna<\/a><\/li>\n<\/ul>\n<p>Sie sind noch kein Mitglied und m\u00f6chten an unserem Freizeitsportangebot teilnehmen?<\/p>\n<p><a title=\"Mitglied werden\" href=\"https:\/\/www.ac-germania.com\/A_ACG\/wordpress\/?page_id=47\">&gt;&gt; Hier finden Sie unsere aktuelle Beitragsordnung<\/a><\/p>\n","protected":false},"excerpt":{"rendered":"<p>Unser Freizeitsportprogramm Beim AC Germania wird nicht nur gerungen,\u00a0es gibt auch ein gro\u00dfes Angebot an Freizeitsportm\u00f6glichkeiten. Hier kann\u00a0 selbstverst\u00e4ndlich jeder mitmachen und trainieren wer Lust am Sport hat. Voraussetzung ist nat\u00fcrlich die Mitgliedschaft beim AC Germania. Folgende Freizeitsportm\u00f6glichkeiten gibt es beim AC Germania: Gewichtheben \/ Kraftsport Freizeitfu\u00dfball Freizeitvolleyball Prellball Sauna \u2026 <a class=\"continue-reading-link\" href=\"https:\/\/www.ac-germania.com\/?page_id=139\">Weiterlesen <span class=\"meta-nav\">&rarr; <\/span><\/a><\/p>\n","protected":false},"author":1,"featured_media":0,"parent":0,"menu_order":0,"comment_status":"closed","ping_status":"closed","template":"","meta":{"footnotes":""},"class_list":["post-139","page","type-page","status-publish","hentry"],"_links":{"self":[{"href":"https:\/\/www.ac-germania.com\/index.php?rest_route=\/wp\/v2\/pages\/139","targetHints":{"allow":["GET"]}}],"collection":[{"href":"https:\/\/www.ac-germania.com\/index.php?rest_route=\/wp\/v2\/pages"}],"about":[{"href":"https:\/\/www.ac-germania.com\/index.php?rest_route=\/wp\/v2\/types\/page"}],"author":[{"embeddable":true,"href":"https:\/\/www.ac-germania.com\/index.php?rest_route=\/wp\/v2\/users\/1"}],"replies":[{"embeddable":true,"href":"https:\/\/www.ac-germania.com\/index.php?rest_route=%2Fwp%2Fv2%2Fcomments&post=139"}],"version-history":[{"count":5,"href":"https:\/\/www.ac-germania.com\/index.php?rest_route=\/wp\/v2\/pages\/139\/revisions"}],"predecessor-version":[{"id":8067,"href":"https:\/\/www.ac-germania.com\/index.php?rest_route=\/wp\/v2\/pages\/139\/revisions\/8067"}],"wp:attachment":[{"href":"https:\/\/www.ac-germania.com\/index.php?rest_route=%2Fwp%2Fv2%2Fmedia&parent=139"}],"curies":[{"name":"wp","href":"https:\/\/api.w.org\/{rel}","templated":true}]}}