{"id":1295,"date":"2013-06-20T11:17:59","date_gmt":"2013-06-20T09:17:59","guid":{"rendered":"http:\/\/www.ac-germania.com\/A_ACG\/wordpress\/?page_id=1295"},"modified":"2013-06-25T23:22:19","modified_gmt":"2013-06-25T21:22:19","slug":"was-ist-ringen","status":"publish","type":"page","link":"https:\/\/www.ac-germania.com\/?page_id=1295","title":{"rendered":"Was ist Ringen"},"content":{"rendered":"<p><strong>Ringen ist ein Kampf- und Kraftsport mit Ganzk\u00f6rpereinsatz ohne weitere Hilfsmittel.<\/strong><\/p>\n<p><img loading=\"lazy\" decoding=\"async\" class=\" wp-image-1296 alignnone\" style=\"border: 1px solid black;\" alt=\"\" src=\"https:\/\/www.ac-germania.com\/A_ACG\/wordpress\/wp-content\/uploads\/2013\/06\/ringen_antike.jpg\" width=\"799\" height=\"315\" srcset=\"https:\/\/www.ac-germania.com\/A_ACG\/wordpress\/wp-content\/uploads\/2013\/06\/ringen_antike.jpg 799w, https:\/\/www.ac-germania.com\/A_ACG\/wordpress\/wp-content\/uploads\/2013\/06\/ringen_antike-300x118.jpg 300w, https:\/\/www.ac-germania.com\/A_ACG\/wordpress\/wp-content\/uploads\/2013\/06\/ringen_antike-250x98.jpg 250w\" sizes=\"auto, (max-width: 799px) 100vw, 799px\" \/><\/p>\n<p><strong>Geschichte des Ringens<\/strong><\/p>\n<p>Bei den Olympischen Spielen der Antike geh\u00f6rte das Ringen unter dem Namen \u201ePale\u201c zu den Disziplinen des F\u00fcnfkampfs. Dar\u00fcber hinaus war das Ringen aber auch Einzeldisziplin. In der Antike traten die Athleten beim Ringkampf nackt an. Sie wurden nicht in verschiedene Gewichtsklassen eingeteilt. Derjenige, der den Gegner zuerst dreimal auf den Boden warf, war Sieger. Im Gegensatz zu heute gab es beim Ringen keinen Bodenkampf.<\/p>\n<p>Seit Beginn der Olympischen Spiele der Neuzeit (1896) geh\u00f6rt Ringen zum olympischen Programm. Seit den Olympischen Spielen 2004 ist Freistil-Ringen auch olympische Disziplin f\u00fcr Frauen.<\/p>\n<p>Seit 1950 werden j\u00e4hrlich offizielle Weltmeisterschaften im Ringen veranstaltet. Ausnahme sind jedoch die Jahre, in denen Olympische Sommerspiele stattfinden.<\/p>\n<p><strong>Die Stilarten<\/strong><\/p>\n<p><strong>Freistil:<\/strong><br \/>\nDer gesamte K\u00f6rper, vom Kopf bis zu den F\u00fc\u00dfen, gilt als Angriffsfl\u00e4che. Dieses gilt im Stand- wie auch im Bodenkampf.<\/p>\n<p><strong>Griechisch-R\u00f6misch (kurz auch Greco):<\/strong><br \/>\nNur der K\u00f6rper oberhalb der G\u00fcrtellinie gilt als Angriffsfl\u00e4che. Dieses gilt im Stand- wie auch im Bodenkampf.<\/p>\n<p>Die Regeln zielen darauf hin, den Gegner aus dem Stand in die Bodenlage und mit beiden Schultern auf die Matte zu bringen. Dabei kommen als Techniken W\u00fcrfe, Schleudern und Hebel zum Einsatz. Schl\u00e4ge, Tritte, St\u00f6\u00dfe und W\u00fcrgen sind verboten. Die Kampfleitung und die Wertung der Griffkombinationen \u00fcbernimmt der Kampfrichter oder ein Kampfgericht aus drei Wertungsrichtern. Sieger ist, wer am Ende der Kampfzeit die meisten Punkte gesammelt hat oder vorher seinen Konkurrenten auf beide Schultern gebracht (\u201egeschultert\u201c oder &#8222;gepinnt&#8220;) hat.<\/p>\n<p><strong>Mannschaftsk\u00e4mpfe<\/strong><\/p>\n<p>Ringen wird auch als Mannschaftssport ausgetragen, hier treten jeweils zwei Teams gegeneinander an. Jedes Team stellt in der Regel pro Gewichtsklasse zwei Starter auf, da sowohl im Freistil als auch im griechisch-r\u00f6mischen Stil gerungen wird. F\u00fcr das Gesamtergebnis werden die einzelnen gewonnenen Runden addiert. Ausnahme bilden der Schultersieg, die technische \u00dcberlegenheit, Aufgabe und Disqualifikation eines Ringers. Diese werden im Gesamtergebnis mit 4:0 f\u00fcr den Sieger gewertet. Werden beide Ringer vom Kampfrichter disqualifiziert, werden keine Punkte vergeben.<\/p>\n<p>Einmal im Jahr finden die Deutschen Mannschaftsmeisterschaften der Frauen statt, bei welchen ausnahmslos Auswahlmannschaften der verschiedenen Bundesl\u00e4nder gegeneinander antreten. Die K\u00e4mpfe finden nur im freien Stil statt.<\/p>\n<p><img loading=\"lazy\" decoding=\"async\" class=\" wp-image-1391 alignnone\" style=\"border: 1px solid black;\" alt=\"ringen_kran_von_schiffersta\" src=\"https:\/\/www.ac-germania.com\/A_ACG\/wordpress\/wp-content\/uploads\/2013\/06\/ringen_kran_von_schiffersta.jpg\" width=\"700\" height=\"525\" srcset=\"https:\/\/www.ac-germania.com\/A_ACG\/wordpress\/wp-content\/uploads\/2013\/06\/ringen_kran_von_schiffersta.jpg 700w, https:\/\/www.ac-germania.com\/A_ACG\/wordpress\/wp-content\/uploads\/2013\/06\/ringen_kran_von_schiffersta-300x225.jpg 300w, https:\/\/www.ac-germania.com\/A_ACG\/wordpress\/wp-content\/uploads\/2013\/06\/ringen_kran_von_schiffersta-200x150.jpg 200w, https:\/\/www.ac-germania.com\/A_ACG\/wordpress\/wp-content\/uploads\/2013\/06\/ringen_kran_von_schiffersta-500x375.jpg 500w\" sizes=\"auto, (max-width: 700px) 100vw, 700px\" \/><br \/>\n<em>Eines der bekanntesten Bilder der Deutschen Ringergeschichte! Wilfried Dietrich &#8222;Der Kran von Schifferstadt&#8220; (1933\/1992) z\u00e4hlt zu den erfolgreichsten Deutschen Ringern und landete hier bei den Olympischen Spielen 1972 in M\u00fcnchen einen sensationellen Schultersieg gegen den amerikanischen 182-kg-Koloss<sup id=\"cite_ref-1\"><\/sup> Chris Taylor.<\/em><\/p>\n","protected":false},"excerpt":{"rendered":"<p>Ringen ist ein Kampf- und Kraftsport mit Ganzk\u00f6rpereinsatz ohne weitere Hilfsmittel. Geschichte des Ringens Bei den Olympischen Spielen der Antike geh\u00f6rte das Ringen unter dem Namen \u201ePale\u201c zu den Disziplinen des F\u00fcnfkampfs. Dar\u00fcber hinaus war das Ringen aber auch Einzeldisziplin. In der Antike traten die Athleten beim Ringkampf nackt an. \u2026 <a class=\"continue-reading-link\" href=\"https:\/\/www.ac-germania.com\/?page_id=1295\">Weiterlesen <span class=\"meta-nav\">&rarr; <\/span><\/a><\/p>\n","protected":false},"author":1,"featured_media":0,"parent":678,"menu_order":0,"comment_status":"closed","ping_status":"closed","template":"","meta":{"footnotes":""},"class_list":["post-1295","page","type-page","status-publish","hentry"],"_links":{"self":[{"href":"https:\/\/www.ac-germania.com\/index.php?rest_route=\/wp\/v2\/pages\/1295","targetHints":{"allow":["GET"]}}],"collection":[{"href":"https:\/\/www.ac-germania.com\/index.php?rest_route=\/wp\/v2\/pages"}],"about":[{"href":"https:\/\/www.ac-germania.com\/index.php?rest_route=\/wp\/v2\/types\/page"}],"author":[{"embeddable":true,"href":"https:\/\/www.ac-germania.com\/index.php?rest_route=\/wp\/v2\/users\/1"}],"replies":[{"embeddable":true,"href":"https:\/\/www.ac-germania.com\/index.php?rest_route=%2Fwp%2Fv2%2Fcomments&post=1295"}],"version-history":[{"count":0,"href":"https:\/\/www.ac-germania.com\/index.php?rest_route=\/wp\/v2\/pages\/1295\/revisions"}],"up":[{"embeddable":true,"href":"https:\/\/www.ac-germania.com\/index.php?rest_route=\/wp\/v2\/pages\/678"}],"wp:attachment":[{"href":"https:\/\/www.ac-germania.com\/index.php?rest_route=%2Fwp%2Fv2%2Fmedia&parent=1295"}],"curies":[{"name":"wp","href":"https:\/\/api.w.org\/{rel}","templated":true}]}}