{"id":1204,"date":"2013-06-19T20:22:26","date_gmt":"2013-06-19T18:22:26","guid":{"rendered":"http:\/\/www.ac-germania.com\/A_ACG\/wordpress\/?page_id=1204"},"modified":"2013-06-19T20:25:53","modified_gmt":"2013-06-19T18:25:53","slug":"kader-1-mannschaft-1996-thuringenliga","status":"publish","type":"page","link":"https:\/\/www.ac-germania.com\/?page_id=1204","title":{"rendered":"1996 | 1. Mannschaft"},"content":{"rendered":"<h2 style=\"text-align: center;\"><strong>Kader 1. Mannschaft 1996 | Th\u00fcringenliga<\/strong><\/h2>\n<p><img loading=\"lazy\" decoding=\"async\" class=\"size-full wp-image-1205 aligncenter\" style=\"border: 1px solid black;\" alt=\"1996-ACG-Team-Thueringenliga\" src=\"https:\/\/www.ac-germania.com\/A_ACG\/wordpress\/wp-content\/uploads\/2013\/06\/1996-ACG-Team-Thueringenliga.jpg\" width=\"600\" height=\"437\" srcset=\"https:\/\/www.ac-germania.com\/A_ACG\/wordpress\/wp-content\/uploads\/2013\/06\/1996-ACG-Team-Thueringenliga.jpg 600w, https:\/\/www.ac-germania.com\/A_ACG\/wordpress\/wp-content\/uploads\/2013\/06\/1996-ACG-Team-Thueringenliga-300x218.jpg 300w, https:\/\/www.ac-germania.com\/A_ACG\/wordpress\/wp-content\/uploads\/2013\/06\/1996-ACG-Team-Thueringenliga-205x150.jpg 205w\" sizes=\"auto, (max-width: 600px) 100vw, 600px\" \/><\/p>\n<p align=\"center\">Obere Reihe (v.l.): Dirk Michel, Alexander Reinshaus, Peter Steinbr\u00fcck, Steffen Steinbr\u00fcck, Torsten Grosche, Uwe B\u00fcttner<br \/>\nMittlere Reihe (v.l.): Steffen G\u00fcnther, Axel B\u00fcttner, Heiko Kupfernagel, Norman Finke, Steffen Friedrich, Frank Riese, Maik Neubauer, Gerhard G\u00fcnther (Trainer)<br \/>\nUntere Reihe (v.l.): Mario Panitzsch, Kai Schmiedehausen, Stefan Bernhardt, Marko Eichentopf, Marcel T\u00f6pfer<\/p>\n","protected":false},"excerpt":{"rendered":"<p>Kader 1. Mannschaft 1996 | Th\u00fcringenliga Obere Reihe (v.l.): Dirk Michel, Alexander Reinshaus, Peter Steinbr\u00fcck, Steffen Steinbr\u00fcck, Torsten Grosche, Uwe B\u00fcttner Mittlere Reihe (v.l.): Steffen G\u00fcnther, Axel B\u00fcttner, Heiko Kupfernagel, Norman Finke, Steffen Friedrich, Frank Riese, Maik Neubauer, Gerhard G\u00fcnther (Trainer) Untere Reihe (v.l.): Mario Panitzsch, Kai Schmiedehausen, Stefan Bernhardt, \u2026 <a class=\"continue-reading-link\" href=\"https:\/\/www.ac-germania.com\/?page_id=1204\">Weiterlesen <span class=\"meta-nav\">&rarr; <\/span><\/a><\/p>\n","protected":false},"author":1,"featured_media":0,"parent":178,"menu_order":0,"comment_status":"closed","ping_status":"closed","template":"template-onecolumn.php","meta":{"footnotes":""},"class_list":["post-1204","page","type-page","status-publish","hentry"],"_links":{"self":[{"href":"https:\/\/www.ac-germania.com\/index.php?rest_route=\/wp\/v2\/pages\/1204","targetHints":{"allow":["GET"]}}],"collection":[{"href":"https:\/\/www.ac-germania.com\/index.php?rest_route=\/wp\/v2\/pages"}],"about":[{"href":"https:\/\/www.ac-germania.com\/index.php?rest_route=\/wp\/v2\/types\/page"}],"author":[{"embeddable":true,"href":"https:\/\/www.ac-germania.com\/index.php?rest_route=\/wp\/v2\/users\/1"}],"replies":[{"embeddable":true,"href":"https:\/\/www.ac-germania.com\/index.php?rest_route=%2Fwp%2Fv2%2Fcomments&post=1204"}],"version-history":[{"count":0,"href":"https:\/\/www.ac-germania.com\/index.php?rest_route=\/wp\/v2\/pages\/1204\/revisions"}],"up":[{"embeddable":true,"href":"https:\/\/www.ac-germania.com\/index.php?rest_route=\/wp\/v2\/pages\/178"}],"wp:attachment":[{"href":"https:\/\/www.ac-germania.com\/index.php?rest_route=%2Fwp%2Fv2%2Fmedia&parent=1204"}],"curies":[{"name":"wp","href":"https:\/\/api.w.org\/{rel}","templated":true}]}}